{"id":10072,"date":"2023-07-26T16:23:16","date_gmt":"2023-07-26T22:23:16","guid":{"rendered":"https:\/\/fiatmachinery.com\/?post_type=product&#038;p=10072"},"modified":"2024-05-31T13:54:24","modified_gmt":"2024-05-31T19:54:24","slug":"soldadora-mma-rivoli220","status":"publish","type":"product","link":"https:\/\/fiatmachinery.com\/en\/producto\/soldadora-mma-rivoli220\/","title":{"rendered":"SOLDADORA MMA RIVOLI220"},"content":{"rendered":"<p style=\"text-align: left\"><strong>Soldadora MMA, 220A, 110\/220V<\/strong><\/p>\n","protected":false},"excerpt":{"rendered":"<p><strong><span style=\"color: #a2014c\"><img loading=\"lazy\" decoding=\"async\" class=\"alignnone size-full wp-image-4638\" src=\"https:\/\/fiatmachinery.com\/wp-content\/uploads\/2022\/05\/Bandera-fiat-3.png\" alt=\"\" width=\"40\" height=\"31\" \/>Fiat Professional &#8211; RIVOLI220<\/span><\/strong><\/p>\n<p>Rivoli 250 es un equipo con un poder sin precedentes, con la m\u00e1s alta calidad, tecnolog\u00eda y eficiencia, de uso industrial, capas de auto regular el amperaje de acuerdo al electrodo que se le programa.\u00a0 Perfecci\u00f3n italiana en su m\u00e1xima expresi\u00f3n, Devora electrodos celul\u00f3sicos con facilidad. Cuenta con amper\u00edmetro LCD, porta electrodo y pinza\u00a0 tierra de uso industrial.<\/p>\n<p><b>Caracter\u00edsticas<\/b><strong>:<\/strong><\/p>\n<ul>\n<li>Proceso: MMA\/TIG LIF .<\/li>\n<li>Voltaje de entrada: 110V \/ 220V.<\/li>\n<li>Amperaje: 220A.<\/li>\n<li>Conectores: 1\/2&#8243;.<\/li>\n<li>Amper\u00edmetro: LCD.<\/li>\n<li>Peso: 9 kg.<\/li>\n<li>Empaque: 52 x 27 x 38 cm<\/li>\n<\/ul>\n<p>Incluye:<\/p>\n<ul>\n<li>1 Porta electrodo.<\/li>\n<li>1 Pinza Tierra<\/li>\n<\/ul>\n<p>&nbsp;<\/p>\n","protected":false},"featured_media":10073,"template":"","meta":[],"product_cat":[76,227,335],"product_tag":[903,904,902,901,899,900],"class_list":{"0":"post-10072","1":"product","2":"type-product","3":"status-publish","4":"has-post-thumbnail","6":"product_cat-soldadoras","7":"product_cat-soldadora-mma","8":"product_cat-uso-profesional-soldadora-mma","9":"product_tag-caretas-electronicas","10":"product_tag-cortadora-laser","11":"product_tag-cortadora-plasma","12":"product_tag-soldadora-mig","13":"product_tag-soldadora-mma","14":"product_tag-soldadora-tig","16":"first","17":"instock","18":"shipping-taxable","19":"product-type-simple"},"_links":{"self":[{"href":"https:\/\/fiatmachinery.com\/en\/wp-json\/wp\/v2\/product\/10072"}],"collection":[{"href":"https:\/\/fiatmachinery.com\/en\/wp-json\/wp\/v2\/product"}],"about":[{"href":"https:\/\/fiatmachinery.com\/en\/wp-json\/wp\/v2\/types\/product"}],"wp:featuredmedia":[{"embeddable":true,"href":"https:\/\/fiatmachinery.com\/en\/wp-json\/wp\/v2\/media\/10073"}],"wp:attachment":[{"href":"https:\/\/fiatmachinery.com\/en\/wp-json\/wp\/v2\/media?parent=10072"}],"wp:term":[{"taxonomy":"product_cat","embeddable":true,"href":"https:\/\/fiatmachinery.com\/en\/wp-json\/wp\/v2\/product_cat?post=10072"},{"taxonomy":"product_tag","embeddable":true,"href":"https:\/\/fiatmachinery.com\/en\/wp-json\/wp\/v2\/product_tag?post=10072"}],"curies":[{"name":"wp","href":"https:\/\/api.w.org\/{rel}","templated":true}]}}