{"id":10419,"date":"2023-10-09T13:49:39","date_gmt":"2023-10-09T19:49:39","guid":{"rendered":"https:\/\/fiatmachinery.com\/?post_type=product&#038;p=10419"},"modified":"2025-03-07T11:18:37","modified_gmt":"2025-03-07T17:18:37","slug":"generador-a-gasolina-tuono-12","status":"publish","type":"product","link":"https:\/\/fiatmachinery.com\/en\/producto\/generador-a-gasolina-tuono-12\/","title":{"rendered":"GENERADOR A GASOLINA TUONO 12"},"content":{"rendered":"<p style=\"text-align: left\">Los generadores a gasolina TUONO 12, son potentes y vers\u00e1tiles, ideales para el uso en la industria metal mec\u00e1nica, construcci\u00f3n y cualquier necesidad de suministro de energ\u00eda. Con su perfecto dise\u00f1o italiano y embobinado de cobre, le brindan la satisfacci\u00f3n total para el uso que necesite.<\/p>\n","protected":false},"excerpt":{"rendered":"<p><strong><span style=\"color: #a2014c\"><img loading=\"lazy\" decoding=\"async\" class=\"alignnone size-full wp-image-4638\" src=\"https:\/\/fiatmachinery.com\/wp-content\/uploads\/2022\/05\/Bandera-fiat-3.png\" alt=\"\" width=\"40\" height=\"31\" \/><\/span><span style=\"color: #993366\">Fiat Professional &#8211; TUONO 12<\/span><\/strong><\/p>\n<p>Los generadores a gasolina TUONO, son potentes y vers\u00e1tiles, ideales para el uso en la industria metal mec\u00e1nica, construcci\u00f3n y cualquier necesidad de suministro de energ\u00eda. Con su perfecto dise\u00f1o italiano y embobinado de cobre, le brindan la satisfacci\u00f3n total para el uso que necesite.<\/p>\n<p><b>Caracter\u00edsticas<\/b><strong>:<\/strong><\/p>\n<div class=\"page\" title=\"Page 1\">\n<div class=\"section\">\n<div class=\"layoutArea\">\n<div class=\"column\">\n<ul>\n<li>MOTORR: 4 TIEMPOS<\/li>\n<li>HP: 22 HP<\/li>\n<li>KW CONTINUOS: 12 KW<\/li>\n<li>KW M\u00c1XIIMO: 13 KW<\/li>\n<li>BREAK DE TRRABAJO: 110 V \/ 220 V \/ 60 Hz 42 A<\/li>\n<li>EMPAQUE: 83 X 66 X 94 CM<\/li>\n<li>PESO: 175 KG<\/li>\n<\/ul>\n<\/div>\n<\/div>\n<div class=\"layoutArea\">\n<div class=\"column\">\n<p>&nbsp;<\/p>\n<div class=\"materialficha\">\n<h3><i class=\"fa fa-download\" aria-hidden=\"true\"><\/i> DESCARGA MATERIAL DIGITAL<\/h3>\n<\/div>\n<div class=\"materialbtn\"><a class=\"myButton\" href=\"https:\/\/drive.google.com\/file\/d\/1GtHJvSDHSTB37CY3PyUnI8YGTxAZ1W__\/view?usp=sharing\">FICHA<br \/>\nTECNICA<\/a><br \/>\n<a class=\"myButton\" href=\"https:\/\/drive.google.com\/file\/d\/1aaGaHaAWZR4MIEREvYAx1dkc-31GrQV1\/view?usp=drive_link\">MANUAL DE<br \/>\nUSUARIO<\/a><br \/>\n<a class=\"myButton\" href=\"#\">MANUAL DE<br \/>\nDESPIECE<\/a><\/div>\n<\/div>\n<\/div>\n<div class=\"layoutArea\"><\/div>\n<\/div>\n<\/div>\n<p>&nbsp;<\/p>\n","protected":false},"featured_media":13151,"template":"","meta":[],"product_cat":[64,234,347],"product_tag":[1066,1068,977,1070],"class_list":{"0":"post-10419","1":"product","2":"type-product","3":"status-publish","4":"has-post-thumbnail","6":"product_cat-construccion-y-generadores","7":"product_cat-generadores-portatiles","8":"product_cat-monofasicos-generadores-portatiles","9":"product_tag-generador","10":"product_tag-monofasico","11":"product_tag-portatil","12":"product_tag-soldadora","14":"first","15":"instock","16":"shipping-taxable","17":"product-type-simple"},"_links":{"self":[{"href":"https:\/\/fiatmachinery.com\/en\/wp-json\/wp\/v2\/product\/10419"}],"collection":[{"href":"https:\/\/fiatmachinery.com\/en\/wp-json\/wp\/v2\/product"}],"about":[{"href":"https:\/\/fiatmachinery.com\/en\/wp-json\/wp\/v2\/types\/product"}],"wp:featuredmedia":[{"embeddable":true,"href":"https:\/\/fiatmachinery.com\/en\/wp-json\/wp\/v2\/media\/13151"}],"wp:attachment":[{"href":"https:\/\/fiatmachinery.com\/en\/wp-json\/wp\/v2\/media?parent=10419"}],"wp:term":[{"taxonomy":"product_cat","embeddable":true,"href":"https:\/\/fiatmachinery.com\/en\/wp-json\/wp\/v2\/product_cat?post=10419"},{"taxonomy":"product_tag","embeddable":true,"href":"https:\/\/fiatmachinery.com\/en\/wp-json\/wp\/v2\/product_tag?post=10419"}],"curies":[{"name":"wp","href":"https:\/\/api.w.org\/{rel}","templated":true}]}}