{"id":10761,"date":"2023-12-01T09:54:58","date_gmt":"2023-12-01T15:54:58","guid":{"rendered":"https:\/\/fiatmachinery.com\/?post_type=product&#038;p=10761"},"modified":"2024-05-31T12:35:53","modified_gmt":"2024-05-31T18:35:53","slug":"trompellotop14","status":"publish","type":"product","link":"https:\/\/fiatmachinery.com\/en\/producto\/trompellotop14\/","title":{"rendered":"MEZCLADORA 1 SACO TROMPELLO TOP 14"},"content":{"rendered":"<p>Las revolvedoras TROMPELLO propulsadas por su potente motor FIAT PROFESSIONAL cuentan con una olla perfectamente balanceada, son sumamente resistentes, con tapa de motor optimizada para f\u00e1cil mantenimiento del motor.<\/p>\n","protected":false},"excerpt":{"rendered":"<p><strong><span style=\"color: #a2014c\"><img loading=\"lazy\" decoding=\"async\" class=\"alignnone size-full wp-image-4638\" src=\"https:\/\/fiatmachinery.com\/wp-content\/uploads\/2022\/05\/Bandera-fiat-3.png\" alt=\"\" width=\"40\" height=\"31\" \/> Fiat Professional &#8211; TROMPELLOTOP14<\/span><\/strong><\/p>\n<p>Mezcladora &#8211; Revolvedora de 1 saco (270 lts) con motor a gasolina 14 hp<\/p>\n<p><b>Caracter\u00edsticas<\/b><strong>:<\/strong><\/p>\n<ul>\n<li>Motor: CAPO 140;<\/li>\n<li>HP: 14<\/li>\n<li>Capacidad: 1 saco<\/li>\n<li>Capacidad de mezclado: 270 lts<\/li>\n<li>Di\u00e1metro de olla: 46 cm<\/li>\n<li>Aspas interiores: 3<\/li>\n<li>Producci\u00f3n: 5 m\u00ac\u2265 x 3 min;<\/li>\n<li>Llantas: 14\u201a\u00c4\u00f9 neum\u00e1ticas<\/li>\n<li>Medidas: 200 x 116 x 140 cm<\/li>\n<li>Peso: 265 kg<\/li>\n<\/ul>\n<p>&nbsp;<\/p>\n<p><a class=\"myButton\" href=\"https:\/\/drive.google.com\/file\/d\/1dul9x4dbYB4OwxL6c9tS_ojD5gHjll9d\/view?usp=sharing\">FICHA<br \/>\nTECNICA<\/a><\/p>\n","protected":false},"featured_media":10746,"template":"","meta":[],"product_cat":[64,1096,174,261],"product_tag":[],"class_list":{"0":"post-10761","1":"product","2":"type-product","3":"status-publish","4":"has-post-thumbnail","6":"product_cat-construccion-y-generadores","7":"product_cat-equipos_para_concreto","8":"product_cat-revolvedoras-mezcladoras","9":"product_cat-para-1-bulto","11":"first","12":"instock","13":"shipping-taxable","14":"product-type-simple"},"_links":{"self":[{"href":"https:\/\/fiatmachinery.com\/en\/wp-json\/wp\/v2\/product\/10761"}],"collection":[{"href":"https:\/\/fiatmachinery.com\/en\/wp-json\/wp\/v2\/product"}],"about":[{"href":"https:\/\/fiatmachinery.com\/en\/wp-json\/wp\/v2\/types\/product"}],"wp:featuredmedia":[{"embeddable":true,"href":"https:\/\/fiatmachinery.com\/en\/wp-json\/wp\/v2\/media\/10746"}],"wp:attachment":[{"href":"https:\/\/fiatmachinery.com\/en\/wp-json\/wp\/v2\/media?parent=10761"}],"wp:term":[{"taxonomy":"product_cat","embeddable":true,"href":"https:\/\/fiatmachinery.com\/en\/wp-json\/wp\/v2\/product_cat?post=10761"},{"taxonomy":"product_tag","embeddable":true,"href":"https:\/\/fiatmachinery.com\/en\/wp-json\/wp\/v2\/product_tag?post=10761"}],"curies":[{"name":"wp","href":"https:\/\/api.w.org\/{rel}","templated":true}]}}