{"id":12062,"date":"2024-05-31T10:00:09","date_gmt":"2024-05-31T16:00:09","guid":{"rendered":"https:\/\/fiatmachinery.com\/?post_type=product&#038;p=12062"},"modified":"2025-03-14T11:15:36","modified_gmt":"2025-03-14T17:15:36","slug":"a-bateria-sopladora-begonie-top","status":"publish","type":"product","link":"https:\/\/fiatmachinery.com\/en\/producto\/a-bateria-sopladora-begonie-top\/","title":{"rendered":"A BATER\u00cdA SOPLADORA BEGONIE TOP"},"content":{"rendered":"<p>Sopladora a bater\u00eda, no incluye cargador ni bater\u00eda<\/p>\n","protected":false},"excerpt":{"rendered":"<p><strong><span style=\"color: #a2014c\"><img loading=\"lazy\" decoding=\"async\" class=\"alignnone size-full wp-image-4638\" src=\"https:\/\/fiatmachinery.com\/wp-content\/uploads\/2022\/05\/Bandera-fiat-3.png\" alt=\"\" width=\"40\" height=\"31\" \/><\/span><span style=\"color: #993366\">Fiat Professional &#8211; BEGONIE TOP<\/span><\/strong><\/p>\n<p>Sopladora a bater\u00eda<\/p>\n<p><b>Caracter\u00edsticas<\/b><strong>:<\/strong><\/p>\n<ul>\n<li>Cantidad de bater\u00edas: 2<\/li>\n<li>Volts: 20V<\/li>\n<li>Velocidad: Sin carga 2300 RPM<\/li>\n<li>Capacidad de desplazamiento de aire: 1020 m3 (600 CFM)<\/li>\n<li>M\u00e1xima velocidad de viento: 240 km\/h<\/li>\n<li>Peso: 2.9 kg<\/li>\n<li>Dimensiones 54 x 31 x 31 cm<\/li>\n<\/ul>\n<p>&nbsp;<\/p>\n","protected":false},"featured_media":12063,"template":"","meta":[],"product_cat":[70,193,286],"product_tag":[978,980,979,995,1012],"class_list":{"0":"post-12062","1":"product","2":"type-product","3":"status-publish","4":"has-post-thumbnail","6":"product_cat-forestal-jardineria-aspersion","7":"product_cat-equipos-a-bateria","8":"product_cat-sopladora","9":"product_tag-cortacesped","10":"product_tag-cortasetos","11":"product_tag-jardineria","12":"product_tag-motosierra","13":"product_tag-multufuncional","15":"first","16":"instock","17":"shipping-taxable","18":"product-type-simple"},"_links":{"self":[{"href":"https:\/\/fiatmachinery.com\/en\/wp-json\/wp\/v2\/product\/12062"}],"collection":[{"href":"https:\/\/fiatmachinery.com\/en\/wp-json\/wp\/v2\/product"}],"about":[{"href":"https:\/\/fiatmachinery.com\/en\/wp-json\/wp\/v2\/types\/product"}],"wp:featuredmedia":[{"embeddable":true,"href":"https:\/\/fiatmachinery.com\/en\/wp-json\/wp\/v2\/media\/12063"}],"wp:attachment":[{"href":"https:\/\/fiatmachinery.com\/en\/wp-json\/wp\/v2\/media?parent=12062"}],"wp:term":[{"taxonomy":"product_cat","embeddable":true,"href":"https:\/\/fiatmachinery.com\/en\/wp-json\/wp\/v2\/product_cat?post=12062"},{"taxonomy":"product_tag","embeddable":true,"href":"https:\/\/fiatmachinery.com\/en\/wp-json\/wp\/v2\/product_tag?post=12062"}],"curies":[{"name":"wp","href":"https:\/\/api.w.org\/{rel}","templated":true}]}}