{"id":12073,"date":"2024-05-31T10:17:02","date_gmt":"2024-05-31T16:17:02","guid":{"rendered":"https:\/\/fiatmachinery.com\/?post_type=product&#038;p=12073"},"modified":"2024-05-31T13:52:28","modified_gmt":"2024-05-31T19:52:28","slug":"a-bateria-motosierra-artemisia-top","status":"publish","type":"product","link":"https:\/\/fiatmachinery.com\/en\/producto\/a-bateria-motosierra-artemisia-top\/","title":{"rendered":"A BATER\u00cdA MOTOSIERRA ARTEMISIA TOP"},"content":{"rendered":"<p>Motosierra a bater\u00eda, no incluye cargador ni bater\u00eda<\/p>\n","protected":false},"excerpt":{"rendered":"<p><strong><span style=\"color: #a2014c\"><img loading=\"lazy\" decoding=\"async\" class=\"alignnone size-full wp-image-4638\" src=\"https:\/\/fiatmachinery.com\/wp-content\/uploads\/2022\/05\/Bandera-fiat-3.png\" alt=\"\" width=\"40\" height=\"31\" \/><\/span><span style=\"color: #993366\">Fiat Professional &#8211; ARTEMISIA TOP<\/span><\/strong><\/p>\n<p>Motosierra a bater\u00eda (solo herramienta)<\/p>\n<p><b>Caracter\u00edsticas<\/b><strong>:<\/strong><\/p>\n<ul>\n<li>Bater\u00eda: 20 V<\/li>\n<li>Capacidad de bater\u00eda: 4.0AH &#8211; 8.0 AH<\/li>\n<li>RPM sin carga: 3800 RPM<\/li>\n<li>Tama\u00f1o de barra: 10&#8243;<\/li>\n<li>Lubricaci\u00f3n: Autom\u00e1tica<\/li>\n<li>Motor: Sin escobillas<\/li>\n<li>Peso: 1.4 Kg<\/li>\n<li>Medidas 46.5 x 33 x 45 cm<\/li>\n<\/ul>\n<p>&nbsp;<\/p>\n","protected":false},"featured_media":12074,"template":"","meta":[],"product_cat":[70,193,284],"product_tag":[979,995],"class_list":{"0":"post-12073","1":"product","2":"type-product","3":"status-publish","4":"has-post-thumbnail","6":"product_cat-forestal-jardineria-aspersion","7":"product_cat-equipos-a-bateria","8":"product_cat-motosierras","9":"product_tag-jardineria","10":"product_tag-motosierra","12":"first","13":"instock","14":"shipping-taxable","15":"product-type-simple"},"_links":{"self":[{"href":"https:\/\/fiatmachinery.com\/en\/wp-json\/wp\/v2\/product\/12073"}],"collection":[{"href":"https:\/\/fiatmachinery.com\/en\/wp-json\/wp\/v2\/product"}],"about":[{"href":"https:\/\/fiatmachinery.com\/en\/wp-json\/wp\/v2\/types\/product"}],"wp:featuredmedia":[{"embeddable":true,"href":"https:\/\/fiatmachinery.com\/en\/wp-json\/wp\/v2\/media\/12074"}],"wp:attachment":[{"href":"https:\/\/fiatmachinery.com\/en\/wp-json\/wp\/v2\/media?parent=12073"}],"wp:term":[{"taxonomy":"product_cat","embeddable":true,"href":"https:\/\/fiatmachinery.com\/en\/wp-json\/wp\/v2\/product_cat?post=12073"},{"taxonomy":"product_tag","embeddable":true,"href":"https:\/\/fiatmachinery.com\/en\/wp-json\/wp\/v2\/product_tag?post=12073"}],"curies":[{"name":"wp","href":"https:\/\/api.w.org\/{rel}","templated":true}]}}