{"id":12080,"date":"2024-05-31T10:39:08","date_gmt":"2024-05-31T16:39:08","guid":{"rendered":"https:\/\/fiatmachinery.com\/?post_type=product&#038;p=12080"},"modified":"2024-05-31T13:52:08","modified_gmt":"2024-05-31T19:52:08","slug":"a-bateria-cortacesped-girasole-top","status":"publish","type":"product","link":"https:\/\/fiatmachinery.com\/en\/producto\/a-bateria-cortacesped-girasole-top\/","title":{"rendered":"A BATER\u00cdA CORTAC\u00c9SPED GIRASOLE TOP"},"content":{"rendered":"<p>Cortacesped podadora a bater\u00eda con motor libre de carbones el cu\u00e1l no requiere mantenimiento y evita el desgaste prematuro. No incluye cargador ni bater\u00eda<\/p>\n","protected":false},"excerpt":{"rendered":"<p><strong><span style=\"color: #a2014c\"><img loading=\"lazy\" decoding=\"async\" class=\"alignnone size-full wp-image-4638\" src=\"https:\/\/fiatmachinery.com\/wp-content\/uploads\/2022\/05\/Bandera-fiat-3.png\" alt=\"\" width=\"40\" height=\"31\" \/> Fiat Professional &#8211; GIRASOLE TOP<\/span><\/strong><\/p>\n<p>Cortacesped podadora a bater\u00eda (solo equipo sin bater\u00edas ni cargador)<\/p>\n<p><b>Caracter\u00edsticas<\/b><strong>:<\/strong><\/p>\n<ul>\n<li>Capacidad de bater\u00eda 4.0AH &#8211; 8.0 AH<\/li>\n<li>Di\u00e1metro de corte 330 mm (13&#8243;)<\/li>\n<li>Capacidad de bolsa 30 L<\/li>\n<li>Alturas de corte 5 niveles (25 mm &#8211; 75 mm)<\/li>\n<li>Llanta delantera 5.5&#8243;<\/li>\n<li>Llanta trasera 6.5&#8243;<\/li>\n<li>Peso bruto 14 Kg<\/li>\n<li>Dimensiones 69 x 41 x 33 cm<\/li>\n<\/ul>\n","protected":false},"featured_media":12081,"template":"","meta":[],"product_cat":[70,193,281],"product_tag":[976,978,986],"class_list":{"0":"post-12080","1":"product","2":"type-product","3":"status-publish","4":"has-post-thumbnail","6":"product_cat-forestal-jardineria-aspersion","7":"product_cat-equipos-a-bateria","8":"product_cat-cortacesped-equipos-a-bateria","9":"product_tag-a-bateria","10":"product_tag-cortacesped","11":"product_tag-podadora","13":"first","14":"instock","15":"shipping-taxable","16":"product-type-simple"},"_links":{"self":[{"href":"https:\/\/fiatmachinery.com\/en\/wp-json\/wp\/v2\/product\/12080"}],"collection":[{"href":"https:\/\/fiatmachinery.com\/en\/wp-json\/wp\/v2\/product"}],"about":[{"href":"https:\/\/fiatmachinery.com\/en\/wp-json\/wp\/v2\/types\/product"}],"wp:featuredmedia":[{"embeddable":true,"href":"https:\/\/fiatmachinery.com\/en\/wp-json\/wp\/v2\/media\/12081"}],"wp:attachment":[{"href":"https:\/\/fiatmachinery.com\/en\/wp-json\/wp\/v2\/media?parent=12080"}],"wp:term":[{"taxonomy":"product_cat","embeddable":true,"href":"https:\/\/fiatmachinery.com\/en\/wp-json\/wp\/v2\/product_cat?post=12080"},{"taxonomy":"product_tag","embeddable":true,"href":"https:\/\/fiatmachinery.com\/en\/wp-json\/wp\/v2\/product_tag?post=12080"}],"curies":[{"name":"wp","href":"https:\/\/api.w.org\/{rel}","templated":true}]}}