{"id":12084,"date":"2024-05-31T11:12:35","date_gmt":"2024-05-31T17:12:35","guid":{"rendered":"https:\/\/fiatmachinery.com\/?post_type=product&#038;p=12084"},"modified":"2024-05-31T13:52:16","modified_gmt":"2024-05-31T19:52:16","slug":"a-bateria-desmalezadora-fiorella","status":"publish","type":"product","link":"https:\/\/fiatmachinery.com\/en\/producto\/a-bateria-desmalezadora-fiorella\/","title":{"rendered":"A BATER\u00cdA DESMALEZADORA FIORELLA"},"content":{"rendered":"<p>La desmalezadora FIORELLA por su tecnolog\u00eda a bater\u00eda de litio de carga r\u00e1pida, es ideal para el mantenimiento de \u00e1reas residenciales donde se requiera un nulo nivel de ruido o contaminaci\u00f3n.<\/p>\n","protected":false},"excerpt":{"rendered":"<p><strong><span style=\"color: #a2014c\"><img loading=\"lazy\" decoding=\"async\" class=\"alignnone size-full wp-image-4638\" src=\"https:\/\/fiatmachinery.com\/wp-content\/uploads\/2022\/05\/Bandera-fiat-3.png\" alt=\"\" width=\"40\" height=\"31\" \/><\/span><span style=\"color: #993366\">Fiat Professional &#8211; FIORELLA<\/span><\/strong><\/p>\n<p>Desmalezadora a bater\u00eda (solo herramienta)<\/p>\n<p><b>Caracter\u00edsticas<\/b><strong>:<\/strong><\/p>\n<ul>\n<li>Cantidad de bater\u00edas: 2<\/li>\n<li>Volts: 20V<\/li>\n<li>Motor: Sin escobillas<\/li>\n<li>Potencia: 750 W<\/li>\n<li>Di\u00e1metro de corte: 300 mm<\/li>\n<li>Tiempo aprox con carga: 120 minutos<\/li>\n<\/ul>\n","protected":false},"featured_media":9254,"template":"","meta":[],"product_cat":[70,193,283],"product_tag":[990,989,979],"class_list":{"0":"post-12084","1":"product","2":"type-product","3":"status-publish","4":"has-post-thumbnail","6":"product_cat-forestal-jardineria-aspersion","7":"product_cat-equipos-a-bateria","8":"product_cat-desmalezadoras","9":"product_tag-desbrozadora","10":"product_tag-desmalezadora","11":"product_tag-jardineria","13":"first","14":"instock","15":"shipping-taxable","16":"product-type-simple"},"_links":{"self":[{"href":"https:\/\/fiatmachinery.com\/en\/wp-json\/wp\/v2\/product\/12084"}],"collection":[{"href":"https:\/\/fiatmachinery.com\/en\/wp-json\/wp\/v2\/product"}],"about":[{"href":"https:\/\/fiatmachinery.com\/en\/wp-json\/wp\/v2\/types\/product"}],"wp:featuredmedia":[{"embeddable":true,"href":"https:\/\/fiatmachinery.com\/en\/wp-json\/wp\/v2\/media\/9254"}],"wp:attachment":[{"href":"https:\/\/fiatmachinery.com\/en\/wp-json\/wp\/v2\/media?parent=12084"}],"wp:term":[{"taxonomy":"product_cat","embeddable":true,"href":"https:\/\/fiatmachinery.com\/en\/wp-json\/wp\/v2\/product_cat?post=12084"},{"taxonomy":"product_tag","embeddable":true,"href":"https:\/\/fiatmachinery.com\/en\/wp-json\/wp\/v2\/product_tag?post=12084"}],"curies":[{"name":"wp","href":"https:\/\/api.w.org\/{rel}","templated":true}]}}