{"id":12190,"date":"2024-05-31T17:28:50","date_gmt":"2024-05-31T23:28:50","guid":{"rendered":"https:\/\/fiatmachinery.com\/?post_type=product&#038;p=12190"},"modified":"2024-06-01T09:47:27","modified_gmt":"2024-06-01T15:47:27","slug":"a-bateria-cortacesped-giglio","status":"publish","type":"product","link":"https:\/\/fiatmachinery.com\/en\/producto\/a-bateria-cortacesped-giglio\/","title":{"rendered":"A BATER\u00cdA CORTAC\u00c9SPED GIGLIO"},"content":{"rendered":"<p>Cortac\u00e9sped podadora a bater\u00eda con motor libre de carbones el cu\u00e1l no requiere mantenimiento y evita el desgaste prematuro. No incluye cargador ni bater\u00eda<\/p>\n","protected":false},"excerpt":{"rendered":"<p><strong><span style=\"color: #a2014c\"><img loading=\"lazy\" decoding=\"async\" class=\"alignnone size-full wp-image-4638\" src=\"https:\/\/fiatmachinery.com\/wp-content\/uploads\/2022\/05\/Bandera-fiat-3.png\" alt=\"\" width=\"40\" height=\"31\" \/> Fiat Professional &#8211; GIGLIO<\/span><\/strong><\/p>\n<p>Cortac\u00e9sped podadora a bater\u00eda (solo equipo sin bater\u00edas ni cargador)<\/p>\n<p><b>Caracter\u00edsticas<\/b><strong>:<\/strong><\/p>\n<ul>\n<li>Capacidad de bater\u00eda 2.0AH &#8211; 8.0 AH<\/li>\n<li>Di\u00e1metro de corte 300MM (12&#8243;)<\/li>\n<li>Hilo recomendado 1.6 mm<\/li>\n<li>Tiempo de trabajo 40 min (Bater\u00eda 4.0 AH)<\/li>\n<li>Motor con escobillas<\/li>\n<li>Peso 14 kg<\/li>\n<li>Medidas 62 x 44 x 32 cm<\/li>\n<\/ul>\n","protected":false},"featured_media":12191,"template":"","meta":[],"product_cat":[70,193,281],"product_tag":[976,978,986],"class_list":{"0":"post-12190","1":"product","2":"type-product","3":"status-publish","4":"has-post-thumbnail","6":"product_cat-forestal-jardineria-aspersion","7":"product_cat-equipos-a-bateria","8":"product_cat-cortacesped-equipos-a-bateria","9":"product_tag-a-bateria","10":"product_tag-cortacesped","11":"product_tag-podadora","13":"first","14":"instock","15":"shipping-taxable","16":"product-type-simple"},"_links":{"self":[{"href":"https:\/\/fiatmachinery.com\/en\/wp-json\/wp\/v2\/product\/12190"}],"collection":[{"href":"https:\/\/fiatmachinery.com\/en\/wp-json\/wp\/v2\/product"}],"about":[{"href":"https:\/\/fiatmachinery.com\/en\/wp-json\/wp\/v2\/types\/product"}],"wp:featuredmedia":[{"embeddable":true,"href":"https:\/\/fiatmachinery.com\/en\/wp-json\/wp\/v2\/media\/12191"}],"wp:attachment":[{"href":"https:\/\/fiatmachinery.com\/en\/wp-json\/wp\/v2\/media?parent=12190"}],"wp:term":[{"taxonomy":"product_cat","embeddable":true,"href":"https:\/\/fiatmachinery.com\/en\/wp-json\/wp\/v2\/product_cat?post=12190"},{"taxonomy":"product_tag","embeddable":true,"href":"https:\/\/fiatmachinery.com\/en\/wp-json\/wp\/v2\/product_tag?post=12190"}],"curies":[{"name":"wp","href":"https:\/\/api.w.org\/{rel}","templated":true}]}}