{"id":6862,"date":"2022-06-14T13:45:57","date_gmt":"2022-06-14T18:45:57","guid":{"rendered":"https:\/\/prodottidiforza.com\/?post_type=product&#038;p=6862"},"modified":"2022-08-27T09:29:48","modified_gmt":"2022-08-27T14:29:48","slug":"galaxi","status":"publish","type":"product","link":"https:\/\/fiatmachinery.com\/en\/producto\/galaxi\/","title":{"rendered":"PINTA L\u00cdNEAS GALAXI"},"content":{"rendered":"<p style=\"text-align: left\">Pintador de l\u00edneas GALAXI de FIAT Professional, ideal para el trazado de l\u00edneas en campos deportivos, estacionamientos, banquetas, calles, carreteras, aeropuertos y muchos lugares m\u00e1s.<\/p>\n","protected":false},"excerpt":{"rendered":"<p><strong><span style=\"color: #a2014c\"><img loading=\"lazy\" decoding=\"async\" class=\"alignnone size-full wp-image-4638\" src=\"https:\/\/fiatmachinery.com\/wp-content\/uploads\/2022\/05\/Bandera-fiat-3.png\" alt=\"\" width=\"40\" height=\"31\" \/><\/span><span style=\"color: #993366\">Fiat Professional &#8211; GALAXI<\/span><\/strong><\/p>\n<p>Pintador de l\u00edneas GALAXI de FIAT Professional, ideal para el trazado de l\u00edneas en campos deportivos, estacionamientos, banquetas, calles, carreteras, aeropuertos y muchos lugares m\u00e1s.<\/p>\n<p><b>Caracter\u00edsticas<\/b><strong>:<\/strong><\/p>\n<ul>\n<li>MOTOR FIAT PROFESSIONAL<\/li>\n<li>7 HP<\/li>\n<li>VEL. M\u00c1XIMA DE PINTADO: 130MTS\/MIN.<\/li>\n<li>FLUJO: 3.2 LTS\/MIN.<\/li>\n<li>ANCHO DE PINTADO: 5-35 CM<\/li>\n<li>PESO: 98 KG<\/li>\n<\/ul>\n","protected":false},"featured_media":8058,"template":"","meta":[],"product_cat":[64,1096,1100],"product_tag":[874,881],"class_list":{"0":"post-6862","1":"product","2":"type-product","3":"status-publish","4":"has-post-thumbnail","6":"product_cat-construccion-y-generadores","7":"product_cat-equipos_para_concreto","8":"product_cat-ponta_lineas","9":"product_tag-construccion","10":"product_tag-pintalineas","12":"first","13":"instock","14":"shipping-taxable","15":"product-type-simple"},"_links":{"self":[{"href":"https:\/\/fiatmachinery.com\/en\/wp-json\/wp\/v2\/product\/6862"}],"collection":[{"href":"https:\/\/fiatmachinery.com\/en\/wp-json\/wp\/v2\/product"}],"about":[{"href":"https:\/\/fiatmachinery.com\/en\/wp-json\/wp\/v2\/types\/product"}],"wp:featuredmedia":[{"embeddable":true,"href":"https:\/\/fiatmachinery.com\/en\/wp-json\/wp\/v2\/media\/8058"}],"wp:attachment":[{"href":"https:\/\/fiatmachinery.com\/en\/wp-json\/wp\/v2\/media?parent=6862"}],"wp:term":[{"taxonomy":"product_cat","embeddable":true,"href":"https:\/\/fiatmachinery.com\/en\/wp-json\/wp\/v2\/product_cat?post=6862"},{"taxonomy":"product_tag","embeddable":true,"href":"https:\/\/fiatmachinery.com\/en\/wp-json\/wp\/v2\/product_tag?post=6862"}],"curies":[{"name":"wp","href":"https:\/\/api.w.org\/{rel}","templated":true}]}}