{"id":6870,"date":"2022-06-14T15:01:24","date_gmt":"2022-06-14T20:01:24","guid":{"rendered":"https:\/\/prodottidiforza.com\/?post_type=product&#038;p=6870"},"modified":"2022-07-06T10:26:45","modified_gmt":"2022-07-06T15:26:45","slug":"asino35","status":"publish","type":"product","link":"https:\/\/fiatmachinery.com\/en\/producto\/asino35\/","title":{"rendered":"MOTOR A DI\u00c9SEL ASINO35"},"content":{"rendered":"<p style=\"text-align: left\">Motor di\u00e9sel monocil\u00edndrico FIAT Professional, ideal para acoplarse a maquinaria para construcci\u00f3n y motobombas.<\/p>\n","protected":false},"excerpt":{"rendered":"<p><strong><span style=\"color: #a2014c\"><img loading=\"lazy\" decoding=\"async\" class=\"alignnone size-full wp-image-4638\" src=\"https:\/\/fiatmachinery.com\/wp-content\/uploads\/2022\/05\/Bandera-fiat-3.png\" alt=\"\" width=\"40\" height=\"31\" \/>Motor Di\u00e9sel FIAT Professional 35 HP Con arranque el\u00e9ctrico<\/span><\/strong><\/p>\n<p>Motor di\u00e9sel monocil\u00edndrico FIAT Professional, ideal para acoplarse a maquinaria para construcci\u00f3n y motobombas.<\/p>\n<p><b>Caracter\u00edsticas<\/b><strong>:<\/strong><\/p>\n<ul>\n<li>HP 35<\/li>\n<li>RPM 1800<\/li>\n<li>DIESEL<\/li>\n<li>MOTOR DIESEL FIAT PROFESSIONAL 4 TIEMPOS<\/li>\n<li>POTENCIA: 35 HP<\/li>\n<li>SISTEMA DE ARRANQUE: EL\u00c9CTRICO NO INCLUYE BATERIA Y MANUAL<\/li>\n<li>ENFRIADO POR EVAPORACION DE AGUA<\/li>\n<li>PESO: 215 Kg<\/li>\n<li>POTENCIA RECOMENDADA: 32\/35HP<\/li>\n<li>DEP\u00d3SITO DE COMBUSTIBLE: 15LT<\/li>\n<\/ul>\n<p>&nbsp;<\/p>\n","protected":false},"featured_media":7450,"template":"","meta":[],"product_cat":[49,163,239],"product_tag":[885,888,889,887,883],"class_list":{"0":"post-6870","1":"product","2":"type-product","3":"status-publish","4":"has-post-thumbnail","6":"product_cat-motores","7":"product_cat-diesel","8":"product_cat-enfriado-por-agua","9":"product_tag-diesel","10":"product_tag-electricos","11":"product_tag-fuera-de-borda","12":"product_tag-gasolina","13":"product_tag-motores","15":"first","16":"instock","17":"shipping-taxable","18":"product-type-simple"},"_links":{"self":[{"href":"https:\/\/fiatmachinery.com\/en\/wp-json\/wp\/v2\/product\/6870"}],"collection":[{"href":"https:\/\/fiatmachinery.com\/en\/wp-json\/wp\/v2\/product"}],"about":[{"href":"https:\/\/fiatmachinery.com\/en\/wp-json\/wp\/v2\/types\/product"}],"wp:featuredmedia":[{"embeddable":true,"href":"https:\/\/fiatmachinery.com\/en\/wp-json\/wp\/v2\/media\/7450"}],"wp:attachment":[{"href":"https:\/\/fiatmachinery.com\/en\/wp-json\/wp\/v2\/media?parent=6870"}],"wp:term":[{"taxonomy":"product_cat","embeddable":true,"href":"https:\/\/fiatmachinery.com\/en\/wp-json\/wp\/v2\/product_cat?post=6870"},{"taxonomy":"product_tag","embeddable":true,"href":"https:\/\/fiatmachinery.com\/en\/wp-json\/wp\/v2\/product_tag?post=6870"}],"curies":[{"name":"wp","href":"https:\/\/api.w.org\/{rel}","templated":true}]}}