{"id":6898,"date":"2022-06-14T15:40:39","date_gmt":"2022-06-14T20:40:39","guid":{"rendered":"https:\/\/prodottidiforza.com\/?post_type=product&#038;p=6898"},"modified":"2023-11-15T11:23:55","modified_gmt":"2023-11-15T17:23:55","slug":"capo100","status":"publish","type":"product","link":"https:\/\/fiatmachinery.com\/en\/producto\/capo100\/","title":{"rendered":"MOTOR A GASOLINA CAPO100"},"content":{"rendered":"<h2 class=\"single_product__title\">Motor a gasolina 10HP, 305CC<\/h2>\n<div class=\"single_product__details\">\n<div class=\"details_wrapper\">\n<p class=\"single_product__availability\">Descripci\u00f3n:\u00a0<span id=\"single_product__availability-template-product\">Nuestros motores a gasolina CAPO ofrecen un encendido f\u00e1cil, funcionamiento m\u00e1s silencioso y tecnolog\u00eda OHV. Contienen un filtro de cartucho con pre filtro contra los residuos en el aire que entran al motor, y alerta de aceite.<\/span><\/p>\n<\/div>\n<\/div>\n","protected":false},"excerpt":{"rendered":"<p><strong><span style=\"color: #a2014c\"><img loading=\"lazy\" decoding=\"async\" class=\"alignnone size-full wp-image-4638\" src=\"https:\/\/fiatmachinery.com\/wp-content\/uploads\/2022\/05\/Bandera-fiat-3.png\" alt=\"\" width=\"40\" height=\"31\" \/><\/span><span style=\"color: #993366\">Fiat Professional &#8211; CAPO100<\/span><\/strong><\/p>\n<p>Motor a gasolina 10hp de 4 tiempos uso general<\/p>\n<p><b>Caracter\u00edsticas<\/b><strong>:<\/strong><\/p>\n<ul>\n<li>Tipo de motor: Gasolina uso general<\/li>\n<li>Potencia: 10HP<\/li>\n<li>Cilindrada: 305CC<\/li>\n<li>Sist. encendido: Manual Retr\u00e1ctil<\/li>\n<li>Potencia Continua: 10HP<\/li>\n<li>Empaque: 47 x 51 x 42 cm<\/li>\n<\/ul>\n<div class=\"materialficha\">\n<h3>DESCARGA MATERIAL DIGITAL<\/h3>\n<\/div>\n<div class=\"materialbtn\"><a class=\"myButton\" href=\"https:\/\/drive.google.com\/file\/d\/1URmko9hiqMJFvYSfTMTl6OLUdQLEZ14d\/view?usp=sharing\">FICHA<br \/>\nTECNICA<\/a><br \/>\n<a class=\"myButton\" href=\"https:\/\/drive.google.com\/file\/d\/12M1fsmnghTMNxrH8KIiETcNA_d_X-5yc\/view?usp=sharing\">MANUAL DE<br \/>\nUSUARIO<\/a><\/div>\n","protected":false},"featured_media":10263,"template":"","meta":[],"product_cat":[49,166],"product_tag":[885,888,889,887,883],"class_list":{"0":"post-6898","1":"product","2":"type-product","3":"status-publish","4":"has-post-thumbnail","6":"product_cat-motores","7":"product_cat-gasolina","8":"product_tag-diesel","9":"product_tag-electricos","10":"product_tag-fuera-de-borda","11":"product_tag-gasolina","12":"product_tag-motores","14":"first","15":"instock","16":"shipping-taxable","17":"product-type-simple"},"_links":{"self":[{"href":"https:\/\/fiatmachinery.com\/en\/wp-json\/wp\/v2\/product\/6898"}],"collection":[{"href":"https:\/\/fiatmachinery.com\/en\/wp-json\/wp\/v2\/product"}],"about":[{"href":"https:\/\/fiatmachinery.com\/en\/wp-json\/wp\/v2\/types\/product"}],"wp:featuredmedia":[{"embeddable":true,"href":"https:\/\/fiatmachinery.com\/en\/wp-json\/wp\/v2\/media\/10263"}],"wp:attachment":[{"href":"https:\/\/fiatmachinery.com\/en\/wp-json\/wp\/v2\/media?parent=6898"}],"wp:term":[{"taxonomy":"product_cat","embeddable":true,"href":"https:\/\/fiatmachinery.com\/en\/wp-json\/wp\/v2\/product_cat?post=6898"},{"taxonomy":"product_tag","embeddable":true,"href":"https:\/\/fiatmachinery.com\/en\/wp-json\/wp\/v2\/product_tag?post=6898"}],"curies":[{"name":"wp","href":"https:\/\/api.w.org\/{rel}","templated":true}]}}