{"id":6907,"date":"2022-06-14T15:45:38","date_gmt":"2022-06-14T20:45:38","guid":{"rendered":"https:\/\/prodottidiforza.com\/?post_type=product&#038;p=6907"},"modified":"2023-10-19T17:30:45","modified_gmt":"2023-10-19T23:30:45","slug":"tifone60-ii","status":"publish","type":"product","link":"https:\/\/fiatmachinery.com\/en\/producto\/tifone60-ii\/","title":{"rendered":"MOTOBOMBA DI\u00c9SEL GRAN CAUDAL TIFONE60 II"},"content":{"rendered":"<p style=\"text-align: left\">Las MOTOBOMBAS TIFONE60 on motobombas centr\u00edfugas con cuerpo de hierro, por su impulsor cerrado y sello mec\u00e1nico son capaces de suministrar una gran presi\u00f3n y caudal al mismo tiempo sin necesidad de supervisi\u00f3n, listas para satisfacer cualquier necesidad de suministro de agua, al estar acopladas a un confiable motor, le aseguran un mayor rendimiento y bajo costo de mantenimiento. Son centr\u00edfugas de 6\u2033 de succi\u00f3n por 6\u2033 de descarga, acopladas a un motor de 60 HP enfriado por agua, multicil\u00edndro de alto torque, suministrada con medidores de funcionamiento y controlador.<\/p>\n","protected":false},"excerpt":{"rendered":"<p><strong><span style=\"color: #a2014c\"><img loading=\"lazy\" decoding=\"async\" class=\"alignnone size-full wp-image-4638\" src=\"https:\/\/fiatmachinery.com\/wp-content\/uploads\/2022\/05\/Bandera-fiat-3.png\" alt=\"\" width=\"40\" height=\"31\" \/><\/span><span style=\"color: #993366\">Fiat Professional &#8211; TIFONE60II<\/span><\/strong><\/p>\n<p>Las MOTOBOMBAS TIFONE60 on motobombas centr\u00edfugas con cuerpo de hierro, por su impulsor cerrado y sello mec\u00e1nico son capaces de suministrar una gran presi\u00f3n y caudal al mismo tiempo sin necesidad de supervisi\u00f3n, listas para satisfacer cualquier necesidad de suministro de agua, al estar acopladas a un confiable motor, le aseguran un mayor rendimiento y bajo costo de mantenimiento. Son centr\u00edfugas de 6\u2033 de succi\u00f3n por 6\u2033 de descarga, acopladas a un motor de 60 HP enfriado por agua, multicil\u00edndro de alto torque, suministrada con medidores de funcionamiento y controlador.<\/p>\n<p><b>Caracter\u00edsticas<\/b><strong>:<\/strong><\/p>\n<ul>\n<li>Motor: Fiat<\/li>\n<li>Potencia del Motor: 60 HP<\/li>\n<li>Cilindrada: 3857 CC<\/li>\n<li>Combustible: Di\u00e9sel<\/li>\n<li>Potencia M\u00e1xima: 45 KW<\/li>\n<li>Consumo de combustible: 250g (KWxHr) @3000 RPM<\/li>\n<li>Capacidad del Tanque: 25 L<\/li>\n<li>Litros por minuto: 6,818LPM<\/li>\n<li>Elevaci\u00f3n M\u00e1xima: 80M<\/li>\n<li>Distancia de succi\u00f3n: 6M<\/li>\n<\/ul>\n","protected":false},"featured_media":10451,"template":"","meta":[],"product_cat":[57,168,243],"product_tag":[1015,885,888,887,1016,890],"class_list":{"0":"post-6907","1":"product","2":"type-product","3":"status-publish","4":"has-post-thumbnail","6":"product_cat-motobombas","7":"product_cat-diesel-motobombas","8":"product_cat-alta-presion","9":"product_tag-alta-presion","10":"product_tag-diesel","11":"product_tag-electricos","12":"product_tag-gasolina","13":"product_tag-gran-caudal","14":"product_tag-motobombas","16":"first","17":"instock","18":"shipping-taxable","19":"product-type-simple"},"_links":{"self":[{"href":"https:\/\/fiatmachinery.com\/en\/wp-json\/wp\/v2\/product\/6907"}],"collection":[{"href":"https:\/\/fiatmachinery.com\/en\/wp-json\/wp\/v2\/product"}],"about":[{"href":"https:\/\/fiatmachinery.com\/en\/wp-json\/wp\/v2\/types\/product"}],"wp:featuredmedia":[{"embeddable":true,"href":"https:\/\/fiatmachinery.com\/en\/wp-json\/wp\/v2\/media\/10451"}],"wp:attachment":[{"href":"https:\/\/fiatmachinery.com\/en\/wp-json\/wp\/v2\/media?parent=6907"}],"wp:term":[{"taxonomy":"product_cat","embeddable":true,"href":"https:\/\/fiatmachinery.com\/en\/wp-json\/wp\/v2\/product_cat?post=6907"},{"taxonomy":"product_tag","embeddable":true,"href":"https:\/\/fiatmachinery.com\/en\/wp-json\/wp\/v2\/product_tag?post=6907"}],"curies":[{"name":"wp","href":"https:\/\/api.w.org\/{rel}","templated":true}]}}