{"id":6910,"date":"2022-06-14T15:48:25","date_gmt":"2022-06-14T20:48:25","guid":{"rendered":"https:\/\/prodottidiforza.com\/?post_type=product&#038;p=6910"},"modified":"2022-07-06T11:54:08","modified_gmt":"2022-07-06T16:54:08","slug":"corcega66","status":"publish","type":"product","link":"https:\/\/fiatmachinery.com\/en\/producto\/corcega66\/","title":{"rendered":"MOTOBOMBA DI\u00c9SEL AUTOCEBANTE CORCEGA66"},"content":{"rendered":"<p style=\"text-align: left\">Las MOTOBOMBAS FIAT A DI\u00c9SEL CORCEGA 66 son motobombas autocebantes de 6&#8243; de succi\u00f3n por 6&#8243; de descarga, con cuerpo de aleaci\u00f3n de aluminio, se caracterizan por tener un alto caudal y trasladar inclusive aguas sucias, que al estar acopladas a un confIable MOTOR FIAT, le asegura un mayor rendimiento y bajo costo de mantenimiento.<\/p>\n","protected":false},"excerpt":{"rendered":"<p><strong><span style=\"color: #a2014c\"><img loading=\"lazy\" decoding=\"async\" class=\"alignnone size-full wp-image-4638\" src=\"https:\/\/fiatmachinery.com\/wp-content\/uploads\/2022\/05\/Bandera-fiat-3.png\" alt=\"\" width=\"40\" height=\"31\" \/><\/span><span style=\"color: #993366\">Fiat Professional &#8211; CORCEGA 66<\/span><\/strong><\/p>\n<p>Las MOTOBOMBAS FIAT A DI\u00c9SEL CORCEGA 66 son motobombas autocebantes de 6&#8243; de succi\u00f3n por 6&#8243; de descarga, con cuerpo de aleaci\u00f3n de aluminio, se caracterizan por tener un alto caudal y trasladar inclusive aguas sucias, que al estar acopladas a un confIable MOTOR FIAT, le asegura un mayor rendimiento y bajo costo de mantenimiento.<\/p>\n<p><b>Caracter\u00edsticas<\/b><strong>:<\/strong><\/p>\n<ul>\n<li>\u25ba Motor: Fiat<\/li>\n<li>\u25ba Potencia del Motor: 12 HP<\/li>\n<li>\u25ba Cilindrada: 498 CC<\/li>\n<li>\u25ba Combustible: Di\u00e9sel<\/li>\n<li>\u25ba Potencia M\u00e1xima: 9 KW<\/li>\n<li>\u25ba Consumo de combustible: 595g (KWxHr) @3600 RPM<\/li>\n<li>\u25ba Capacidad del Tanque: 12.5 L<\/li>\n<li>\u25ba Litros por Minuto: 2300 LPM<\/li>\n<li>\u25ba Elevaci\u00f3n M\u00e1xima: 20 M<\/li>\n<li>\u25ba Distancia de Succi\u00f3n: 6 M<\/li>\n<li>\u25ba Dimensiones: 80x 60 x 81 cm<\/li>\n<li>\u25ba Peso: 130 Kg<\/li>\n<li><\/li>\n<\/ul>\n","protected":false},"featured_media":7337,"template":"","meta":[],"product_cat":[57,168,244],"product_tag":[885,888,887,890],"class_list":{"0":"post-6910","1":"product","2":"type-product","3":"status-publish","4":"has-post-thumbnail","6":"product_cat-motobombas","7":"product_cat-diesel-motobombas","8":"product_cat-autocebantes","9":"product_tag-diesel","10":"product_tag-electricos","11":"product_tag-gasolina","12":"product_tag-motobombas","14":"first","15":"instock","16":"shipping-taxable","17":"product-type-simple"},"_links":{"self":[{"href":"https:\/\/fiatmachinery.com\/en\/wp-json\/wp\/v2\/product\/6910"}],"collection":[{"href":"https:\/\/fiatmachinery.com\/en\/wp-json\/wp\/v2\/product"}],"about":[{"href":"https:\/\/fiatmachinery.com\/en\/wp-json\/wp\/v2\/types\/product"}],"wp:featuredmedia":[{"embeddable":true,"href":"https:\/\/fiatmachinery.com\/en\/wp-json\/wp\/v2\/media\/7337"}],"wp:attachment":[{"href":"https:\/\/fiatmachinery.com\/en\/wp-json\/wp\/v2\/media?parent=6910"}],"wp:term":[{"taxonomy":"product_cat","embeddable":true,"href":"https:\/\/fiatmachinery.com\/en\/wp-json\/wp\/v2\/product_cat?post=6910"},{"taxonomy":"product_tag","embeddable":true,"href":"https:\/\/fiatmachinery.com\/en\/wp-json\/wp\/v2\/product_tag?post=6910"}],"curies":[{"name":"wp","href":"https:\/\/api.w.org\/{rel}","templated":true}]}}