{"id":6912,"date":"2022-06-14T15:48:41","date_gmt":"2022-06-14T20:48:41","guid":{"rendered":"https:\/\/prodottidiforza.com\/?post_type=product&#038;p=6912"},"modified":"2022-07-06T11:55:34","modified_gmt":"2022-07-06T16:55:34","slug":"serdena33","status":"publish","type":"product","link":"https:\/\/fiatmachinery.com\/en\/producto\/serdena33\/","title":{"rendered":"MOTOBOMBA DI\u00c9SEL AUTOCEBANTE SERDE\u00d1A33"},"content":{"rendered":"<p style=\"text-align: left\">La l\u00ednea de motobombas di\u00e9sel SERDE\u00d1A 33 con cabeza de aluminio de 3&#8243; de succi\u00f3n y 3&#8243; de descarga, son la opci\u00f3n perfecta ya que cuentan con sistema de arranque el\u00e9ctrico y manual retr\u00e1ctil. Su novedoso motor mantiene un consumo eficiente de combustible y bajo costo de mantenimiento. Son \u00fatiles para agricultura y ganader\u00eda.<\/p>\n","protected":false},"excerpt":{"rendered":"<p><strong><span style=\"color: #a2014c\"><img loading=\"lazy\" decoding=\"async\" class=\"alignnone size-full wp-image-4638\" src=\"https:\/\/fiatmachinery.com\/wp-content\/uploads\/2022\/05\/Bandera-fiat-3.png\" alt=\"\" width=\"40\" height=\"31\" \/><\/span><span style=\"color: #993366\">Fiat Professional &#8211; SERDE\u00d1A33<\/span><\/strong><\/p>\n<p>La l\u00ednea de motobombas di\u00e9sel SERDE\u00d1A 33 con cabeza de aluminio de 3&#8243; de succi\u00f3n y 3&#8243; de descarga, son la opci\u00f3n perfecta ya que cuentan con sistema de arranque el\u00e9ctrico y manual retr\u00e1ctil. Su novedoso motor mantiene un consumo eficiente de combustible y bajo costo de mantenimiento. Son \u00fatiles para agricultura y ganader\u00eda.<\/p>\n<p><b>Caracter\u00edsticas<\/b><strong>:<\/strong><\/p>\n<ul>\n<li>Motor: 12 HP<\/li>\n<\/ul>\n<p>&nbsp;<\/p>\n","protected":false},"featured_media":7326,"template":"","meta":[],"product_cat":[57,168,244],"product_tag":[885,888,887,890],"class_list":{"0":"post-6912","1":"product","2":"type-product","3":"status-publish","4":"has-post-thumbnail","6":"product_cat-motobombas","7":"product_cat-diesel-motobombas","8":"product_cat-autocebantes","9":"product_tag-diesel","10":"product_tag-electricos","11":"product_tag-gasolina","12":"product_tag-motobombas","14":"first","15":"instock","16":"shipping-taxable","17":"product-type-simple"},"_links":{"self":[{"href":"https:\/\/fiatmachinery.com\/en\/wp-json\/wp\/v2\/product\/6912"}],"collection":[{"href":"https:\/\/fiatmachinery.com\/en\/wp-json\/wp\/v2\/product"}],"about":[{"href":"https:\/\/fiatmachinery.com\/en\/wp-json\/wp\/v2\/types\/product"}],"wp:featuredmedia":[{"embeddable":true,"href":"https:\/\/fiatmachinery.com\/en\/wp-json\/wp\/v2\/media\/7326"}],"wp:attachment":[{"href":"https:\/\/fiatmachinery.com\/en\/wp-json\/wp\/v2\/media?parent=6912"}],"wp:term":[{"taxonomy":"product_cat","embeddable":true,"href":"https:\/\/fiatmachinery.com\/en\/wp-json\/wp\/v2\/product_cat?post=6912"},{"taxonomy":"product_tag","embeddable":true,"href":"https:\/\/fiatmachinery.com\/en\/wp-json\/wp\/v2\/product_tag?post=6912"}],"curies":[{"name":"wp","href":"https:\/\/api.w.org\/{rel}","templated":true}]}}