{"id":6913,"date":"2022-06-14T15:48:48","date_gmt":"2022-06-14T20:48:48","guid":{"rendered":"https:\/\/prodottidiforza.com\/?post_type=product&#038;p=6913"},"modified":"2024-12-10T14:20:22","modified_gmt":"2024-12-10T20:20:22","slug":"cabrio33c","status":"publish","type":"product","link":"https:\/\/fiatmachinery.com\/en\/producto\/cabrio33c\/","title":{"rendered":"MOTOBOMBA DI\u00c9SEL CENTRIFUGA CABRIO33C"},"content":{"rendered":"<p style=\"text-align: left\">\u00a0<span id=\"single_product__availability-template-product\">La l\u00ednea de motobombas di\u00e9sel CABRIO33C con cabeza de fierro de 3&#8243; de succi\u00f3n y 3&#8243; de descarga, son la opci\u00f3n perfecta ya que cuentan con sistema de arranque el\u00e9ctrico y manual retr\u00e1ctil. Su novedoso motor mantiene un consumo eficiente de combustible y bajo costo de mantenimiento. Son \u00fatiles para agricultura y ganader\u00eda.<\/span><\/p>\n","protected":false},"excerpt":{"rendered":"<p><strong><span style=\"color: #a2014c\"><img loading=\"lazy\" decoding=\"async\" class=\"alignnone size-full wp-image-4638\" src=\"https:\/\/fiatmachinery.com\/wp-content\/uploads\/2022\/05\/Bandera-fiat-3.png\" alt=\"\" width=\"40\" height=\"31\" \/><\/span><span style=\"color: #993366\">Fiat Professional &#8211; CABRIO33C<\/span><\/strong><\/p>\n<p><span id=\"single_product__availability-template-product\">Motobomba a Di\u00e9sel Centrifugas\u00a0<\/span><\/p>\n<p><b>Caracter\u00edsticas<\/b><strong>:<\/strong><\/p>\n<ul>\n<li>Motor: DICAPO 100<\/li>\n<li>Combustible: Di\u00e9sel<\/li>\n<li>HP: 10 HP<\/li>\n<li>Succi\u00f3n: 3&#8243;<\/li>\n<li>Descarga: 3&#8243;<\/li>\n<li>LPM: 647 L<\/li>\n<li>Altura: 57 m<\/li>\n<li>Peso: 66 Kg<\/li>\n<\/ul>\n<div class=\"materialficha\">\n<h3>DESCARGA MATERIAL DIGITAL<\/h3>\n<\/div>\n<div class=\"materialbtn\"><a class=\"myButton\" href=\"https:\/\/drive.google.com\/file\/d\/1yw55Lf-xgAJRPXJXv3HbAJ47fv1kX9n1\/view?usp=sharing\">FICHA<br \/>\nTECNICA<\/a><br \/>\n<a class=\"myButton\" href=\"https:\/\/drive.google.com\/file\/d\/1b14qX9j5YViP0viLfUQrC7MplXRPPGn0\/view?usp=sharing\">MANUAL DE<br \/>\nUSUARIO<\/a><\/div>\n","protected":false},"featured_media":7240,"template":"","meta":[],"product_cat":[57,168,245],"product_tag":[1017,885,890,1018],"class_list":{"0":"post-6913","1":"product","2":"type-product","3":"status-publish","4":"has-post-thumbnail","6":"product_cat-motobombas","7":"product_cat-diesel-motobombas","8":"product_cat-centrifugas","9":"product_tag-centrifugas","10":"product_tag-diesel","11":"product_tag-motobombas","12":"product_tag-riego","14":"first","15":"instock","16":"shipping-taxable","17":"product-type-simple"},"_links":{"self":[{"href":"https:\/\/fiatmachinery.com\/en\/wp-json\/wp\/v2\/product\/6913"}],"collection":[{"href":"https:\/\/fiatmachinery.com\/en\/wp-json\/wp\/v2\/product"}],"about":[{"href":"https:\/\/fiatmachinery.com\/en\/wp-json\/wp\/v2\/types\/product"}],"wp:featuredmedia":[{"embeddable":true,"href":"https:\/\/fiatmachinery.com\/en\/wp-json\/wp\/v2\/media\/7240"}],"wp:attachment":[{"href":"https:\/\/fiatmachinery.com\/en\/wp-json\/wp\/v2\/media?parent=6913"}],"wp:term":[{"taxonomy":"product_cat","embeddable":true,"href":"https:\/\/fiatmachinery.com\/en\/wp-json\/wp\/v2\/product_cat?post=6913"},{"taxonomy":"product_tag","embeddable":true,"href":"https:\/\/fiatmachinery.com\/en\/wp-json\/wp\/v2\/product_tag?post=6913"}],"curies":[{"name":"wp","href":"https:\/\/api.w.org\/{rel}","templated":true}]}}