{"id":6914,"date":"2022-06-14T15:50:54","date_gmt":"2022-06-14T20:50:54","guid":{"rendered":"https:\/\/prodottidiforza.com\/?post_type=product&#038;p=6914"},"modified":"2022-07-06T12:01:14","modified_gmt":"2022-07-06T17:01:14","slug":"lodi44-top","status":"publish","type":"product","link":"https:\/\/fiatmachinery.com\/en\/producto\/lodi44-top\/","title":{"rendered":"MOTOBOMBA DI\u00c9SEL CENTRIFUGA LODI44 TOP"},"content":{"rendered":"<p style=\"text-align: left\">MOTOBOMBA CENTRIFUGA FIAT ALTA PRESI\u00d3N LODI44 TOP, CON MOTOR UKURA A DIESEL. ARRANQUE EL\u00c9CTRICO (NO INCLUYE BATERIA). MOTOR ENFRIADO POR AIRE. EXCELENTE ABASTECIMIENTO DE AGUA PARA RIEGO POR ASPERSI\u00d3N, EQUIPAMIENTO AGROPECUARIO Y CUALQUIER SUMINISTRO DE AGUA.<\/p>\n","protected":false},"excerpt":{"rendered":"<p><strong><span style=\"color: #a2014c\"><img loading=\"lazy\" decoding=\"async\" class=\"alignnone size-full wp-image-4638\" src=\"https:\/\/fiatmachinery.com\/wp-content\/uploads\/2022\/05\/Bandera-fiat-3.png\" alt=\"\" width=\"40\" height=\"31\" \/> Fiat Professional &#8211; LODI44 TOP<\/span><\/strong><\/p>\n<p>MOTOBOMBA CENTRIFUGA FIAT ALTA PRESI\u00d3N LODI44 TOP, CON MOTOR UKURA A DIESEL. ARRANQUE EL\u00c9CTRICO (NO INCLUYE BATERIA). MOTOR ENFRIADO POR AIRE. EXCELENTE ABASTECIMIENTO DE AGUA PARA RIEGO POR ASPERSI\u00d3N, EQUIPAMIENTO AGROPECUARIO Y CUALQUIER SUMINISTRO DE AGUA.<\/p>\n<p><b>Caracter\u00edsticas<\/b><strong>:<\/strong><\/p>\n<ul>\n<li>MOTOR FIAT<\/li>\n<li>HP 12<\/li>\n<li>SUCCI\u00d3N 4&#8243;<\/li>\n<li>DESCARGA 4&#8243;<\/li>\n<li>ALTURA 55 M<\/li>\n<li>LPM 1,142<\/li>\n<li>PESO 125 Kg<\/li>\n<\/ul>\n","protected":false},"featured_media":7502,"template":"","meta":[],"product_cat":[57,168,245],"product_tag":[1017,885,890,1018],"class_list":{"0":"post-6914","1":"product","2":"type-product","3":"status-publish","4":"has-post-thumbnail","6":"product_cat-motobombas","7":"product_cat-diesel-motobombas","8":"product_cat-centrifugas","9":"product_tag-centrifugas","10":"product_tag-diesel","11":"product_tag-motobombas","12":"product_tag-riego","14":"first","15":"instock","16":"shipping-taxable","17":"product-type-simple"},"_links":{"self":[{"href":"https:\/\/fiatmachinery.com\/en\/wp-json\/wp\/v2\/product\/6914"}],"collection":[{"href":"https:\/\/fiatmachinery.com\/en\/wp-json\/wp\/v2\/product"}],"about":[{"href":"https:\/\/fiatmachinery.com\/en\/wp-json\/wp\/v2\/types\/product"}],"wp:featuredmedia":[{"embeddable":true,"href":"https:\/\/fiatmachinery.com\/en\/wp-json\/wp\/v2\/media\/7502"}],"wp:attachment":[{"href":"https:\/\/fiatmachinery.com\/en\/wp-json\/wp\/v2\/media?parent=6914"}],"wp:term":[{"taxonomy":"product_cat","embeddable":true,"href":"https:\/\/fiatmachinery.com\/en\/wp-json\/wp\/v2\/product_cat?post=6914"},{"taxonomy":"product_tag","embeddable":true,"href":"https:\/\/fiatmachinery.com\/en\/wp-json\/wp\/v2\/product_tag?post=6914"}],"curies":[{"name":"wp","href":"https:\/\/api.w.org\/{rel}","templated":true}]}}