{"id":6917,"date":"2022-06-14T15:58:48","date_gmt":"2022-06-14T20:58:48","guid":{"rendered":"https:\/\/prodottidiforza.com\/?post_type=product&#038;p=6917"},"modified":"2022-08-11T10:01:10","modified_gmt":"2022-08-11T15:01:10","slug":"fonte100p","status":"publish","type":"product","link":"https:\/\/fiatmachinery.com\/en\/producto\/fonte100p\/","title":{"rendered":"MOTOBOMBA EL\u00c9CTRICA DOM\u00c9STICA FONTE100P"},"content":{"rendered":"<p style=\"text-align: left\">Motobomba perif\u00e9rica Fiat Professional FONTE 100P. Ideal para bombear grandes caudales de agua en poco tiempo. Instalaci\u00f3n f\u00e1cil y conveniente en el hogar o comercio.<\/p>\n","protected":false},"excerpt":{"rendered":"<p><strong><span style=\"color: #a2014c\"><img loading=\"lazy\" decoding=\"async\" class=\"alignnone size-full wp-image-4638\" src=\"https:\/\/fiatmachinery.com\/wp-content\/uploads\/2022\/05\/Bandera-fiat-3.png\" alt=\"\" width=\"40\" height=\"31\" \/><\/span><span style=\"color: #993366\">Fiat Professional &#8211; FONTE100P<\/span><\/strong><\/p>\n<p>Motobomba perif\u00e9rica Fiat Professional FONTE 100P. Ideal para bombear grandes caudales de agua en poco tiempo. Instalaci\u00f3n f\u00e1cil y conveniente en el hogar o comercio.<\/p>\n<p><b>Caracter\u00edsticas<\/b><strong>:<\/strong><\/p>\n<ul>\n<li>Motor Fiat Professional<\/li>\n<li class=\"ui-pdp-features__item\">Potencia 1 hp.<\/li>\n<li>Voltaje 110V \u00f3 220V<\/li>\n<li class=\"ui-pdp-features__item\">Frecuencia 60Hz.<\/li>\n<li class=\"ui-pdp-features__item\">Impulsor de bronce.<\/li>\n<li class=\"ui-pdp-features__item\">Con di\u00e1metro de entrada de 1&#8243; y de salida de 1&#8243;.<\/li>\n<li class=\"ui-pdp-features__item\">Flujo: 50 LPM.<\/li>\n<li>Altura 50 Metros<\/li>\n<li class=\"ui-pdp-features__item\">Peso 4.5 kg.<\/li>\n<\/ul>\n<p>&nbsp;<\/p>\n","protected":false},"featured_media":9023,"template":"","meta":[],"product_cat":[57,169,247],"product_tag":[888,890,1023],"class_list":{"0":"post-6917","1":"product","2":"type-product","3":"status-publish","4":"has-post-thumbnail","6":"product_cat-motobombas","7":"product_cat-electricas","8":"product_cat-domesticas","9":"product_tag-electricos","10":"product_tag-motobombas","11":"product_tag-periferica","13":"first","14":"instock","15":"shipping-taxable","16":"product-type-simple"},"_links":{"self":[{"href":"https:\/\/fiatmachinery.com\/en\/wp-json\/wp\/v2\/product\/6917"}],"collection":[{"href":"https:\/\/fiatmachinery.com\/en\/wp-json\/wp\/v2\/product"}],"about":[{"href":"https:\/\/fiatmachinery.com\/en\/wp-json\/wp\/v2\/types\/product"}],"wp:featuredmedia":[{"embeddable":true,"href":"https:\/\/fiatmachinery.com\/en\/wp-json\/wp\/v2\/media\/9023"}],"wp:attachment":[{"href":"https:\/\/fiatmachinery.com\/en\/wp-json\/wp\/v2\/media?parent=6917"}],"wp:term":[{"taxonomy":"product_cat","embeddable":true,"href":"https:\/\/fiatmachinery.com\/en\/wp-json\/wp\/v2\/product_cat?post=6917"},{"taxonomy":"product_tag","embeddable":true,"href":"https:\/\/fiatmachinery.com\/en\/wp-json\/wp\/v2\/product_tag?post=6917"}],"curies":[{"name":"wp","href":"https:\/\/api.w.org\/{rel}","templated":true}]}}