{"id":6918,"date":"2022-06-14T15:58:57","date_gmt":"2022-06-14T20:58:57","guid":{"rendered":"https:\/\/prodottidiforza.com\/?post_type=product&#038;p=6918"},"modified":"2022-08-11T10:04:31","modified_gmt":"2022-08-11T15:04:31","slug":"fonte50","status":"publish","type":"product","link":"https:\/\/fiatmachinery.com\/en\/producto\/fonte50\/","title":{"rendered":"MOTOBOMBA EL\u00c9CTRICA DOM\u00c9STICA FONTE50"},"content":{"rendered":"<p style=\"text-align: left\">Motobomba centrifuga Fiat Professional, apta para el manejo de agua a presi\u00f3n en aplicaciones agr\u00edcolas e industriales. Trabaja con un motor monof\u00e1sico abierto a prueba de goteo a una potencia de 1\/2 HP que permite lograr un flujo m\u00e1ximo. Elaborado en metal para hacerla resistente y duradera. Cuenta con un di\u00e1metro de succi\u00f3n de 1 pulgada y descarga de 1 pulgada.<\/p>\n","protected":false},"excerpt":{"rendered":"<p><strong><span style=\"color: #a2014c\"><img loading=\"lazy\" decoding=\"async\" class=\"alignnone size-full wp-image-4638\" src=\"https:\/\/fiatmachinery.com\/wp-content\/uploads\/2022\/05\/Bandera-fiat-3.png\" alt=\"\" width=\"40\" height=\"31\" \/><\/span><span style=\"color: #993366\">Fiat Professional &#8211; FONTE50<\/span><\/strong><\/p>\n<p>Motobomba centrifuga Fiat Professional, apta para el manejo de agua a presi\u00f3n en aplicaciones agr\u00edcolas e industriales. Trabaja con un motor monof\u00e1sico abierto a prueba de goteo a una potencia de 1\/2 HP que permite lograr un flujo m\u00e1ximo. Elaborado en metal para hacerla resistente y duradera. Cuenta con un di\u00e1metro de succi\u00f3n de 1 pulgada y descarga de 1 pulgada.<\/p>\n<p><b>Caracter\u00edsticas<\/b><strong>:<\/strong><\/p>\n<ul>\n<li>Motor Fiat Professional<\/li>\n<li>Potencia 1\/2 HP<\/li>\n<li>Voltaje 110V \u00f3 220V<\/li>\n<li>60 Hz<\/li>\n<li>Di\u00e1metro de succi\u00f3n 1 &#8220;<\/li>\n<li>Di\u00e1metro de descarga 1&#8243;<\/li>\n<li>Flujo 90 LPM<\/li>\n<li>Altura 22 metros<\/li>\n<li>Peso 9 Kg<\/li>\n<\/ul>\n<p>&nbsp;<\/p>\n","protected":false},"featured_media":9026,"template":"","meta":[],"product_cat":[57,169,247],"product_tag":[1021,888,890],"class_list":{"0":"post-6918","1":"product","2":"type-product","3":"status-publish","4":"has-post-thumbnail","6":"product_cat-motobombas","7":"product_cat-electricas","8":"product_cat-domesticas","9":"product_tag-domestica","10":"product_tag-electricos","11":"product_tag-motobombas","13":"first","14":"instock","15":"shipping-taxable","16":"product-type-simple"},"_links":{"self":[{"href":"https:\/\/fiatmachinery.com\/en\/wp-json\/wp\/v2\/product\/6918"}],"collection":[{"href":"https:\/\/fiatmachinery.com\/en\/wp-json\/wp\/v2\/product"}],"about":[{"href":"https:\/\/fiatmachinery.com\/en\/wp-json\/wp\/v2\/types\/product"}],"wp:featuredmedia":[{"embeddable":true,"href":"https:\/\/fiatmachinery.com\/en\/wp-json\/wp\/v2\/media\/9026"}],"wp:attachment":[{"href":"https:\/\/fiatmachinery.com\/en\/wp-json\/wp\/v2\/media?parent=6918"}],"wp:term":[{"taxonomy":"product_cat","embeddable":true,"href":"https:\/\/fiatmachinery.com\/en\/wp-json\/wp\/v2\/product_cat?post=6918"},{"taxonomy":"product_tag","embeddable":true,"href":"https:\/\/fiatmachinery.com\/en\/wp-json\/wp\/v2\/product_tag?post=6918"}],"curies":[{"name":"wp","href":"https:\/\/api.w.org\/{rel}","templated":true}]}}