{"id":6930,"date":"2022-06-14T16:24:21","date_gmt":"2022-06-14T21:24:21","guid":{"rendered":"https:\/\/prodottidiforza.com\/?post_type=product&#038;p=6930"},"modified":"2024-05-22T15:48:21","modified_gmt":"2024-05-22T21:48:21","slug":"soldato21","status":"publish","type":"product","link":"https:\/\/fiatmachinery.com\/en\/producto\/soldato21\/","title":{"rendered":"MOTOBOMBA A GASOLINA PORT\u00c1TIL SOLDATO21"},"content":{"rendered":"<p>La Motobomba Port\u00e1til SOLDATO, es compacta y eficiente por su bomba dise\u00f1ada seg\u00fan la potencia del motor, otorg\u00e1ndoles una poderosa\u00a0 presi\u00f3n y buen caudal. Incluye juego de conexiones.<\/p>\n","protected":false},"excerpt":{"rendered":"<p><strong><span style=\"color: #a2014c\"><img loading=\"lazy\" decoding=\"async\" class=\"alignnone size-full wp-image-4638\" src=\"https:\/\/fiatmachinery.com\/wp-content\/uploads\/2022\/05\/Bandera-fiat-3.png\" alt=\"\" width=\"40\" height=\"31\" \/><\/span><span style=\"color: #993366\">Fiat Professional &#8211; SOLDATO21<\/span><\/strong><\/p>\n<p>Motobomba Port\u00e1til<\/p>\n<p><b>Caracter\u00edsticas<\/b><strong>:<\/strong><\/p>\n<ul>\n<li>Motor: 2 Tiempos<\/li>\n<li>HP: 1.8 HP<\/li>\n<li>Cilindrada: 45 CC<\/li>\n<li>Succi\u00f3n: 1&#8243;<\/li>\n<li>Descarga: 1&#8243;<\/li>\n<li>LPM: 150<\/li>\n<li>Altura: 30 m<\/li>\n<li>Peso: 8.8 Kg<\/li>\n<\/ul>\n<div class=\"materialficha\">\n<h3>DESCARGA MATERIAL DIGITAL<\/h3>\n<\/div>\n<div class=\"materialbtn\"><a class=\"myButton\" href=\"https:\/\/drive.google.com\/file\/d\/13rgguX-reRKTEygQRg3XIpFjy0LhE8Qa\/view?usp=sharing\">FICHA<br \/>\nTECNICA<\/a><\/div>\n","protected":false},"featured_media":8390,"template":"","meta":[],"product_cat":[57,170,252],"product_tag":[887,890,977],"class_list":{"0":"post-6930","1":"product","2":"type-product","3":"status-publish","4":"has-post-thumbnail","6":"product_cat-motobombas","7":"product_cat-gasolina-motobombas","8":"product_cat-portatiles","9":"product_tag-gasolina","10":"product_tag-motobombas","11":"product_tag-portatil","13":"first","14":"instock","15":"shipping-taxable","16":"product-type-simple"},"_links":{"self":[{"href":"https:\/\/fiatmachinery.com\/en\/wp-json\/wp\/v2\/product\/6930"}],"collection":[{"href":"https:\/\/fiatmachinery.com\/en\/wp-json\/wp\/v2\/product"}],"about":[{"href":"https:\/\/fiatmachinery.com\/en\/wp-json\/wp\/v2\/types\/product"}],"wp:featuredmedia":[{"embeddable":true,"href":"https:\/\/fiatmachinery.com\/en\/wp-json\/wp\/v2\/media\/8390"}],"wp:attachment":[{"href":"https:\/\/fiatmachinery.com\/en\/wp-json\/wp\/v2\/media?parent=6930"}],"wp:term":[{"taxonomy":"product_cat","embeddable":true,"href":"https:\/\/fiatmachinery.com\/en\/wp-json\/wp\/v2\/product_cat?post=6930"},{"taxonomy":"product_tag","embeddable":true,"href":"https:\/\/fiatmachinery.com\/en\/wp-json\/wp\/v2\/product_tag?post=6930"}],"curies":[{"name":"wp","href":"https:\/\/api.w.org\/{rel}","templated":true}]}}