{"id":6939,"date":"2022-06-14T16:32:06","date_gmt":"2022-06-14T21:32:06","guid":{"rendered":"https:\/\/prodottidiforza.com\/?post_type=product&#038;p=6939"},"modified":"2022-07-22T16:25:02","modified_gmt":"2022-07-22T21:25:02","slug":"pesci100","status":"publish","type":"product","link":"https:\/\/fiatmachinery.com\/en\/producto\/pesci100\/","title":{"rendered":"PRESURIZADORA PESCI100"},"content":{"rendered":"<p style=\"text-align: left\">Bomba presurizadora FIAT Professional de 270 W, su uso mejora el flujo del agua en hasta 2 tomas simult\u00e1neas. Su sistema hidr\u00e1ulico genera mayor presi\u00f3n al suministro de agua, puede instalarse para generar un mejor flujo en calentadores de paso. Su motor trabaja a una velocidad de 3450 revoluciones por minuto para trabajo a una altura m\u00e1xima de 12.5 m. Su cable conector cuenta con un largo de 139 cm.<\/p>\n","protected":false},"excerpt":{"rendered":"<p><strong><span style=\"color: #a2014c\"><img loading=\"lazy\" decoding=\"async\" class=\"alignnone size-full wp-image-4638\" src=\"https:\/\/fiatmachinery.com\/wp-content\/uploads\/2022\/05\/Bandera-fiat-3.png\" alt=\"\" width=\"40\" height=\"31\" \/><\/span><span style=\"color: #993366\">Fiat Professional &#8211; PESCI100<\/span><\/strong><\/p>\n<p>Bomba presurizadora FIAT Professional de 270 W, su uso mejora el flujo del agua en hasta 2 tomas simult\u00e1neas. Su sistema hidr\u00e1ulico genera mayor presi\u00f3n al suministro de agua, puede instalarse para generar un mejor flujo en calentadores de paso. Su motor trabaja a una velocidad de 3450 revoluciones por minuto para trabajo a una altura m\u00e1xima de 12.5 m. Su cable conector cuenta con un largo de 139 cm.<\/p>\n<p><b>Caracter\u00edsticas<\/b><strong>:<\/strong><\/p>\n<ul>\n<li>Presurizadora Fiat Professional<\/li>\n<li>1 HP<\/li>\n<li>45 LPM<\/li>\n<li>110V \u00f3 220V<\/li>\n<li>60 Hz<\/li>\n<li>Conexiones de 3\/4\u2033<\/li>\n<li>Peso 4.5 Kg<\/li>\n<\/ul>\n<p>&nbsp;<\/p>\n","protected":false},"featured_media":8797,"template":"","meta":[],"product_cat":[57,825],"product_tag":[888,890,1029],"class_list":{"0":"post-6939","1":"product","2":"type-product","3":"status-publish","4":"has-post-thumbnail","6":"product_cat-motobombas","7":"product_cat-presurizados-motobombas","8":"product_tag-electricos","9":"product_tag-motobombas","10":"product_tag-presurizadora","12":"first","13":"instock","14":"shipping-taxable","15":"product-type-simple"},"_links":{"self":[{"href":"https:\/\/fiatmachinery.com\/en\/wp-json\/wp\/v2\/product\/6939"}],"collection":[{"href":"https:\/\/fiatmachinery.com\/en\/wp-json\/wp\/v2\/product"}],"about":[{"href":"https:\/\/fiatmachinery.com\/en\/wp-json\/wp\/v2\/types\/product"}],"wp:featuredmedia":[{"embeddable":true,"href":"https:\/\/fiatmachinery.com\/en\/wp-json\/wp\/v2\/media\/8797"}],"wp:attachment":[{"href":"https:\/\/fiatmachinery.com\/en\/wp-json\/wp\/v2\/media?parent=6939"}],"wp:term":[{"taxonomy":"product_cat","embeddable":true,"href":"https:\/\/fiatmachinery.com\/en\/wp-json\/wp\/v2\/product_cat?post=6939"},{"taxonomy":"product_tag","embeddable":true,"href":"https:\/\/fiatmachinery.com\/en\/wp-json\/wp\/v2\/product_tag?post=6939"}],"curies":[{"name":"wp","href":"https:\/\/api.w.org\/{rel}","templated":true}]}}