{"id":6948,"date":"2022-06-14T16:48:11","date_gmt":"2022-06-14T21:48:11","guid":{"rendered":"https:\/\/prodottidiforza.com\/?post_type=product&#038;p=6948"},"modified":"2022-07-23T13:50:36","modified_gmt":"2022-07-23T18:50:36","slug":"orca75t","status":"publish","type":"product","link":"https:\/\/fiatmachinery.com\/en\/producto\/orca75t\/","title":{"rendered":"SUMERGIBLE TRIF\u00c1SICA ORCA75T"},"content":{"rendered":"<p>Motobomba sumergible Fiat Professional ORCA75T con cuerpo de 4&#8243;, calidad italiana<\/p>\n<p>Incluye caja de control, cuerpo de acero inoxidable, impulsor de noryl. Pr\u00e1cticas y eficientes, ideales para la extracci\u00f3n de agua de pozos profundos con instalaciones desde 4.5&#8243; de di\u00e1metro.<\/p>\n<p style=\"text-align: left\">\n","protected":false},"excerpt":{"rendered":"<p><strong><span style=\"color: #a2014c\"><img loading=\"lazy\" decoding=\"async\" class=\"alignnone size-full wp-image-4638\" src=\"https:\/\/fiatmachinery.com\/wp-content\/uploads\/2022\/05\/Bandera-fiat-3.png\" alt=\"\" width=\"40\" height=\"31\" \/><\/span><span style=\"color: #993366\">Fiat Professional &#8211; ORCA75T<\/span><\/strong><\/p>\n<p>Motobomba sumergible Fiat Professional ORCA75T con cuerpo de 4&#8243;, calidad italiana<\/p>\n<p>Incluye caja de control, cuerpo de acero inoxidable, impulsor de noryl. Pr\u00e1cticas y eficientes, ideales para la extracci\u00f3n de agua de pozos profundos con instalaciones desde 4.5&#8243; de di\u00e1metro.<\/p>\n<p style=\"text-align: left\">\n<p><b>Caracter\u00edsticas<\/b><strong>:<\/strong><\/p>\n<ul>\n<li>MOTOR 7.5 HP<\/li>\n<li>VOLTS 220 TRIF\u00c1SICO<\/li>\n<li>DESCARGA 2&#8243;<\/li>\n<li>ALTURA 155 M<\/li>\n<li>LITROS POR MINUTO 260<\/li>\n<li>PESO 36 Kg<\/li>\n<\/ul>\n<p>&nbsp;<\/p>\n","protected":false},"featured_media":8859,"template":"","meta":[],"product_cat":[57,171,255],"product_tag":[888,890,891,1030],"class_list":{"0":"post-6948","1":"product","2":"type-product","3":"status-publish","4":"has-post-thumbnail","6":"product_cat-motobombas","7":"product_cat-sumergibles","8":"product_cat-trifasicas","9":"product_tag-electricos","10":"product_tag-motobombas","11":"product_tag-sumergibles","12":"product_tag-trifasica","14":"first","15":"instock","16":"shipping-taxable","17":"product-type-simple"},"_links":{"self":[{"href":"https:\/\/fiatmachinery.com\/en\/wp-json\/wp\/v2\/product\/6948"}],"collection":[{"href":"https:\/\/fiatmachinery.com\/en\/wp-json\/wp\/v2\/product"}],"about":[{"href":"https:\/\/fiatmachinery.com\/en\/wp-json\/wp\/v2\/types\/product"}],"wp:featuredmedia":[{"embeddable":true,"href":"https:\/\/fiatmachinery.com\/en\/wp-json\/wp\/v2\/media\/8859"}],"wp:attachment":[{"href":"https:\/\/fiatmachinery.com\/en\/wp-json\/wp\/v2\/media?parent=6948"}],"wp:term":[{"taxonomy":"product_cat","embeddable":true,"href":"https:\/\/fiatmachinery.com\/en\/wp-json\/wp\/v2\/product_cat?post=6948"},{"taxonomy":"product_tag","embeddable":true,"href":"https:\/\/fiatmachinery.com\/en\/wp-json\/wp\/v2\/product_tag?post=6948"}],"curies":[{"name":"wp","href":"https:\/\/api.w.org\/{rel}","templated":true}]}}