{"id":7089,"date":"2022-06-15T13:22:40","date_gmt":"2022-06-15T18:22:40","guid":{"rendered":"https:\/\/prodottidiforza.com\/?post_type=product&#038;p=7089"},"modified":"2022-07-15T17:15:19","modified_gmt":"2022-07-15T22:15:19","slug":"genova-1500-top","status":"publish","type":"product","link":"https:\/\/fiatmachinery.com\/en\/producto\/genova-1500-top\/","title":{"rendered":"SOLDADORA LASER GENOVA1500 TOP"},"content":{"rendered":"<p style=\"text-align: left\">Soldadora Laser FIAT Professional modelo GENOVA 1500 TOP, con tecnolog\u00eda l\u00e1ser de \u00faltima generaci\u00f3n<\/p>\n<p>Soldadura f\u00e1cil de cualquier tipo de material de forma r\u00e1pida y eficiente. Uso industrial con pantalla LCD t\u00e1ctil full HD a colores.<\/p>\n<p>Wire feeder independiente para maximizar el rango de uso de la soldadora.<\/p>\n","protected":false},"excerpt":{"rendered":"<p><strong><span style=\"color: #a2014c\"><img loading=\"lazy\" decoding=\"async\" class=\"alignnone size-full wp-image-4638\" src=\"https:\/\/fiatmachinery.com\/wp-content\/uploads\/2022\/05\/Bandera-fiat-3.png\" alt=\"\" width=\"40\" height=\"31\" \/><\/span><span style=\"color: #993366\">Fiat Professional &#8211; GENOVA1500<\/span><\/strong><\/p>\n<p style=\"text-align: left\">Soldadora Laser FIAT Professional modelo GENOVA 1500 TOP, con tecnolog\u00eda l\u00e1ser de \u00faltima generaci\u00f3n<\/p>\n<p>Soldadura f\u00e1cil de cualquier tipo de material de forma r\u00e1pida y eficiente. Uso industrial con pantalla LCD t\u00e1ctil full HD a colores.<\/p>\n<p>Wire feeder independiente para maximizar el rango de uso de la soldadora.<\/p>\n<p><b>Caracter\u00edsticas<\/b><strong>:<\/strong><\/p>\n<ul>\n<li>Soldadora L\u00e1ser de \u00faltima generaci\u00f3n<\/li>\n<li>1500W de potencia<\/li>\n<li>220V de 1 fase (monof\u00e1sica)<\/li>\n<li>Funciona con CO2 y\/o AR\/CO2<\/li>\n<li>Capacidad de carrete de 15 Kilogramos<\/li>\n<\/ul>\n<p>&nbsp;<\/p>\n","protected":false},"featured_media":8587,"template":"","meta":[],"product_cat":[76,231,924],"product_tag":[903,904,902,901,899,900],"class_list":{"0":"post-7089","1":"product","2":"type-product","3":"status-publish","4":"has-post-thumbnail","6":"product_cat-soldadoras","7":"product_cat-soldadora-laser","8":"product_cat-uso-profesional-cortadora-laser","9":"product_tag-caretas-electronicas","10":"product_tag-cortadora-laser","11":"product_tag-cortadora-plasma","12":"product_tag-soldadora-mig","13":"product_tag-soldadora-mma","14":"product_tag-soldadora-tig","16":"first","17":"instock","18":"shipping-taxable","19":"product-type-simple"},"_links":{"self":[{"href":"https:\/\/fiatmachinery.com\/en\/wp-json\/wp\/v2\/product\/7089"}],"collection":[{"href":"https:\/\/fiatmachinery.com\/en\/wp-json\/wp\/v2\/product"}],"about":[{"href":"https:\/\/fiatmachinery.com\/en\/wp-json\/wp\/v2\/types\/product"}],"wp:featuredmedia":[{"embeddable":true,"href":"https:\/\/fiatmachinery.com\/en\/wp-json\/wp\/v2\/media\/8587"}],"wp:attachment":[{"href":"https:\/\/fiatmachinery.com\/en\/wp-json\/wp\/v2\/media?parent=7089"}],"wp:term":[{"taxonomy":"product_cat","embeddable":true,"href":"https:\/\/fiatmachinery.com\/en\/wp-json\/wp\/v2\/product_cat?post=7089"},{"taxonomy":"product_tag","embeddable":true,"href":"https:\/\/fiatmachinery.com\/en\/wp-json\/wp\/v2\/product_tag?post=7089"}],"curies":[{"name":"wp","href":"https:\/\/api.w.org\/{rel}","templated":true}]}}