{"id":7778,"date":"2022-07-05T12:23:42","date_gmt":"2022-07-05T17:23:42","guid":{"rendered":"https:\/\/prodottidiforza.com\/?post_type=product&#038;p=7778"},"modified":"2022-07-29T12:34:09","modified_gmt":"2022-07-29T17:34:09","slug":"padua","status":"publish","type":"product","link":"https:\/\/fiatmachinery.com\/en\/producto\/padua\/","title":{"rendered":"ASPERSORA POLVOS Y GRANULADOS PADUA"},"content":{"rendered":"<p>La fumigadora de motor PADUA para polvos y granulados especial para realizar trabajos de pulverizaci\u00f3n en jardines, huertos o en grandes campos, para eliminar tambi\u00e9n posibles plagas en plantas y \u00e1rboles.<\/p>\n","protected":false},"excerpt":{"rendered":"<p><strong><span style=\"color: #a2014c\"><img loading=\"lazy\" decoding=\"async\" class=\"alignnone size-full wp-image-4638\" src=\"https:\/\/fiatmachinery.com\/wp-content\/uploads\/2022\/05\/Bandera-fiat-3.png\" alt=\"\" width=\"40\" height=\"31\" \/><\/span><span style=\"color: #993366\">Fiat Professional &#8211; PADUA<\/span><\/strong><\/p>\n<p>Fumigadora de motor PADUA para polvos y granulados con motor a gasolina de 2 tiempos de 3.5HP<\/p>\n<p><b>Caracter\u00edsticas<\/b><strong>:<\/strong><\/p>\n<ul>\n<li>Motor: 2 tiempos<\/li>\n<li>CC: 62.5<\/li>\n<li>HP 3.5<\/li>\n<li>Litros por minuto: 2.65<\/li>\n<li>Tanque de l\u00edquidos:\u00a0 30 lts<\/li>\n<li>Peso: 13 kg<\/li>\n<\/ul>\n","protected":false},"featured_media":8454,"template":"","meta":[],"product_cat":[70,195,291],"product_tag":[983,931,937,979,984,985],"class_list":{"0":"post-7778","1":"product","2":"type-product","3":"status-publish","4":"has-post-thumbnail","6":"product_cat-forestal-jardineria-aspersion","7":"product_cat-aspersoras-de-motor","8":"product_cat-para-polvos-y-granulados","9":"product_tag-aspersora","10":"product_tag-fumigadora","11":"product_tag-granuladora","12":"product_tag-jardineria","13":"product_tag-liquidos","14":"product_tag-polvos","16":"first","17":"instock","18":"shipping-taxable","19":"product-type-simple"},"_links":{"self":[{"href":"https:\/\/fiatmachinery.com\/en\/wp-json\/wp\/v2\/product\/7778"}],"collection":[{"href":"https:\/\/fiatmachinery.com\/en\/wp-json\/wp\/v2\/product"}],"about":[{"href":"https:\/\/fiatmachinery.com\/en\/wp-json\/wp\/v2\/types\/product"}],"wp:featuredmedia":[{"embeddable":true,"href":"https:\/\/fiatmachinery.com\/en\/wp-json\/wp\/v2\/media\/8454"}],"wp:attachment":[{"href":"https:\/\/fiatmachinery.com\/en\/wp-json\/wp\/v2\/media?parent=7778"}],"wp:term":[{"taxonomy":"product_cat","embeddable":true,"href":"https:\/\/fiatmachinery.com\/en\/wp-json\/wp\/v2\/product_cat?post=7778"},{"taxonomy":"product_tag","embeddable":true,"href":"https:\/\/fiatmachinery.com\/en\/wp-json\/wp\/v2\/product_tag?post=7778"}],"curies":[{"name":"wp","href":"https:\/\/api.w.org\/{rel}","templated":true}]}}