{"id":7797,"date":"2022-07-05T14:30:31","date_gmt":"2022-07-05T19:30:31","guid":{"rendered":"https:\/\/prodottidiforza.com\/?post_type=product&#038;p=7797"},"modified":"2022-09-07T17:46:10","modified_gmt":"2022-09-07T22:46:10","slug":"sole10","status":"publish","type":"product","link":"https:\/\/fiatmachinery.com\/en\/producto\/sole10\/","title":{"rendered":"IRRIGADOR AGR\u00cdCOLA SOLE10"},"content":{"rendered":"<p>Ca\u00f1\u00f3n de riego SOLE10 circular<\/p>\n","protected":false},"excerpt":{"rendered":"<p><strong><span style=\"color: #a2014c\"><img loading=\"lazy\" decoding=\"async\" class=\"alignnone size-full wp-image-4638\" src=\"https:\/\/fiatmachinery.com\/wp-content\/uploads\/2022\/05\/Bandera-fiat-3.png\" alt=\"\" width=\"40\" height=\"31\" \/><\/span><span style=\"color: #993366\">Fiat Professional &#8211; SOLE10<\/span><\/strong><\/p>\n<p>Ca\u00f1\u00f3n de riego SOLE10 circular<\/p>\n<p><b>Caracter\u00edsticas<\/b><strong>:<\/strong><\/p>\n<ul>\n<li>Circular<\/li>\n<li>Conexi\u00f3n 3\/4&#8243;<\/li>\n<li>Radio: 11 &#8211; 16 mts<\/li>\n<li>Presi\u00f3n: 2 &#8211; 4 ATM<\/li>\n<li>LPM: 9 &#8211; 43<\/li>\n<li>Peso: 300 gr<\/li>\n<\/ul>\n<p>&nbsp;<\/p>\n","protected":false},"featured_media":9676,"template":"","meta":[],"product_cat":[70,203,299],"product_tag":[933,991,979,992],"class_list":{"0":"post-7797","1":"product","2":"type-product","3":"status-publish","4":"has-post-thumbnail","6":"product_cat-forestal-jardineria-aspersion","7":"product_cat-irrigadores","8":"product_cat-agricolas","9":"product_tag-aspersion","10":"product_tag-irrigador","11":"product_tag-jardineria","12":"product_tag-rociador","14":"first","15":"instock","16":"shipping-taxable","17":"product-type-simple"},"_links":{"self":[{"href":"https:\/\/fiatmachinery.com\/en\/wp-json\/wp\/v2\/product\/7797"}],"collection":[{"href":"https:\/\/fiatmachinery.com\/en\/wp-json\/wp\/v2\/product"}],"about":[{"href":"https:\/\/fiatmachinery.com\/en\/wp-json\/wp\/v2\/types\/product"}],"wp:featuredmedia":[{"embeddable":true,"href":"https:\/\/fiatmachinery.com\/en\/wp-json\/wp\/v2\/media\/9676"}],"wp:attachment":[{"href":"https:\/\/fiatmachinery.com\/en\/wp-json\/wp\/v2\/media?parent=7797"}],"wp:term":[{"taxonomy":"product_cat","embeddable":true,"href":"https:\/\/fiatmachinery.com\/en\/wp-json\/wp\/v2\/product_cat?post=7797"},{"taxonomy":"product_tag","embeddable":true,"href":"https:\/\/fiatmachinery.com\/en\/wp-json\/wp\/v2\/product_tag?post=7797"}],"curies":[{"name":"wp","href":"https:\/\/api.w.org\/{rel}","templated":true}]}}