{"id":7897,"date":"2022-07-05T16:53:52","date_gmt":"2022-07-05T21:53:52","guid":{"rendered":"https:\/\/prodottidiforza.com\/?post_type=product&#038;p=7897"},"modified":"2022-08-30T14:03:53","modified_gmt":"2022-08-30T19:03:53","slug":"a-bateria-cortasetos-giardini","status":"publish","type":"product","link":"https:\/\/fiatmachinery.com\/en\/producto\/a-bateria-cortasetos-giardini\/","title":{"rendered":"A BATER\u00cdA CORTASETOS GIARDINI"},"content":{"rendered":"<p>Cortasetos a bater\u00eda, no incluye cargador ni bater\u00eda<\/p>\n","protected":false},"excerpt":{"rendered":"<p><strong><span style=\"color: #a2014c\"><img loading=\"lazy\" decoding=\"async\" class=\"alignnone size-full wp-image-4638\" src=\"https:\/\/fiatmachinery.com\/wp-content\/uploads\/2022\/05\/Bandera-fiat-3.png\" alt=\"\" width=\"40\" height=\"31\" \/><\/span><span style=\"color: #993366\">Fiat Professional &#8211; GIARDINI<\/span><\/strong><\/p>\n<p>Cortasetos a bater\u00eda<\/p>\n<p><b>Caracter\u00edsticas<\/b><strong>:<\/strong><\/p>\n<ul>\n<li>Motor: 149 W<\/li>\n<li>Velocidad variable de 1,300spm<\/li>\n<li>Capacidad de corte: 15mm<\/li>\n<li>Ancho de corte: 202 (510mm)<\/li>\n<li>Cuchilla con mayor precisi\u00f3n cortada con l\u00e1ser<\/li>\n<li>Mango giratorio 90\u00ba<\/li>\n<li>Con. interruptor de seguridad<\/li>\n<li>Con guarda protectora<\/li>\n<\/ul>\n<p>&nbsp;<\/p>\n","protected":false},"featured_media":9251,"template":"","meta":[],"product_cat":[70,193,282],"product_tag":[980,990,989,979],"class_list":{"0":"post-7897","1":"product","2":"type-product","3":"status-publish","4":"has-post-thumbnail","6":"product_cat-forestal-jardineria-aspersion","7":"product_cat-equipos-a-bateria","8":"product_cat-cortasetos-equipos-a-bateria","9":"product_tag-cortasetos","10":"product_tag-desbrozadora","11":"product_tag-desmalezadora","12":"product_tag-jardineria","14":"first","15":"instock","16":"shipping-taxable","17":"product-type-simple"},"_links":{"self":[{"href":"https:\/\/fiatmachinery.com\/en\/wp-json\/wp\/v2\/product\/7897"}],"collection":[{"href":"https:\/\/fiatmachinery.com\/en\/wp-json\/wp\/v2\/product"}],"about":[{"href":"https:\/\/fiatmachinery.com\/en\/wp-json\/wp\/v2\/types\/product"}],"wp:featuredmedia":[{"embeddable":true,"href":"https:\/\/fiatmachinery.com\/en\/wp-json\/wp\/v2\/media\/9251"}],"wp:attachment":[{"href":"https:\/\/fiatmachinery.com\/en\/wp-json\/wp\/v2\/media?parent=7897"}],"wp:term":[{"taxonomy":"product_cat","embeddable":true,"href":"https:\/\/fiatmachinery.com\/en\/wp-json\/wp\/v2\/product_cat?post=7897"},{"taxonomy":"product_tag","embeddable":true,"href":"https:\/\/fiatmachinery.com\/en\/wp-json\/wp\/v2\/product_tag?post=7897"}],"curies":[{"name":"wp","href":"https:\/\/api.w.org\/{rel}","templated":true}]}}