{"id":7903,"date":"2022-07-05T17:08:01","date_gmt":"2022-07-05T22:08:01","guid":{"rendered":"https:\/\/prodottidiforza.com\/?post_type=product&#038;p=7903"},"modified":"2022-08-30T14:59:51","modified_gmt":"2022-08-30T19:59:51","slug":"a-bateria-motosierra-telescopica-magnoli","status":"publish","type":"product","link":"https:\/\/fiatmachinery.com\/en\/producto\/a-bateria-motosierra-telescopica-magnoli\/","title":{"rendered":"A BATER\u00cdA MOTOSIERRA TELESC\u00d3PICA MAGNOLI"},"content":{"rendered":"<p>Motosierra telesc\u00f3pica a bater\u00eda, no incluye cargador ni bater\u00eda<\/p>\n","protected":false},"excerpt":{"rendered":"<p><strong><span style=\"color: #a2014c\"><img loading=\"lazy\" decoding=\"async\" class=\"alignnone size-full wp-image-4638\" src=\"https:\/\/fiatmachinery.com\/wp-content\/uploads\/2022\/05\/Bandera-fiat-3.png\" alt=\"\" width=\"40\" height=\"31\" \/><\/span><span style=\"color: #993366\">Fiat Professional &#8211; MAGNOLI<\/span><\/strong><\/p>\n<p>Motosierra telesc\u00f3pica a bater\u00eda (solo herramienta)<\/p>\n<p><b>Caracter\u00edsticas<\/b><strong>:<\/strong><\/p>\n<ul>\n<li>Ancho de corte: 200mm<\/li>\n<li>Barra y cadena Oregon<\/li>\n<li>Paso de cadena: 3\/8&#8243;<\/li>\n<li>Velocidad de giro: 8 m\/s<\/li>\n<li>Tiempo de trabajo: &gt;=30 min. con 2 bater\u00eda de 4.0 Ah<\/li>\n<\/ul>\n","protected":false},"featured_media":9265,"template":"","meta":[],"product_cat":[70,193,284],"product_tag":[1014,979,995,1013],"class_list":{"0":"post-7903","1":"product","2":"type-product","3":"status-publish","4":"has-post-thumbnail","6":"product_cat-forestal-jardineria-aspersion","7":"product_cat-equipos-a-bateria","8":"product_cat-motosierras","9":"product_tag-altura","10":"product_tag-jardineria","11":"product_tag-motosierra","12":"product_tag-telescopica","14":"first","15":"instock","16":"shipping-taxable","17":"product-type-simple"},"_links":{"self":[{"href":"https:\/\/fiatmachinery.com\/en\/wp-json\/wp\/v2\/product\/7903"}],"collection":[{"href":"https:\/\/fiatmachinery.com\/en\/wp-json\/wp\/v2\/product"}],"about":[{"href":"https:\/\/fiatmachinery.com\/en\/wp-json\/wp\/v2\/types\/product"}],"wp:featuredmedia":[{"embeddable":true,"href":"https:\/\/fiatmachinery.com\/en\/wp-json\/wp\/v2\/media\/9265"}],"wp:attachment":[{"href":"https:\/\/fiatmachinery.com\/en\/wp-json\/wp\/v2\/media?parent=7903"}],"wp:term":[{"taxonomy":"product_cat","embeddable":true,"href":"https:\/\/fiatmachinery.com\/en\/wp-json\/wp\/v2\/product_cat?post=7903"},{"taxonomy":"product_tag","embeddable":true,"href":"https:\/\/fiatmachinery.com\/en\/wp-json\/wp\/v2\/product_tag?post=7903"}],"curies":[{"name":"wp","href":"https:\/\/api.w.org\/{rel}","templated":true}]}}