{"id":7905,"date":"2022-07-05T17:12:12","date_gmt":"2022-07-05T22:12:12","guid":{"rendered":"https:\/\/prodottidiforza.com\/?post_type=product&#038;p=7905"},"modified":"2022-08-30T15:17:34","modified_gmt":"2022-08-30T20:17:34","slug":"a-bateria-sopladora-begonie","status":"publish","type":"product","link":"https:\/\/fiatmachinery.com\/en\/producto\/a-bateria-sopladora-begonie\/","title":{"rendered":"A BATER\u00cdA SOPLADORA BEGONIE"},"content":{"rendered":"<p>Sopladora a bater\u00eda, no incluye cargador ni bater\u00eda<\/p>\n","protected":false},"excerpt":{"rendered":"<p><strong><span style=\"color: #a2014c\"><img loading=\"lazy\" decoding=\"async\" class=\"alignnone size-full wp-image-4638\" src=\"https:\/\/fiatmachinery.com\/wp-content\/uploads\/2022\/05\/Bandera-fiat-3.png\" alt=\"\" width=\"40\" height=\"31\" \/><\/span><span style=\"color: #993366\">Fiat Professional &#8211; BEGONIE<\/span><\/strong><\/p>\n<p>Sopladora a bater\u00eda (solo herramienta)<\/p>\n<p><b>Caracter\u00edsticas<\/b><strong>:<\/strong><\/p>\n<ul>\n<li>Velocidad ralent\u00ed: 12,000 rpm<\/li>\n<li>Velocidad del aire: 180 km\/hr<\/li>\n<li>Flujo m\u00e1ximo de aire: 38 m3\/hr<\/li>\n<li>Ruido: &lt;= 85 db<\/li>\n<li>Tubo desmontable<\/li>\n<\/ul>\n<p>&nbsp;<\/p>\n","protected":false},"featured_media":9273,"template":"","meta":[],"product_cat":[70,193,286],"product_tag":[978,980,979,995,1012],"class_list":{"0":"post-7905","1":"product","2":"type-product","3":"status-publish","4":"has-post-thumbnail","6":"product_cat-forestal-jardineria-aspersion","7":"product_cat-equipos-a-bateria","8":"product_cat-sopladora","9":"product_tag-cortacesped","10":"product_tag-cortasetos","11":"product_tag-jardineria","12":"product_tag-motosierra","13":"product_tag-multufuncional","15":"first","16":"instock","17":"shipping-taxable","18":"product-type-simple"},"_links":{"self":[{"href":"https:\/\/fiatmachinery.com\/en\/wp-json\/wp\/v2\/product\/7905"}],"collection":[{"href":"https:\/\/fiatmachinery.com\/en\/wp-json\/wp\/v2\/product"}],"about":[{"href":"https:\/\/fiatmachinery.com\/en\/wp-json\/wp\/v2\/types\/product"}],"wp:featuredmedia":[{"embeddable":true,"href":"https:\/\/fiatmachinery.com\/en\/wp-json\/wp\/v2\/media\/9273"}],"wp:attachment":[{"href":"https:\/\/fiatmachinery.com\/en\/wp-json\/wp\/v2\/media?parent=7905"}],"wp:term":[{"taxonomy":"product_cat","embeddable":true,"href":"https:\/\/fiatmachinery.com\/en\/wp-json\/wp\/v2\/product_cat?post=7905"},{"taxonomy":"product_tag","embeddable":true,"href":"https:\/\/fiatmachinery.com\/en\/wp-json\/wp\/v2\/product_tag?post=7905"}],"curies":[{"name":"wp","href":"https:\/\/api.w.org\/{rel}","templated":true}]}}