{"id":8098,"date":"2022-07-07T15:28:07","date_gmt":"2022-07-07T20:28:07","guid":{"rendered":"https:\/\/prodottidiforza.com\/?post_type=product&#038;p=8098"},"modified":"2022-09-08T16:15:10","modified_gmt":"2022-09-08T21:15:10","slug":"motosierra-para-poda","status":"publish","type":"product","link":"https:\/\/fiatmachinery.com\/en\/producto\/motosierra-para-poda\/","title":{"rendered":"MOTOSIERRA PARA PODA FLORENCIA"},"content":{"rendered":"<p>Motosierra de poda FIAT Professional con dise\u00f1o ligero y compacto, con freno de cadena de activaci\u00f3n autom\u00e1tica<\/p>\n","protected":false},"excerpt":{"rendered":"<p><strong><span style=\"color: #a2014c\"><img loading=\"lazy\" decoding=\"async\" class=\"alignnone size-full wp-image-4638\" src=\"https:\/\/fiatmachinery.com\/wp-content\/uploads\/2022\/05\/Bandera-fiat-3.png\" alt=\"\" width=\"40\" height=\"31\" \/><\/span><span style=\"color: #993366\">Fiat Professional &#8211; FLORENCIA<\/span><\/strong><\/p>\n<p>Motosierra de poda FLORENCIA con motor a gasolina de 2 tiempos de 1.6hp<\/p>\n<p><b>Caracter\u00edsticas<\/b><strong>:<\/strong><\/p>\n<ul>\n<li>Cilindrada: 38 cc<\/li>\n<li>HP: 1.6<\/li>\n<li>Capacidad del tanque de combustible: 290 ml<\/li>\n<li>Barra: 14&#8243;<\/li>\n<li>Paso: 3\/8 LP (Mini)<\/li>\n<li>Peso: 5.2 KG<\/li>\n<\/ul>\n<p>&nbsp;<\/p>\n","protected":false},"featured_media":9763,"template":"","meta":[],"product_cat":[70,204],"product_tag":[979,995,999,1000],"class_list":{"0":"post-8098","1":"product","2":"type-product","3":"status-publish","4":"has-post-thumbnail","6":"product_cat-forestal-jardineria-aspersion","7":"product_cat-motosierra-p-poda-y-altura","8":"product_tag-jardineria","9":"product_tag-motosierra","10":"product_tag-podar","11":"product_tag-tala","13":"first","14":"instock","15":"shipping-taxable","16":"product-type-simple"},"_links":{"self":[{"href":"https:\/\/fiatmachinery.com\/en\/wp-json\/wp\/v2\/product\/8098"}],"collection":[{"href":"https:\/\/fiatmachinery.com\/en\/wp-json\/wp\/v2\/product"}],"about":[{"href":"https:\/\/fiatmachinery.com\/en\/wp-json\/wp\/v2\/types\/product"}],"wp:featuredmedia":[{"embeddable":true,"href":"https:\/\/fiatmachinery.com\/en\/wp-json\/wp\/v2\/media\/9763"}],"wp:attachment":[{"href":"https:\/\/fiatmachinery.com\/en\/wp-json\/wp\/v2\/media?parent=8098"}],"wp:term":[{"taxonomy":"product_cat","embeddable":true,"href":"https:\/\/fiatmachinery.com\/en\/wp-json\/wp\/v2\/product_cat?post=8098"},{"taxonomy":"product_tag","embeddable":true,"href":"https:\/\/fiatmachinery.com\/en\/wp-json\/wp\/v2\/product_tag?post=8098"}],"curies":[{"name":"wp","href":"https:\/\/api.w.org\/{rel}","templated":true}]}}