{"id":8216,"date":"2022-07-08T16:37:40","date_gmt":"2022-07-08T21:37:40","guid":{"rendered":"https:\/\/prodottidiforza.com\/?post_type=product&#038;p=8216"},"modified":"2024-01-13T13:47:24","modified_gmt":"2024-01-13T19:47:24","slug":"generador-portatil-tuono6","status":"publish","type":"product","link":"https:\/\/fiatmachinery.com\/en\/producto\/generador-portatil-tuono6\/","title":{"rendered":"GENERADOR PORT\u00c1TIL TUONO6"},"content":{"rendered":"<p style=\"text-align: left\">Los Generadores a Gasolina TUONO, son potentes y versatiles, ideales para el uso en la industria metal mec\u00e1nica, construcci\u00f3n y cualquier necesidad de suministro de energ\u00eda. Con su perfecto dise\u00f1o italiano y embobinado de cobre, le brindan la satisfacci\u00f3n total para el uso que necesite.<\/p>\n","protected":false},"excerpt":{"rendered":"<p><strong><span style=\"color: #a2014c\"><img loading=\"lazy\" decoding=\"async\" class=\"alignnone size-full wp-image-4638\" src=\"https:\/\/fiatmachinery.com\/wp-content\/uploads\/2022\/05\/Bandera-fiat-3.png\" alt=\"\" width=\"40\" height=\"31\" \/><\/span><span style=\"color: #993366\">Fiat Professional &#8211; TUONO6<\/span><\/strong><\/p>\n<p>Generador a Gasolina\u00a0 Monof\u00e1sicos<\/p>\n<p><b>Caracter\u00edsticas<\/b><strong>:<\/strong><\/p>\n<ul>\n<li>Motor: 4 Tiempos<\/li>\n<li>HP: 14 HP<\/li>\n<li>Kw continuos: 6.0 Kw<\/li>\n<li>Kw Pico: 7.0 Kw<\/li>\n<li>Volts: 110\/220 V<\/li>\n<li>Hertz: 60 Hz<\/li>\n<li>Break de trabajo: 27 A<\/li>\n<li>Peso: 86.3 Kg<\/li>\n<\/ul>\n<div class=\"materialficha\">\n<h3>DESCARGA MATERIAL DIGITAL<\/h3>\n<\/div>\n<div class=\"materialbtn\"><a class=\"myButton\" href=\"https:\/\/drive.google.com\/file\/d\/1wo-2WH4Af04WTFDfowyw_xvV_h-06hzJ\/view?usp=sharing\">FICHA<br \/>\nTECNICA<\/a><br \/>\n<a class=\"myButton\" href=\"https:\/\/drive.google.com\/file\/d\/1KPj60EFTy81mYmedPS2Ahh6574BiP_Iy\/view?usp=sharing\">MANUAL DE<br \/>\nUSUARIO<\/a><\/div>\n<div><a class=\"myButton\" href=\"https:\/\/drive.google.com\/file\/d\/1kyO-aJAzsdefVLPIyTNV8XejSlhdnfrq\/view?usp=sharing\">MANUAL DE<br \/>\nDESPIECE<\/a><\/div>\n","protected":false},"featured_media":10299,"template":"","meta":[],"product_cat":[64,234,347],"product_tag":[1066,1068,977],"class_list":{"0":"post-8216","1":"product","2":"type-product","3":"status-publish","4":"has-post-thumbnail","6":"product_cat-construccion-y-generadores","7":"product_cat-generadores-portatiles","8":"product_cat-monofasicos-generadores-portatiles","9":"product_tag-generador","10":"product_tag-monofasico","11":"product_tag-portatil","13":"first","14":"instock","15":"shipping-taxable","16":"product-type-simple"},"_links":{"self":[{"href":"https:\/\/fiatmachinery.com\/en\/wp-json\/wp\/v2\/product\/8216"}],"collection":[{"href":"https:\/\/fiatmachinery.com\/en\/wp-json\/wp\/v2\/product"}],"about":[{"href":"https:\/\/fiatmachinery.com\/en\/wp-json\/wp\/v2\/types\/product"}],"wp:featuredmedia":[{"embeddable":true,"href":"https:\/\/fiatmachinery.com\/en\/wp-json\/wp\/v2\/media\/10299"}],"wp:attachment":[{"href":"https:\/\/fiatmachinery.com\/en\/wp-json\/wp\/v2\/media?parent=8216"}],"wp:term":[{"taxonomy":"product_cat","embeddable":true,"href":"https:\/\/fiatmachinery.com\/en\/wp-json\/wp\/v2\/product_cat?post=8216"},{"taxonomy":"product_tag","embeddable":true,"href":"https:\/\/fiatmachinery.com\/en\/wp-json\/wp\/v2\/product_tag?post=8216"}],"curies":[{"name":"wp","href":"https:\/\/api.w.org\/{rel}","templated":true}]}}