{"id":8264,"date":"2022-07-08T17:09:42","date_gmt":"2022-07-08T22:09:42","guid":{"rendered":"https:\/\/prodottidiforza.com\/?post_type=product&#038;p=8264"},"modified":"2025-07-11T18:00:59","modified_gmt":"2025-07-12T00:00:59","slug":"hidrolavadora-electrica-milan2500","status":"publish","type":"product","link":"https:\/\/fiatmachinery.com\/en\/producto\/hidrolavadora-electrica-milan2500\/","title":{"rendered":"HIDROLAVADORA EL\u00c9CTRICA MILAN2500"},"content":{"rendered":"","protected":false},"excerpt":{"rendered":"<p><strong><span style=\"color: #a2014c\"><img loading=\"lazy\" decoding=\"async\" class=\"alignnone size-full wp-image-4638\" src=\"https:\/\/fiatmachinery.com\/wp-content\/uploads\/2022\/05\/Bandera-fiat-3.png\" alt=\"\" width=\"40\" height=\"31\" \/><\/span><span style=\"color: #993366\">Fiat Professional &#8211; MILAN2500<\/span><\/strong><\/p>\n<p>Hidrolavadora FIAT Professional con 2030 PSI de presi\u00f3n, es la m\u00e1quina ideal para trabajos con presi\u00f3n de agua y lavado.<\/p>\n<p><b>Caracter\u00edsticas<\/b><strong>:<\/strong><\/p>\n<ul>\n<li>Motor el\u00e9ctrico Fiat Professional<\/li>\n<li>2100 Watts de potencia<\/li>\n<li>Disponible en 110V \u00f3 220V<\/li>\n<li>2030 PSI de presi\u00f3n<\/li>\n<li>Carrete para manguera y ruedas para f\u00e1cil transporte<\/li>\n<\/ul>\n<p><a class=\"myButton\" href=\"https:\/\/drive.google.com\/file\/d\/1fIU3ql_8kZseEG8poBDPJFZM6uS_QpA5\/view?usp=sharing\">FICHA<br \/>\nTECNICA<\/a><\/p>\n","protected":false},"featured_media":13192,"template":"","meta":[],"product_cat":[77,236,352],"product_tag":[1074,1019,1047,1048],"class_list":{"0":"post-8264","1":"product","2":"type-product","3":"status-publish","4":"has-post-thumbnail","6":"product_cat-maquinaria-para-industria-oficios","7":"product_cat-hidrolavadoras-electricas","8":"product_cat-axiales","9":"product_tag-axial","10":"product_tag-electrica","11":"product_tag-hidrolavadora","12":"product_tag-lavadora","14":"first","15":"instock","16":"shipping-taxable","17":"product-type-simple"},"_links":{"self":[{"href":"https:\/\/fiatmachinery.com\/en\/wp-json\/wp\/v2\/product\/8264"}],"collection":[{"href":"https:\/\/fiatmachinery.com\/en\/wp-json\/wp\/v2\/product"}],"about":[{"href":"https:\/\/fiatmachinery.com\/en\/wp-json\/wp\/v2\/types\/product"}],"wp:featuredmedia":[{"embeddable":true,"href":"https:\/\/fiatmachinery.com\/en\/wp-json\/wp\/v2\/media\/13192"}],"wp:attachment":[{"href":"https:\/\/fiatmachinery.com\/en\/wp-json\/wp\/v2\/media?parent=8264"}],"wp:term":[{"taxonomy":"product_cat","embeddable":true,"href":"https:\/\/fiatmachinery.com\/en\/wp-json\/wp\/v2\/product_cat?post=8264"},{"taxonomy":"product_tag","embeddable":true,"href":"https:\/\/fiatmachinery.com\/en\/wp-json\/wp\/v2\/product_tag?post=8264"}],"curies":[{"name":"wp","href":"https:\/\/api.w.org\/{rel}","templated":true}]}}