{"id":8265,"date":"2022-07-08T17:11:25","date_gmt":"2022-07-08T22:11:25","guid":{"rendered":"https:\/\/prodottidiforza.com\/?post_type=product&#038;p=8265"},"modified":"2024-06-20T14:43:13","modified_gmt":"2024-06-20T20:43:13","slug":"hidrolavadora-electrica-milan1600top","status":"publish","type":"product","link":"https:\/\/fiatmachinery.com\/en\/producto\/hidrolavadora-electrica-milan1600top\/","title":{"rendered":"HIDROLAVADORA EL\u00c9CTRICA MILAN1600TOP"},"content":{"rendered":"<p style=\"text-align: left\">La hidrolavadora el\u00e9ctrica MILAN 1600 TOP, por su poderosa bomba triplex es altamente recomendable para uso rudo, para los verdaderos trabajos profesionales en la limpieza continua de autom\u00f3viles, chiqueros\u00a0 cualquier necesidad de limpieza a alta presi\u00f3n.<\/p>\n","protected":false},"excerpt":{"rendered":"<p><strong><span style=\"color: #a2014c\"><img loading=\"lazy\" decoding=\"async\" class=\"alignnone size-full wp-image-4638\" src=\"https:\/\/fiatmachinery.com\/wp-content\/uploads\/2022\/05\/Bandera-fiat-3.png\" alt=\"\" width=\"40\" height=\"31\" \/><\/span><span style=\"color: #993366\">Fiat Professional &#8211; MILAN1600TOP<\/span><\/strong><\/p>\n<p>Hidrolavadora FIAT Professional con 1450 PSI de presi\u00f3n, es la m\u00e1quina ideal para trabajos con presi\u00f3n de agua y lavado.<\/p>\n<p><b>Caracter\u00edsticas<\/b><strong>:<\/strong><\/p>\n<ul>\n<li>Motor el\u00e9ctrico Fiat Professional<\/li>\n<li>2.5 HP<\/li>\n<li>Disponible en 110V<\/li>\n<li>1450 PSI de presi\u00f3n<\/li>\n<li>Ruedas para f\u00e1cil transporte<\/li>\n<\/ul>\n<div class=\"materialficha\">\n<h3>DESCARGA MATERIAL DIGITAL<\/h3>\n<\/div>\n<div class=\"materialbtn\"><a class=\"myButton\" href=\"https:\/\/drive.google.com\/file\/d\/15NPVrhi4sruynuVYTCHtT5Dw8vYiml5o\/view?usp=sharing\">FICHA<br \/>\nTECNICA<\/a><br \/>\n<a class=\"myButton\" href=\"https:\/\/drive.google.com\/file\/d\/1KyWO9Js5huiSd4Pm3jeeVjsRyvsYu0m2\/view?usp=sharing\">MANUAL DE<br \/>\nUSUARIO<\/a><\/div>\n<p>&nbsp;<\/p>\n","protected":false},"featured_media":11096,"template":"","meta":[],"product_cat":[77,236,353],"product_tag":[1074,1019,1047,1048],"class_list":{"0":"post-8265","1":"product","2":"type-product","3":"status-publish","4":"has-post-thumbnail","6":"product_cat-maquinaria-para-industria-oficios","7":"product_cat-hidrolavadoras-electricas","8":"product_cat-triplex","9":"product_tag-axial","10":"product_tag-electrica","11":"product_tag-hidrolavadora","12":"product_tag-lavadora","14":"first","15":"instock","16":"shipping-taxable","17":"product-type-simple"},"_links":{"self":[{"href":"https:\/\/fiatmachinery.com\/en\/wp-json\/wp\/v2\/product\/8265"}],"collection":[{"href":"https:\/\/fiatmachinery.com\/en\/wp-json\/wp\/v2\/product"}],"about":[{"href":"https:\/\/fiatmachinery.com\/en\/wp-json\/wp\/v2\/types\/product"}],"wp:featuredmedia":[{"embeddable":true,"href":"https:\/\/fiatmachinery.com\/en\/wp-json\/wp\/v2\/media\/11096"}],"wp:attachment":[{"href":"https:\/\/fiatmachinery.com\/en\/wp-json\/wp\/v2\/media?parent=8265"}],"wp:term":[{"taxonomy":"product_cat","embeddable":true,"href":"https:\/\/fiatmachinery.com\/en\/wp-json\/wp\/v2\/product_cat?post=8265"},{"taxonomy":"product_tag","embeddable":true,"href":"https:\/\/fiatmachinery.com\/en\/wp-json\/wp\/v2\/product_tag?post=8265"}],"curies":[{"name":"wp","href":"https:\/\/api.w.org\/{rel}","templated":true}]}}