{"id":9054,"date":"2022-08-23T17:53:11","date_gmt":"2022-08-23T22:53:11","guid":{"rendered":"https:\/\/prodottidiforza.com\/?post_type=product&#038;p=9054"},"modified":"2022-08-26T15:26:53","modified_gmt":"2022-08-26T20:26:53","slug":"tijera-de-podar-a-bateria-fressino","status":"publish","type":"product","link":"https:\/\/fiatmachinery.com\/en\/producto\/tijera-de-podar-a-bateria-fressino\/","title":{"rendered":"TIJERA DE PODAR A BATER\u00cdA FRESSINOTOP"},"content":{"rendered":"<p style=\"text-align: left\">Tijera de podar (prunner)\u00a0 a bater\u00eda, con motor libre de carbones el cu\u00e1l no requiere mantenimiento y evita el desgaste prematuro. No incluye cargador ni bater\u00eda<\/p>\n","protected":false},"excerpt":{"rendered":"<p><strong><span style=\"color: #a2014c\"><img loading=\"lazy\" decoding=\"async\" class=\"alignnone size-full wp-image-4638\" src=\"https:\/\/fiatmachinery.com\/wp-content\/uploads\/2022\/05\/Bandera-fiat-3.png\" alt=\"\" width=\"40\" height=\"31\" \/><\/span><span style=\"color: #993366\">Fiat professional &#8211; FRESSINO<\/span><\/strong><\/p>\n<p>Tijera de podar (prunner) a bater\u00eda (solo herramienta)<\/p>\n<p><b>Caracter\u00edsticas<\/b><strong>:<\/strong><\/p>\n<ul>\n<li>Motor libre de carbones<\/li>\n<li>Capacidad de corte: 30 mm<\/li>\n<li>Switch de encendido-apagado<\/li>\n<li>Interruptor de seguridad para evitar arranque accidental<\/li>\n<li>Tiempo de trabajo: 100 min con una bater\u00eda de 2.0 Ah<\/li>\n<li>Tiempo de vida de cuchilla: 500,000 cortes<\/li>\n<li>No incluye cargador ni bater\u00eda<\/li>\n<\/ul>\n","protected":false},"featured_media":9160,"template":"","meta":[],"product_cat":[75,1104],"product_tag":[922,921,1106,1105],"class_list":{"0":"post-9054","1":"product","2":"type-product","3":"status-publish","4":"has-post-thumbnail","6":"product_cat-herramienta-electrica-bateria","7":"product_cat-tijera-de-podar","8":"product_tag-bateria","9":"product_tag-herramienta-electrica","10":"product_tag-pruner","11":"product_tag-tijera-para-podar","13":"first","14":"instock","15":"shipping-taxable","16":"product-type-simple"},"_links":{"self":[{"href":"https:\/\/fiatmachinery.com\/en\/wp-json\/wp\/v2\/product\/9054"}],"collection":[{"href":"https:\/\/fiatmachinery.com\/en\/wp-json\/wp\/v2\/product"}],"about":[{"href":"https:\/\/fiatmachinery.com\/en\/wp-json\/wp\/v2\/types\/product"}],"wp:featuredmedia":[{"embeddable":true,"href":"https:\/\/fiatmachinery.com\/en\/wp-json\/wp\/v2\/media\/9160"}],"wp:attachment":[{"href":"https:\/\/fiatmachinery.com\/en\/wp-json\/wp\/v2\/media?parent=9054"}],"wp:term":[{"taxonomy":"product_cat","embeddable":true,"href":"https:\/\/fiatmachinery.com\/en\/wp-json\/wp\/v2\/product_cat?post=9054"},{"taxonomy":"product_tag","embeddable":true,"href":"https:\/\/fiatmachinery.com\/en\/wp-json\/wp\/v2\/product_tag?post=9054"}],"curies":[{"name":"wp","href":"https:\/\/api.w.org\/{rel}","templated":true}]}}