{"id":6545,"date":"2020-06-12T08:11:28","date_gmt":"2020-06-12T13:11:28","guid":{"rendered":"https:\/\/prodottidiforza.com\/informativa-sulla-privacy\/"},"modified":"2022-06-02T02:40:20","modified_gmt":"2022-06-02T07:40:20","slug":"informativa-sulla-privacy","status":"publish","type":"page","link":"https:\/\/fiatmachinery.com\/it\/informativa-sulla-privacy\/","title":{"rendered":"Informativa sulla Privacy"},"content":{"rendered":"<p>BRHENER<br\/>British Holland Energy Equipment SA DE CV., \u00e8 una societ\u00e0 creata per la rappresentanza in Messico di prodotti energetici di aziende transnazionali, i cui marchi sono ampiamente riconosciuti, sommata alla vasta esperienza del capitale umano che la compone, che apportano le proprie conoscenze e passione per la commercializzazione di prodotti di qualit\u00e0. &#8220;Moving the world&#8221; \u00e8 la filosofia di base, dove ogni macchina pu\u00f2 fare la differenza tra fare lo stesso o trasformarsi verso la leadership.<\/p><p>BH Energy Equipment apprezza la tua preferenza e ti augura successo e buoni affari.<\/p>","protected":false},"excerpt":{"rendered":"<p>BRHENERBritish Holland Energy Equipment SA DE CV., \u00e8 una societ\u00e0 creata per la rappresentanza in Messico di prodotti energetici di aziende transnazionali, i cui marchi sono ampiamente riconosciuti, sommata alla vasta esperienza del capitale umano che la compone, che apportano le proprie conoscenze e passione per la commercializzazione di prodotti di qualit\u00e0. &#8220;Moving the world&#8221;&#8230;<\/p>\n","protected":false},"author":6,"featured_media":0,"parent":0,"menu_order":0,"comment_status":"closed","ping_status":"closed","template":"","meta":{"footnotes":""},"class_list":["post-6545","page","type-page","status-publish","hentry"],"_links":{"self":[{"href":"https:\/\/fiatmachinery.com\/it\/wp-json\/wp\/v2\/pages\/6545"}],"collection":[{"href":"https:\/\/fiatmachinery.com\/it\/wp-json\/wp\/v2\/pages"}],"about":[{"href":"https:\/\/fiatmachinery.com\/it\/wp-json\/wp\/v2\/types\/page"}],"author":[{"embeddable":true,"href":"https:\/\/fiatmachinery.com\/it\/wp-json\/wp\/v2\/users\/6"}],"replies":[{"embeddable":true,"href":"https:\/\/fiatmachinery.com\/it\/wp-json\/wp\/v2\/comments?post=6545"}],"version-history":[{"count":1,"href":"https:\/\/fiatmachinery.com\/it\/wp-json\/wp\/v2\/pages\/6545\/revisions"}],"predecessor-version":[{"id":6546,"href":"https:\/\/fiatmachinery.com\/it\/wp-json\/wp\/v2\/pages\/6545\/revisions\/6546"}],"wp:attachment":[{"href":"https:\/\/fiatmachinery.com\/it\/wp-json\/wp\/v2\/media?parent=6545"}],"curies":[{"name":"wp","href":"https:\/\/api.w.org\/{rel}","templated":true}]}}