{"id":12033,"date":"2024-05-21T15:38:19","date_gmt":"2024-05-21T21:38:19","guid":{"rendered":"https:\/\/fiatmachinery.com\/?post_type=product&#038;p=12033"},"modified":"2024-05-31T13:52:52","modified_gmt":"2024-05-31T19:52:52","slug":"aspersora-manual-fiorentina-top","status":"publish","type":"product","link":"https:\/\/fiatmachinery.com\/it\/producto\/aspersora-manual-fiorentina-top\/","title":{"rendered":"ASPERSORA MANUAL FIORENTINA TOP"},"content":{"rendered":"<p>Las aspersoras manuales FIORENTINA TOP cuentan con un sistema de bombeo con pist\u00f3n de acero inoxidable, que las hace resistentes, pr\u00e1cticas y seguras. Ideales para utilizar en invernaderos, ganader\u00eda, agricultura y control de plagas.<\/p>\n","protected":false},"excerpt":{"rendered":"<p><strong><span style=\"color: #a2014c\"><img loading=\"lazy\" decoding=\"async\" class=\"alignnone size-full wp-image-4638\" src=\"https:\/\/fiatmachinery.com\/wp-content\/uploads\/2022\/05\/Bandera-fiat-3.png\" alt=\"\" width=\"40\" height=\"31\" \/> Fiat Professional &#8211; FIORENTINA TOP<\/span><\/strong><\/p>\n<p>Aspersora manual FIORENTINA TOP con tanque de 20lts<\/p>\n<p><strong>Caracter\u00edsticas:<\/strong><\/p>\n<ul>\n<li>Capacidad de tanque: 20 Lts<\/li>\n<li>Peso: 4.5 Kg\n<div class=\"materialficha\">\n<h3><\/h3>\n<h3>DESCARGA MATERIAL DIGITAL<\/h3>\n<\/div>\n<div class=\"materialbtn\"><a class=\"myButton\" href=\"https:\/\/drive.google.com\/file\/d\/1b0zVPWK9dzr5sS0rHERQ1VaVqeEdqOvS\/view?usp=sharing\">FICHA<br \/>\nTECNICA<\/a><br \/>\n<a class=\"myButton\" href=\"#\">MANUAL DE<br \/>\nUSUARIO<\/a><br \/>\n<a class=\"myButton\" href=\"#\">MANUAL DE<br \/>\nDESPIECE<\/a><\/div>\n<\/li>\n<\/ul>\n","protected":false},"featured_media":12034,"template":"","meta":[],"product_cat":[70,194,287],"product_tag":[],"class_list":{"0":"post-12033","1":"product","2":"type-product","3":"status-publish","4":"has-post-thumbnail","6":"product_cat-forestal-jardineria-aspersion","7":"product_cat-aspersoras-manuales","8":"product_cat-para-liquidos","10":"first","11":"instock","12":"product-type-simple"},"_links":{"self":[{"href":"https:\/\/fiatmachinery.com\/it\/wp-json\/wp\/v2\/product\/12033"}],"collection":[{"href":"https:\/\/fiatmachinery.com\/it\/wp-json\/wp\/v2\/product"}],"about":[{"href":"https:\/\/fiatmachinery.com\/it\/wp-json\/wp\/v2\/types\/product"}],"wp:featuredmedia":[{"embeddable":true,"href":"https:\/\/fiatmachinery.com\/it\/wp-json\/wp\/v2\/media\/12034"}],"wp:attachment":[{"href":"https:\/\/fiatmachinery.com\/it\/wp-json\/wp\/v2\/media?parent=12033"}],"wp:term":[{"taxonomy":"product_cat","embeddable":true,"href":"https:\/\/fiatmachinery.com\/it\/wp-json\/wp\/v2\/product_cat?post=12033"},{"taxonomy":"product_tag","embeddable":true,"href":"https:\/\/fiatmachinery.com\/it\/wp-json\/wp\/v2\/product_tag?post=12033"}],"curies":[{"name":"wp","href":"https:\/\/api.w.org\/{rel}","templated":true}]}}