{"id":12116,"date":"2024-05-31T12:30:00","date_gmt":"2024-05-31T18:30:00","guid":{"rendered":"https:\/\/fiatmachinery.com\/?post_type=product&#038;p=12116"},"modified":"2024-05-31T13:49:02","modified_gmt":"2024-05-31T19:49:02","slug":"a-bateria-cortacesped-girasoli-top","status":"publish","type":"product","link":"https:\/\/fiatmachinery.com\/it\/producto\/a-bateria-cortacesped-girasoli-top\/","title":{"rendered":"A BATER\u00cdA CORTAC\u00c9SPED GIRASOLI TOP"},"content":{"rendered":"<p>Cortacesped podadora a bater\u00eda con motor libre de carbones el cu\u00e1l no requiere mantenimiento y evita el desgaste prematuro. No incluye cargador ni bater\u00eda<\/p>\n","protected":false},"excerpt":{"rendered":"<p><strong><span style=\"color: #a2014c\"><img loading=\"lazy\" decoding=\"async\" class=\"alignnone size-full wp-image-4638\" src=\"https:\/\/fiatmachinery.com\/wp-content\/uploads\/2022\/05\/Bandera-fiat-3.png\" alt=\"\" width=\"40\" height=\"31\" \/> Fiat Professional &#8211; GIRASOLI TOP<\/span><\/strong><\/p>\n<p>Cortacesped podadora a bater\u00eda (solo equipo sin bater\u00edas ni cargador)<\/p>\n<p><b>Caracter\u00edsticas<\/b><strong>:<\/strong><\/p>\n<ul>\n<li>Cantidad de bater\u00edas: 2<\/li>\n<li>Volts 20V<\/li>\n<li>Velocidad sin carga 3300 rpm<\/li>\n<li>Di\u00e1metro de corte 430 mm (17&#8243;)<\/li>\n<li>Capacidad de bolsa: 50 L<\/li>\n<li>Rueda delantera: 7<\/li>\n<li>Rueda trasera: 10&#8243;<\/li>\n<li>Posiciones de corte:\u00a0 6 posiciones<\/li>\n<li>Altura de corte: 25-75 mm<\/li>\n<li>Peso 13.5<\/li>\n<li>Dimensiones 81 x 49 x 40 cm<\/li>\n<\/ul>\n","protected":false},"featured_media":12118,"template":"","meta":[],"product_cat":[70,193,281],"product_tag":[976,978,986],"class_list":{"0":"post-12116","1":"product","2":"type-product","3":"status-publish","4":"has-post-thumbnail","6":"product_cat-forestal-jardineria-aspersion","7":"product_cat-equipos-a-bateria","8":"product_cat-cortacesped-equipos-a-bateria","9":"product_tag-a-bateria","10":"product_tag-cortacesped","11":"product_tag-podadora","13":"first","14":"instock","15":"shipping-taxable","16":"product-type-simple"},"_links":{"self":[{"href":"https:\/\/fiatmachinery.com\/it\/wp-json\/wp\/v2\/product\/12116"}],"collection":[{"href":"https:\/\/fiatmachinery.com\/it\/wp-json\/wp\/v2\/product"}],"about":[{"href":"https:\/\/fiatmachinery.com\/it\/wp-json\/wp\/v2\/types\/product"}],"wp:featuredmedia":[{"embeddable":true,"href":"https:\/\/fiatmachinery.com\/it\/wp-json\/wp\/v2\/media\/12118"}],"wp:attachment":[{"href":"https:\/\/fiatmachinery.com\/it\/wp-json\/wp\/v2\/media?parent=12116"}],"wp:term":[{"taxonomy":"product_cat","embeddable":true,"href":"https:\/\/fiatmachinery.com\/it\/wp-json\/wp\/v2\/product_cat?post=12116"},{"taxonomy":"product_tag","embeddable":true,"href":"https:\/\/fiatmachinery.com\/it\/wp-json\/wp\/v2\/product_tag?post=12116"}],"curies":[{"name":"wp","href":"https:\/\/api.w.org\/{rel}","templated":true}]}}