{"id":12136,"date":"2024-05-31T14:39:56","date_gmt":"2024-05-31T20:39:56","guid":{"rendered":"https:\/\/fiatmachinery.com\/?post_type=product&#038;p=12136"},"modified":"2024-05-31T14:44:26","modified_gmt":"2024-05-31T20:44:26","slug":"motosierra-para-lena-y-desrame-palermo4720sr","status":"publish","type":"product","link":"https:\/\/fiatmachinery.com\/it\/producto\/motosierra-para-lena-y-desrame-palermo4720sr\/","title":{"rendered":"MOTOSIERRA PARA LE\u00d1A Y DESRAME PALERMO4720SR"},"content":{"rendered":"<p>La motosierra PALERMO47 por su versatilidad, es ideal para el desrame de \u00e1rboles y para el uso en la ganader\u00eda y la jardiner\u00eda. F\u00e1cil de encender y operar.<\/p>\n","protected":false},"excerpt":{"rendered":"<p><strong><span style=\"color: #a2014c\"><img loading=\"lazy\" decoding=\"async\" class=\"alignnone size-full wp-image-4638\" src=\"https:\/\/fiatmachinery.com\/wp-content\/uploads\/2022\/05\/Bandera-fiat-3.png\" alt=\"\" width=\"40\" height=\"31\" \/> Fiat Professional &#8211; PALERMO4720SR<\/span><\/strong><\/p>\n<p>Motosierra 47cc con motor a gasolina 2 tiempos de 2.5hp y con barra 20&#8243;<\/p>\n<p><b>Caracter\u00edsticas<\/b><strong>:<\/strong><\/p>\n<ul>\n<li>Motor: 2 tiempos<\/li>\n<li>HP: 2.5<\/li>\n<li>Cilindrada: 50 cc<\/li>\n<li>Barra: 20&#8243;<\/li>\n<li>Paso: .325<\/li>\n<li>Empaque: 47 x 27 x 33 cm<\/li>\n<li>Peso: 8 Kg<\/li>\n<\/ul>\n<div class=\"materialficha\">\n<h3>DESCARGA MATERIAL DIGITAL<\/h3>\n<\/div>\n<div class=\"materialbtn\"><a class=\"myButton\" href=\"https:\/\/drive.google.com\/file\/d\/13ACXws2qBj7MkAFa6kKTG3O2EPnuCIMe\/view?usp=sharing\">FICHA<br \/>\nTECNICA<\/a><\/div>\n","protected":false},"featured_media":7862,"template":"","meta":[],"product_cat":[70,205,300],"product_tag":[998,994,979,995,997],"class_list":{"0":"post-12136","1":"product","2":"type-product","3":"status-publish","4":"has-post-thumbnail","6":"product_cat-forestal-jardineria-aspersion","7":"product_cat-motosierra-p-lena-y-desrame","8":"product_cat-uso-hobby-motosierra-p-lena-y-desrame","9":"product_tag-desrame","10":"product_tag-forestal","11":"product_tag-jardineria","12":"product_tag-motosierra","13":"product_tag-poda","15":"first","16":"instock","17":"product-type-simple"},"_links":{"self":[{"href":"https:\/\/fiatmachinery.com\/it\/wp-json\/wp\/v2\/product\/12136"}],"collection":[{"href":"https:\/\/fiatmachinery.com\/it\/wp-json\/wp\/v2\/product"}],"about":[{"href":"https:\/\/fiatmachinery.com\/it\/wp-json\/wp\/v2\/types\/product"}],"wp:featuredmedia":[{"embeddable":true,"href":"https:\/\/fiatmachinery.com\/it\/wp-json\/wp\/v2\/media\/7862"}],"wp:attachment":[{"href":"https:\/\/fiatmachinery.com\/it\/wp-json\/wp\/v2\/media?parent=12136"}],"wp:term":[{"taxonomy":"product_cat","embeddable":true,"href":"https:\/\/fiatmachinery.com\/it\/wp-json\/wp\/v2\/product_cat?post=12136"},{"taxonomy":"product_tag","embeddable":true,"href":"https:\/\/fiatmachinery.com\/it\/wp-json\/wp\/v2\/product_tag?post=12136"}],"curies":[{"name":"wp","href":"https:\/\/api.w.org\/{rel}","templated":true}]}}