{"id":4487,"date":"2022-05-16T21:55:10","date_gmt":"2022-05-17T02:55:10","guid":{"rendered":"https:\/\/prodottidiforza.com\/product\/cabrio44c\/"},"modified":"2024-05-07T10:55:50","modified_gmt":"2024-05-07T16:55:50","slug":"cabrio44c","status":"publish","type":"product","link":"https:\/\/fiatmachinery.com\/it\/producto\/cabrio44c\/","title":{"rendered":"MOTOBOMBA DI\u00c9SEL CENTRIFUGA CABRIO44C"},"content":{"rendered":"<p>La l\u00ednea de motobombas di\u00e9sel CABRIO44C con cabeza de fierro de 4&#8243; de succi\u00f3n y 4&#8243; de descarga, son la opci\u00f3n perfecta ya que cuentan con sistema de arranque el\u00e9ctrico y manual retr\u00e1ctil. Su novedoso motor mantiene un consumo eficiente de combustible y bajo costo de mantenimiento. Son \u00fatiles para agricultura y ganader\u00eda.<\/p>\n","protected":false},"excerpt":{"rendered":"<p><strong><span style=\"color: #a2014c\"><img loading=\"lazy\" decoding=\"async\" class=\"alignnone size-full wp-image-4638\" src=\"https:\/\/fiatmachinery.com\/wp-content\/uploads\/2022\/05\/Bandera-fiat-3.png\" alt=\"\" width=\"40\" height=\"31\" \/> Fiat Professional &#8211; CABRIO44C<\/span><\/strong><\/p>\n<p>La l\u00ednea de motobombas di\u00e9sel CABRIO44C con cabeza de fierro de 4&#8243; de succi\u00f3n y 4&#8243; de descarga, son la opci\u00f3n perfecta ya que cuentan con sistema de arranque el\u00e9ctrico y manual retr\u00e1ctil. Su novedoso motor mantiene un consumo eficiente de combustible y bajo costo de mantenimiento. Son \u00fatiles para agricultura y ganader\u00eda.<\/p>\n<p><b>Caracter\u00edsticas<\/b><strong>:<\/strong><\/p>\n<ul>\n<li>Motor: DICAPO 120<\/li>\n<li>Combustible: Di\u00e9sel<\/li>\n<li>HP: 12 HP<\/li>\n<li>Succi\u00f3n: 4<\/li>\n<li>Descarga: 4<\/li>\n<li>LPM: 1600 Lts<\/li>\n<li>Altura: 50 M<\/li>\n<li>Peso: 74 Kg<\/li>\n<li>Empaque: 65 x 50 x 73 cm\n<div class=\"materialficha\">\n<h3>DESCARGA MATERIAL DIGITAL<\/h3>\n<\/div>\n<div class=\"materialbtn\"><a class=\"myButton\" href=\"https:\/\/drive.google.com\/file\/d\/1z4QvEqQD8cfKi6Emy8JBjuzUqVO7DUEy\/view?usp=sharing\">FICHA<br \/>\nTECNICA<\/a><br \/>\n<a class=\"myButton\" href=\"https:\/\/drive.google.com\/file\/d\/1NbPWSs5t8soJoLPyMTdOdlflbQs67hUU\/view?usp=sharing\">MANUAL DE<br \/>\nUSUARIO<\/a><\/div>\n<\/li>\n<\/ul>\n","protected":false},"featured_media":11678,"template":"","meta":[],"product_cat":[57,168,245],"product_tag":[1017,885,890,1018],"class_list":{"0":"post-4487","1":"product","2":"type-product","3":"status-publish","4":"has-post-thumbnail","6":"product_cat-motobombas","7":"product_cat-diesel-motobombas","8":"product_cat-centrifugas","9":"product_tag-centrifugas","10":"product_tag-diesel","11":"product_tag-motobombas","12":"product_tag-riego","14":"first","15":"instock","16":"product-type-simple"},"_links":{"self":[{"href":"https:\/\/fiatmachinery.com\/it\/wp-json\/wp\/v2\/product\/4487"}],"collection":[{"href":"https:\/\/fiatmachinery.com\/it\/wp-json\/wp\/v2\/product"}],"about":[{"href":"https:\/\/fiatmachinery.com\/it\/wp-json\/wp\/v2\/types\/product"}],"wp:featuredmedia":[{"embeddable":true,"href":"https:\/\/fiatmachinery.com\/it\/wp-json\/wp\/v2\/media\/11678"}],"wp:attachment":[{"href":"https:\/\/fiatmachinery.com\/it\/wp-json\/wp\/v2\/media?parent=4487"}],"wp:term":[{"taxonomy":"product_cat","embeddable":true,"href":"https:\/\/fiatmachinery.com\/it\/wp-json\/wp\/v2\/product_cat?post=4487"},{"taxonomy":"product_tag","embeddable":true,"href":"https:\/\/fiatmachinery.com\/it\/wp-json\/wp\/v2\/product_tag?post=4487"}],"curies":[{"name":"wp","href":"https:\/\/api.w.org\/{rel}","templated":true}]}}