{"id":4488,"date":"2022-05-16T21:55:10","date_gmt":"2022-05-17T02:55:10","guid":{"rendered":"https:\/\/prodottidiforza.com\/product\/ciclone33c\/"},"modified":"2024-05-22T12:54:50","modified_gmt":"2024-05-22T18:54:50","slug":"ciclone33c","status":"publish","type":"product","link":"https:\/\/fiatmachinery.com\/it\/producto\/ciclone33c\/","title":{"rendered":"MOTOBOMBA A GASOLINA CENTRIFUGA CICLONE33C"},"content":{"rendered":"<p>Motobombas a gasolina CICLONE33CC con cabeza de fierro de 3&#8243; de succi\u00f3n por 3&#8243; de descarga, son la opci\u00f3n perfecta para situaciones donde se necesite un rendimiento de alta presi\u00f3n, ya que suministran un poderoso caudal de agua. Cuentan con alerta de aceite, consumo eficiente de combustible, y son \u00fatiles en sistemas de riego especializados, agricultura y ganader\u00eda.<\/p>\n","protected":false},"excerpt":{"rendered":"<p><strong><span style=\"color: #a2014c\"><img loading=\"lazy\" decoding=\"async\" class=\"alignnone size-full wp-image-4638\" src=\"https:\/\/fiatmachinery.com\/wp-content\/uploads\/2022\/05\/Bandera-fiat-3.png\" alt=\"\" width=\"40\" height=\"31\" \/> Fiat Professional &#8211; CICLONE33C<\/span><\/strong><\/p>\n<p>Motobombas a gasolina CICLONE33CC con cabeza de fierro de 3&#8243; de succi\u00f3n por 3&#8243; de descarga, son la opci\u00f3n perfecta para situaciones donde se necesite un rendimiento de alta presi\u00f3n, ya que suministran un poderoso caudal de agua. Cuentan con alerta de aceite, consumo eficiente de combustible, y son \u00fatiles en sistemas de riego especializados, agricultura y ganader\u00eda.<\/p>\n<p><b>Caracter\u00edsticas<\/b><strong>:<\/strong><\/p>\n<ul>\n<li>Motor: Capo 140<\/li>\n<li>Combustible: Gasolina<\/li>\n<li>HP: 14<\/li>\n<li>Succi\u00f3n: 3<\/li>\n<li>Descarga: 3<\/li>\n<li>LPM: 1,000 Lts<\/li>\n<li>Altura: 72 M<\/li>\n<li>Peso: 38 Kg<\/li>\n<li>Empaque: 51 x 48 x 51 cm<\/li>\n<\/ul>\n<div class=\"materialficha\">\n<h3>DESCARGA MATERIAL DIGITAL<\/h3>\n<\/div>\n<div class=\"materialbtn\"><a class=\"myButton\" href=\"https:\/\/drive.google.com\/file\/d\/18yIMC02YWiEfDVvrrAJiziC2Qig8yPaK\/view?usp=sharing\">FICHA<br \/>\nTECNICA<\/a><br \/>\n<a class=\"myButton\" href=\"https:\/\/drive.google.com\/file\/d\/1XqolAKAEfAJJG1Og88q4ei49I85P3Idc\/view?usp=sharing\">MANUAL DE<br \/>\nUSUARIO<\/a><\/div>\n","protected":false},"featured_media":5168,"template":"","meta":[],"product_cat":[57,170,251],"product_tag":[1017,887,890],"class_list":{"0":"post-4488","1":"product","2":"type-product","3":"status-publish","4":"has-post-thumbnail","6":"product_cat-motobombas","7":"product_cat-gasolina-motobombas","8":"product_cat-centrifugas-gasolina-motobombas","9":"product_tag-centrifugas","10":"product_tag-gasolina","11":"product_tag-motobombas","13":"first","14":"instock","15":"product-type-simple"},"_links":{"self":[{"href":"https:\/\/fiatmachinery.com\/it\/wp-json\/wp\/v2\/product\/4488"}],"collection":[{"href":"https:\/\/fiatmachinery.com\/it\/wp-json\/wp\/v2\/product"}],"about":[{"href":"https:\/\/fiatmachinery.com\/it\/wp-json\/wp\/v2\/types\/product"}],"wp:featuredmedia":[{"embeddable":true,"href":"https:\/\/fiatmachinery.com\/it\/wp-json\/wp\/v2\/media\/5168"}],"wp:attachment":[{"href":"https:\/\/fiatmachinery.com\/it\/wp-json\/wp\/v2\/media?parent=4488"}],"wp:term":[{"taxonomy":"product_cat","embeddable":true,"href":"https:\/\/fiatmachinery.com\/it\/wp-json\/wp\/v2\/product_cat?post=4488"},{"taxonomy":"product_tag","embeddable":true,"href":"https:\/\/fiatmachinery.com\/it\/wp-json\/wp\/v2\/product_tag?post=4488"}],"curies":[{"name":"wp","href":"https:\/\/api.w.org\/{rel}","templated":true}]}}