{"id":4491,"date":"2022-05-16T21:55:10","date_gmt":"2022-05-17T02:55:10","guid":{"rendered":"https:\/\/prodottidiforza.com\/product\/saltarina\/"},"modified":"2024-05-07T17:24:25","modified_gmt":"2024-05-07T23:24:25","slug":"saltarina","status":"publish","type":"product","link":"https:\/\/fiatmachinery.com\/it\/producto\/saltarina\/","title":{"rendered":"APISONADORA SALTARINA"},"content":{"rendered":"<p>SALTARINA nunca antes el equilibrio y poder de los golpes de compactaci\u00f3n se hab\u00edan juntado con la perfecci\u00f3n de su dise\u00f1o y comodidad para el trabajo:<br \/>\n!Ten\u00eda que ser Italiana! Con triple filtro de aire y su dise\u00f1o balanceado, permite concentrar todo el poder de compactaci\u00f3n con gran precisi\u00f3n.<\/p>\n","protected":false},"excerpt":{"rendered":"<p><strong><span style=\"color: #a2014c\"><img loading=\"lazy\" decoding=\"async\" class=\"alignnone size-full wp-image-4638\" src=\"https:\/\/fiatmachinery.com\/wp-content\/uploads\/2022\/05\/Bandera-fiat-3.png\" alt=\"\" width=\"40\" height=\"31\" \/> Fiat Professional &#8211; SALTARINA<\/span><\/strong><\/p>\n<p>SALTARINA nunca antes el equilibrio y poder de los golpes de compactaci\u00f3n se hab\u00edan juntado con la perfecci\u00f3n de su dise\u00f1o y comodidad para el trabajo:<br \/>\n!Ten\u00eda que ser Italiana! Con triple filtro de aire y su dise\u00f1o balanceado, permite concentrar todo el poder de compactaci\u00f3n con gran precisi\u00f3n.<\/p>\n<p><b>Caracter\u00edsticas<\/b><strong>:<\/strong><\/p>\n<ul>\n<li>MOTOR: FIAT PROFESSIONAL A 4 TIEMPOS;<\/li>\n<li>HP: 4 HP;<\/li>\n<li>IMPACTO POR MINUTO: 640 a 680 ipm<\/li>\n<li>ZAPATA: 33 X 29 cm<\/li>\n<li>ALTURA DE SALTO: 85 mm<\/li>\n<li>FUERZA DE IMPACTO: 1,400 Kg<\/li>\n<li>RANGO DE AVANCE: 10 A 14 m\/min<\/li>\n<li>EMPAQUE: 100 x 36 x 79 cm<\/li>\n<li>PESO: 73 Kg<\/li>\n<\/ul>\n<div class=\"materialficha\">\n<h3>DESCARGA MATERIAL DIGITAL<\/h3>\n<\/div>\n<div class=\"materialbtn\"><a class=\"myButton\" href=\"https:\/\/drive.google.com\/file\/d\/1wJhfjeEElwuASRcg2dUdaMChlYcc8pM7\/view?usp=sharing\">FICHA<br \/>\nTECNICA<\/a><br \/>\n<a class=\"myButton\" href=\"https:\/\/drive.google.com\/file\/d\/1lZBXz_Awi5I2iSZ1DwEa9ygDO_4g032Q\/view?usp=sharing\">MANUAL DE<br \/>\nUSUARIO<\/a><\/div>\n","protected":false},"featured_media":11749,"template":"","meta":[],"product_cat":[64,1095,263],"product_tag":[971,972,880,874],"class_list":{"0":"post-4491","1":"product","2":"type-product","3":"status-publish","4":"has-post-thumbnail","6":"product_cat-construccion-y-generadores","7":"product_cat-equipos_de_compactacion","8":"product_cat-apisonadoras","9":"product_tag-apisonadoras","10":"product_tag-bailarinas","11":"product_tag-compactacion","12":"product_tag-construccion","14":"first","15":"instock","16":"product-type-simple"},"_links":{"self":[{"href":"https:\/\/fiatmachinery.com\/it\/wp-json\/wp\/v2\/product\/4491"}],"collection":[{"href":"https:\/\/fiatmachinery.com\/it\/wp-json\/wp\/v2\/product"}],"about":[{"href":"https:\/\/fiatmachinery.com\/it\/wp-json\/wp\/v2\/types\/product"}],"wp:featuredmedia":[{"embeddable":true,"href":"https:\/\/fiatmachinery.com\/it\/wp-json\/wp\/v2\/media\/11749"}],"wp:attachment":[{"href":"https:\/\/fiatmachinery.com\/it\/wp-json\/wp\/v2\/media?parent=4491"}],"wp:term":[{"taxonomy":"product_cat","embeddable":true,"href":"https:\/\/fiatmachinery.com\/it\/wp-json\/wp\/v2\/product_cat?post=4491"},{"taxonomy":"product_tag","embeddable":true,"href":"https:\/\/fiatmachinery.com\/it\/wp-json\/wp\/v2\/product_tag?post=4491"}],"curies":[{"name":"wp","href":"https:\/\/api.w.org\/{rel}","templated":true}]}}