{"id":4496,"date":"2022-05-16T21:55:10","date_gmt":"2022-05-17T02:55:10","guid":{"rendered":"https:\/\/prodottidiforza.com\/product\/fiorentina\/"},"modified":"2023-11-15T11:21:50","modified_gmt":"2023-11-15T17:21:50","slug":"fiorentina","status":"publish","type":"product","link":"https:\/\/fiatmachinery.com\/it\/producto\/fiorentina\/","title":{"rendered":"ASPERSORA MANUAL FIORENTINA"},"content":{"rendered":"<p>Las aspersoras manuales FIORENTINA cuentan con un sistema de bombeo con pist\u00f3n de acero inoxidable, que las hace resistentes, pr\u00e1cticas y seguras. Ideales para utilizar en invernaderos, ganader\u00eda, agricultura y control de plagas.<\/p>\n","protected":false},"excerpt":{"rendered":"<p><strong><span style=\"color: #a2014c\"><img loading=\"lazy\" decoding=\"async\" class=\"alignnone size-full wp-image-4638\" src=\"https:\/\/fiatmachinery.com\/wp-content\/uploads\/2022\/05\/Bandera-fiat-3.png\" alt=\"\" width=\"40\" height=\"31\" \/> Fiat Professional &#8211; FIORENTINA<\/span><\/strong><\/p>\n<p>Aspersora manual FIORENTINA con tanque de 20lts<\/p>\n<p><strong>Caracter\u00edsticas:<\/strong><\/p>\n<ul>\n<li>Capacidad de tanque: 20 Lts<\/li>\n<li>Pist\u00f3n: Acero Inoxidable<\/li>\n<li>Presi\u00f3n: 43 PSI<\/li>\n<li>Empaque: 38 x 20 x 53.5 cm<\/li>\n<li>Peso: 2.8 Kg\n<div class=\"materialficha\">\n<h3><\/h3>\n<h3>DESCARGA MATERIAL DIGITAL<\/h3>\n<\/div>\n<div class=\"materialbtn\"><a class=\"myButton\" href=\"https:\/\/drive.google.com\/file\/d\/1vB6FVBprMW4u6rcLDTmZirWfZEcIyDOl\/view?usp=sharing\">FICHA<br \/>\nTECNICA<\/a><br \/>\n<a class=\"myButton\" href=\"https:\/\/drive.google.com\/file\/d\/1nrasy5qBVE18jCfRJs1G6ybLEIzLScw0\/view?usp=sharing\">MANUAL DE<br \/>\nUSUARIO<\/a><br \/>\n<a class=\"myButton\" href=\"https:\/\/drive.google.com\/file\/d\/1Pitrln48m-bIQrx7LdtKCsXQ8zl4D8Cu\/view?usp=sharing\">MANUAL DE<br \/>\nDESPIECE<\/a><\/div>\n<\/li>\n<\/ul>\n","protected":false},"featured_media":10001,"template":"","meta":[],"product_cat":[70,194,287],"product_tag":[],"class_list":{"0":"post-4496","1":"product","2":"type-product","3":"status-publish","4":"has-post-thumbnail","6":"product_cat-forestal-jardineria-aspersion","7":"product_cat-aspersoras-manuales","8":"product_cat-para-liquidos","10":"first","11":"instock","12":"product-type-simple"},"_links":{"self":[{"href":"https:\/\/fiatmachinery.com\/it\/wp-json\/wp\/v2\/product\/4496"}],"collection":[{"href":"https:\/\/fiatmachinery.com\/it\/wp-json\/wp\/v2\/product"}],"about":[{"href":"https:\/\/fiatmachinery.com\/it\/wp-json\/wp\/v2\/types\/product"}],"wp:featuredmedia":[{"embeddable":true,"href":"https:\/\/fiatmachinery.com\/it\/wp-json\/wp\/v2\/media\/10001"}],"wp:attachment":[{"href":"https:\/\/fiatmachinery.com\/it\/wp-json\/wp\/v2\/media?parent=4496"}],"wp:term":[{"taxonomy":"product_cat","embeddable":true,"href":"https:\/\/fiatmachinery.com\/it\/wp-json\/wp\/v2\/product_cat?post=4496"},{"taxonomy":"product_tag","embeddable":true,"href":"https:\/\/fiatmachinery.com\/it\/wp-json\/wp\/v2\/product_tag?post=4496"}],"curies":[{"name":"wp","href":"https:\/\/api.w.org\/{rel}","templated":true}]}}