{"id":4497,"date":"2022-05-16T21:55:10","date_gmt":"2022-05-17T02:55:10","guid":{"rendered":"https:\/\/prodottidiforza.com\/product\/napoli27\/"},"modified":"2024-05-07T17:43:27","modified_gmt":"2024-05-07T23:43:27","slug":"napoli27","status":"publish","type":"product","link":"https:\/\/fiatmachinery.com\/it\/producto\/napoli27\/","title":{"rendered":"ASPERSORA PARA L\u00cdQUIDOS 2T NAPOLI27"},"content":{"rendered":"<p>Aspersoras NAPOLI, !Ten\u00edan que ser Italianas! La robustez de cada uno de sus componentes van de la mano con la perfecci\u00f3n de su dise\u00f1o. Bomba de alta precisi\u00f3n y cuerpo de bronce. Capaces de resistir a cualquier qu\u00edmico por agresivo que este sea.<\/p>\n","protected":false},"excerpt":{"rendered":"<p><strong><span style=\"color: #a2014c\"><img loading=\"lazy\" decoding=\"async\" class=\"alignnone size-full wp-image-4638\" src=\"https:\/\/fiatmachinery.com\/wp-content\/uploads\/2022\/05\/Bandera-fiat-3.png\" alt=\"\" width=\"40\" height=\"31\" \/> Fiat Professional &#8211; NAPOLI27<\/span><\/strong><\/p>\n<p>Aspersora de l\u00edquidos NAPOLI27 de 25lts con motor de 1 hp a 2 tiempos<\/p>\n<p><b>Caracter\u00edsticas<\/b><strong>:<\/strong><\/p>\n<ul>\n<li>Motor: 2 tiempos<\/li>\n<li>HP: 1<\/li>\n<li>Cilindrada: 27 cc<\/li>\n<li>Presi\u00f3n: 217 &#8211; 362 psi<\/li>\n<li>Litros por minuto: 8<\/li>\n<li>Capacidad de tanque: 25 lts<\/li>\n<li>Empaque: 47 x 34 x 65 cm<\/li>\n<li>Peso: 11.6 Kg<\/li>\n<\/ul>\n<div class=\"materialficha\">\n<h3>DESCARGA MATERIAL DIGITAL<\/h3>\n<\/div>\n<div class=\"materialbtn\"><a class=\"myButton\" href=\"https:\/\/drive.google.com\/file\/d\/12t1GrvuPsKQk7dJmgpYdpt3YwzZFr_3_\/view?usp=sharing\">FICHA<br \/>\nTECNICA<\/a><\/div>\n","protected":false},"featured_media":11848,"template":"","meta":[],"product_cat":[70,195,289],"product_tag":[932,933,931,982,979],"class_list":{"0":"post-4497","1":"product","2":"type-product","3":"status-publish","4":"has-post-thumbnail","6":"product_cat-forestal-jardineria-aspersion","7":"product_cat-aspersoras-de-motor","8":"product_cat-para-liquidos-aspersoras-de-motor","9":"product_tag-2-tiempos","10":"product_tag-aspersion","11":"product_tag-fumigadora","12":"product_tag-hortalizas","13":"product_tag-jardineria","15":"first","16":"instock","17":"product-type-simple"},"_links":{"self":[{"href":"https:\/\/fiatmachinery.com\/it\/wp-json\/wp\/v2\/product\/4497"}],"collection":[{"href":"https:\/\/fiatmachinery.com\/it\/wp-json\/wp\/v2\/product"}],"about":[{"href":"https:\/\/fiatmachinery.com\/it\/wp-json\/wp\/v2\/types\/product"}],"wp:featuredmedia":[{"embeddable":true,"href":"https:\/\/fiatmachinery.com\/it\/wp-json\/wp\/v2\/media\/11848"}],"wp:attachment":[{"href":"https:\/\/fiatmachinery.com\/it\/wp-json\/wp\/v2\/media?parent=4497"}],"wp:term":[{"taxonomy":"product_cat","embeddable":true,"href":"https:\/\/fiatmachinery.com\/it\/wp-json\/wp\/v2\/product_cat?post=4497"},{"taxonomy":"product_tag","embeddable":true,"href":"https:\/\/fiatmachinery.com\/it\/wp-json\/wp\/v2\/product_tag?post=4497"}],"curies":[{"name":"wp","href":"https:\/\/api.w.org\/{rel}","templated":true}]}}