{"id":4504,"date":"2022-05-16T21:55:10","date_gmt":"2022-05-17T02:55:10","guid":{"rendered":"https:\/\/prodottidiforza.com\/product\/sicilia\/"},"modified":"2024-05-22T15:02:06","modified_gmt":"2024-05-22T21:02:06","slug":"sicilia","status":"publish","type":"product","link":"https:\/\/fiatmachinery.com\/it\/producto\/sicilia\/","title":{"rendered":"PARIHUELA A PISTONES SICILIA"},"content":{"rendered":"<p>La aspersora de pistones cer\u00e1micos SICILIA o &#8220;parihuela&#8221;, permite una aspersi\u00f3n uniforme y extensa. Cuenta con pistones cer\u00e1micos y cuerpo de acero, lo que la hace muy duradera y resistente a los qu\u00edmicos.<br \/>\nIncluye mangueras de succi\u00f3n y de retorno, filtro, lanza y coladera.<\/p>\n","protected":false},"excerpt":{"rendered":"<p><strong><span style=\"color: #a2014c\"><img loading=\"lazy\" decoding=\"async\" class=\"alignnone size-full wp-image-4638\" src=\"https:\/\/fiatmachinery.com\/wp-content\/uploads\/2022\/05\/Bandera-fiat-3.png\" alt=\"\" width=\"40\" height=\"31\" \/> Fiat Professional &#8211; SICILIA<br \/>\n<\/span><\/strong><\/p>\n<p>La aspersora de pistones cer\u00e1micos SICILIA o &#8220;parihuela&#8221;, permite una aspersi\u00f3n uniforme y extensa. Cuenta con pistones cer\u00e1micos y cuerpo de acero, lo que la hace muy duradera y resistente a los qu\u00edmicos.<br \/>\nIncluye mangueras de succi\u00f3n y de retorno, filtro, lanza y coladera.<\/p>\n<p><b>Caracter\u00edsticas<\/b><strong>:<\/strong><\/p>\n<ul>\n<li>MOTOR: CAPO 70;<\/li>\n<li>HP: 7 HP;<\/li>\n<li>MANGUERA: 50 m;<\/li>\n<li>PRESI\u00d3N: 10 &#8211; 40 BAR;<\/li>\n<li>PER\u00cdMETRO DE ASPERSI\u00d3N: 15 &#8211; 18 mts.;<\/li>\n<li>EMPAQUE: 75 x 38 x 42 cm;<\/li>\n<li>PESO: 45 Kg;<\/li>\n<\/ul>\n<div class=\"materialficha\">\n<h3>DESCARGA MATERIAL DIGITAL<\/h3>\n<\/div>\n<div class=\"materialbtn\"><a class=\"myButton\" href=\"https:\/\/drive.google.com\/file\/d\/1D5M1QtGZPOsueWyxguMtuNXv7CQyoGvc\/view?usp=sharing\">FICHA<br \/>\nTECNICA<\/a><br \/>\n<a class=\"myButton\" href=\"https:\/\/drive.google.com\/file\/d\/1WQRozzcE52-p1-CukglK8Xhc-C_XXftz\/view?usp=sharing\">MANUAL DE<br \/>\nUSUARIO<\/a><\/div>\n","protected":false},"featured_media":4220,"template":"","meta":[],"product_cat":[70,208,304],"product_tag":[1005,994,935,979,1003,1004],"class_list":{"0":"post-4504","1":"product","2":"type-product","3":"status-publish","4":"has-post-thumbnail","6":"product_cat-forestal-jardineria-aspersion","7":"product_cat-parihuelas-bombas-para-fumigar","8":"product_cat-de-pistones","9":"product_tag-bomba-para-fumigar","10":"product_tag-forestal","11":"product_tag-fumigacion","12":"product_tag-jardineria","13":"product_tag-parihuela","14":"product_tag-pistones","16":"first","17":"instock","18":"product-type-simple"},"_links":{"self":[{"href":"https:\/\/fiatmachinery.com\/it\/wp-json\/wp\/v2\/product\/4504"}],"collection":[{"href":"https:\/\/fiatmachinery.com\/it\/wp-json\/wp\/v2\/product"}],"about":[{"href":"https:\/\/fiatmachinery.com\/it\/wp-json\/wp\/v2\/types\/product"}],"wp:featuredmedia":[{"embeddable":true,"href":"https:\/\/fiatmachinery.com\/it\/wp-json\/wp\/v2\/media\/4220"}],"wp:attachment":[{"href":"https:\/\/fiatmachinery.com\/it\/wp-json\/wp\/v2\/media?parent=4504"}],"wp:term":[{"taxonomy":"product_cat","embeddable":true,"href":"https:\/\/fiatmachinery.com\/it\/wp-json\/wp\/v2\/product_cat?post=4504"},{"taxonomy":"product_tag","embeddable":true,"href":"https:\/\/fiatmachinery.com\/it\/wp-json\/wp\/v2\/product_tag?post=4504"}],"curies":[{"name":"wp","href":"https:\/\/api.w.org\/{rel}","templated":true}]}}