{"id":5158,"date":"2022-05-26T14:29:34","date_gmt":"2022-05-26T19:29:34","guid":{"rendered":"https:\/\/prodottidiforza.com\/?post_type=product&#038;p=5158"},"modified":"2024-05-22T12:39:56","modified_gmt":"2024-05-22T18:39:56","slug":"capo140","status":"publish","type":"product","link":"https:\/\/fiatmachinery.com\/it\/producto\/capo140\/","title":{"rendered":"MOTOR A GASOLINA CAPO140"},"content":{"rendered":"<p>Nuestros motores a gasolina CAPO ofrecen un encendido f\u00e1cil, funcionamiento m\u00e1s silencioso y tecnolog\u00eda OHV. Contienen un filtro de cartucho con pre filtro contra los residuos en el aire que entran al motor, y alerta de aceite.<\/p>\n","protected":false},"excerpt":{"rendered":"<p><strong><span style=\"color: #a2014c\"><img loading=\"lazy\" decoding=\"async\" class=\"alignnone size-full wp-image-4638\" src=\"https:\/\/fiatmachinery.com\/wp-content\/uploads\/2022\/05\/Bandera-fiat-3.png\" alt=\"\" width=\"40\" height=\"31\" \/> Fiat Professional &#8211; CAPO140<\/span><\/strong><\/p>\n<p>Motor a gasolina 14hp de 4 tiempos uso general<\/p>\n<p><strong>Caracter\u00edsticas:<\/strong><\/p>\n<ul>\n<li>Tipo de motor: Gasolina uso general;<\/li>\n<li>Potencia: 14HP;<\/li>\n<li>Cilindrada: 400CC;<\/li>\n<li>Sist. encendido: Manual Retr\u00e1ctil;<\/li>\n<li>Potencia Continua: 14HP;<\/li>\n<li>Empaque: 49 x 51 x 42 cm;<\/li>\n<li>Peso: 28 Kg<\/li>\n<\/ul>\n<div class=\"materialficha\">\n<h3>DESCARGA MATERIAL DIGITAL<\/h3>\n<\/div>\n<div class=\"materialbtn\"><a class=\"myButton\" href=\"https:\/\/drive.google.com\/file\/d\/16WZvjwfIltvM6okXeq4-pXtYU6n9IcKq\/view?usp=sharing\">FICHA<br \/>\nTECNICA<\/a><br \/>\n<a class=\"myButton\" href=\"https:\/\/drive.google.com\/file\/d\/1qhQbC0RKL_oYi6SlEoa3QdAwcUlxjQ-D\/view?usp=sharing\">MANUAL DE<br \/>\nUSUARIO<\/a><\/div>\n","protected":false},"featured_media":11014,"template":"","meta":[],"product_cat":[49,166],"product_tag":[],"class_list":{"0":"post-5158","1":"product","2":"type-product","3":"status-publish","4":"has-post-thumbnail","6":"product_cat-motores","7":"product_cat-gasolina","9":"first","10":"instock","11":"shipping-taxable","12":"product-type-simple"},"_links":{"self":[{"href":"https:\/\/fiatmachinery.com\/it\/wp-json\/wp\/v2\/product\/5158"}],"collection":[{"href":"https:\/\/fiatmachinery.com\/it\/wp-json\/wp\/v2\/product"}],"about":[{"href":"https:\/\/fiatmachinery.com\/it\/wp-json\/wp\/v2\/types\/product"}],"wp:featuredmedia":[{"embeddable":true,"href":"https:\/\/fiatmachinery.com\/it\/wp-json\/wp\/v2\/media\/11014"}],"wp:attachment":[{"href":"https:\/\/fiatmachinery.com\/it\/wp-json\/wp\/v2\/media?parent=5158"}],"wp:term":[{"taxonomy":"product_cat","embeddable":true,"href":"https:\/\/fiatmachinery.com\/it\/wp-json\/wp\/v2\/product_cat?post=5158"},{"taxonomy":"product_tag","embeddable":true,"href":"https:\/\/fiatmachinery.com\/it\/wp-json\/wp\/v2\/product_tag?post=5158"}],"curies":[{"name":"wp","href":"https:\/\/api.w.org\/{rel}","templated":true}]}}