{"id":5190,"date":"2022-05-26T21:32:41","date_gmt":"2022-05-27T02:32:41","guid":{"rendered":"https:\/\/prodottidiforza.com\/?post_type=product&#038;p=5190"},"modified":"2024-05-22T14:55:53","modified_gmt":"2024-05-22T20:55:53","slug":"verona-2","status":"publish","type":"product","link":"https:\/\/fiatmachinery.com\/it\/producto\/verona-2\/","title":{"rendered":"A BATER\u00cdA ASPERSORA VERONA"},"content":{"rendered":"<p>La aspersora a bater\u00eda VERONA con tanque de 20 litros, por su potente bater\u00eda de litio cuenta con una duraci\u00f3n de carga de 8 horas continuas. Ideales para fumigar hospitales, jardines y todo tipo de \u00e1reas verdes.<\/p>\n","protected":false},"excerpt":{"rendered":"<p><strong><span style=\"color: #a2014c\"><img loading=\"lazy\" decoding=\"async\" class=\"alignnone size-full wp-image-4638\" src=\"https:\/\/fiatmachinery.com\/wp-content\/uploads\/2022\/05\/Bandera-fiat-3.png\" alt=\"\" width=\"40\" height=\"31\" \/> Fiat Professional &#8211; VERONA<\/span><\/strong><\/p>\n<p>Aspersora a bater\u00eda VERONA con tanque de 20lts<\/p>\n<p><b>Caracter\u00edsticas<\/b><strong>:<\/strong><\/p>\n<ul>\n<li>Motor: El\u00e9ctrico<\/li>\n<li>Bater\u00eda: Litio<\/li>\n<li>Capacidad de tanque: 20 Lts<\/li>\n<li>Presi\u00f3n: 29 &#8211; 58 PSI<\/li>\n<li>Incluye boquillas<\/li>\n<li>Empaque: 38 x 27 x 56 cm<\/li>\n<li>Peso: 8 Kg<\/li>\n<\/ul>\n<div class=\"materialficha\">\n<h3>DESCARGA MATERIAL DIGITAL<\/h3>\n<\/div>\n<div class=\"materialbtn\"><a class=\"myButton\" href=\"https:\/\/drive.google.com\/file\/d\/1D2vitqCfvIzAEGm2zYWs4IiPDYxvy-0p\/view?usp=sharing\">FICHA<br \/>\nTECNICA<\/a><br \/>\n<a class=\"myButton\" href=\"https:\/\/drive.google.com\/file\/d\/1B0aElZCmAagUtGwpcI8uZSPvHUZo7jiH\/view?usp=sharing\">MANUAL DE<br \/>\nUSUARIO<\/a><\/div>\n","protected":false},"featured_media":5191,"template":"","meta":[],"product_cat":[70,193,280],"product_tag":[976,933,935,977],"class_list":{"0":"post-5190","1":"product","2":"type-product","3":"status-publish","4":"has-post-thumbnail","6":"product_cat-forestal-jardineria-aspersion","7":"product_cat-equipos-a-bateria","8":"product_cat-aspersoras","9":"product_tag-a-bateria","10":"product_tag-aspersion","11":"product_tag-fumigacion","12":"product_tag-portatil","14":"first","15":"instock","16":"shipping-taxable","17":"product-type-simple"},"_links":{"self":[{"href":"https:\/\/fiatmachinery.com\/it\/wp-json\/wp\/v2\/product\/5190"}],"collection":[{"href":"https:\/\/fiatmachinery.com\/it\/wp-json\/wp\/v2\/product"}],"about":[{"href":"https:\/\/fiatmachinery.com\/it\/wp-json\/wp\/v2\/types\/product"}],"wp:featuredmedia":[{"embeddable":true,"href":"https:\/\/fiatmachinery.com\/it\/wp-json\/wp\/v2\/media\/5191"}],"wp:attachment":[{"href":"https:\/\/fiatmachinery.com\/it\/wp-json\/wp\/v2\/media?parent=5190"}],"wp:term":[{"taxonomy":"product_cat","embeddable":true,"href":"https:\/\/fiatmachinery.com\/it\/wp-json\/wp\/v2\/product_cat?post=5190"},{"taxonomy":"product_tag","embeddable":true,"href":"https:\/\/fiatmachinery.com\/it\/wp-json\/wp\/v2\/product_tag?post=5190"}],"curies":[{"name":"wp","href":"https:\/\/api.w.org\/{rel}","templated":true}]}}