{"id":6849,"date":"2022-06-14T13:15:34","date_gmt":"2022-06-14T18:15:34","guid":{"rendered":"https:\/\/prodottidiforza.com\/?post_type=product&#038;p=6849"},"modified":"2022-08-11T17:55:12","modified_gmt":"2022-08-11T22:55:12","slug":"tremulod","status":"publish","type":"product","link":"https:\/\/fiatmachinery.com\/it\/producto\/tremulod\/","title":{"rendered":"VIBRADOR A DI\u00c9SEL TREMULOD"},"content":{"rendered":"<p style=\"text-align: left\">El vibrador para concreto TREMULOD con motor a Di\u00e9sel de uso profesional, es un equipo con altas especificaciones t\u00e9cnicas y de fabricaci\u00f3n, ideal para diferentes aplicaciones como lozas, columnas, muros, cimientos, entre muchos otros usos.<\/p>\n","protected":false},"excerpt":{"rendered":"<p><strong><span style=\"color: #a2014c\"><img loading=\"lazy\" decoding=\"async\" class=\"alignnone size-full wp-image-4638\" src=\"https:\/\/fiatmachinery.com\/wp-content\/uploads\/2022\/05\/Bandera-fiat-3.png\" alt=\"\" width=\"40\" height=\"31\" \/><\/span><span style=\"color: #993366\">Fiat Professional &#8211; TREMULOD<\/span><\/strong><\/p>\n<p>El vibrador para concreto TREMULOD con motor a Di\u00e9sel de uso profesional, es un equipo con altas especificaciones t\u00e9cnicas y de fabricaci\u00f3n, ideal para diferentes aplicaciones como lozas, columnas, muros, cimientos, entre muchos otros usos.<\/p>\n<p><b>Caracter\u00edsticas<\/b><strong>:<\/strong><\/p>\n<ul>\n<li>MOTOR: DICAPO 100;<\/li>\n<li>Diesel<\/li>\n<li>HP: 10 HP;<\/li>\n<li>CHICOTE: 6 m;<\/li>\n<li>CABEZAL: 38 mm;<\/li>\n<\/ul>\n","protected":false},"featured_media":8653,"template":"","meta":[],"product_cat":[64,1096,178,268],"product_tag":[878,874,885,974],"class_list":{"0":"post-6849","1":"product","2":"type-product","3":"status-publish","4":"has-post-thumbnail","6":"product_cat-construccion-y-generadores","7":"product_cat-equipos_para_concreto","8":"product_cat-vibradores","9":"product_cat-diesel-vibradores","10":"product_tag-concreto","11":"product_tag-construccion","12":"product_tag-diesel","13":"product_tag-vibrador-de-concreto","15":"first","16":"instock","17":"shipping-taxable","18":"product-type-simple"},"_links":{"self":[{"href":"https:\/\/fiatmachinery.com\/it\/wp-json\/wp\/v2\/product\/6849"}],"collection":[{"href":"https:\/\/fiatmachinery.com\/it\/wp-json\/wp\/v2\/product"}],"about":[{"href":"https:\/\/fiatmachinery.com\/it\/wp-json\/wp\/v2\/types\/product"}],"wp:featuredmedia":[{"embeddable":true,"href":"https:\/\/fiatmachinery.com\/it\/wp-json\/wp\/v2\/media\/8653"}],"wp:attachment":[{"href":"https:\/\/fiatmachinery.com\/it\/wp-json\/wp\/v2\/media?parent=6849"}],"wp:term":[{"taxonomy":"product_cat","embeddable":true,"href":"https:\/\/fiatmachinery.com\/it\/wp-json\/wp\/v2\/product_cat?post=6849"},{"taxonomy":"product_tag","embeddable":true,"href":"https:\/\/fiatmachinery.com\/it\/wp-json\/wp\/v2\/product_tag?post=6849"}],"curies":[{"name":"wp","href":"https:\/\/api.w.org\/{rel}","templated":true}]}}