{"id":6850,"date":"2022-06-14T13:17:03","date_gmt":"2022-06-14T18:17:03","guid":{"rendered":"https:\/\/prodottidiforza.com\/?post_type=product&#038;p=6850"},"modified":"2022-09-08T16:30:34","modified_gmt":"2022-09-08T21:30:34","slug":"tremuloe","status":"publish","type":"product","link":"https:\/\/fiatmachinery.com\/it\/producto\/tremuloe\/","title":{"rendered":"VIBRADOR EL\u00c9CTRICO TREMULOE"},"content":{"rendered":"<p style=\"text-align: left\">Vibrador el\u00e9ctrico TREMULOE de FIAT Professional elimina las burbujas de aire del concreto fresco. Permite que el concreto se adhiera al acero m\u00e1s f\u00e1cilmente. Cubre todos los espacios de forma homog\u00e9nea.<\/p>\n","protected":false},"excerpt":{"rendered":"<p><strong><span style=\"color: #a2014c\"><img loading=\"lazy\" decoding=\"async\" class=\"alignnone size-full wp-image-4638\" src=\"https:\/\/fiatmachinery.com\/wp-content\/uploads\/2022\/05\/Bandera-fiat-3.png\" alt=\"\" width=\"40\" height=\"31\" \/><\/span><span style=\"color: #993366\">Fiat Professional &#8211; TREMULOE<\/span><\/strong><\/p>\n<p>Vibrador el\u00e9ctrico TREMULOE de FIAT Professional elimina las burbujas de aire del concreto fresco. Permite que el concreto se adhiera al acero m\u00e1s f\u00e1cilmente. Cubre todos los espacios de forma homog\u00e9nea.<\/p>\n<p><b>Caracter\u00edsticas<\/b><strong>:<\/strong><\/p>\n<ul>\n<li>MOTOR 2 HP<\/li>\n<li>VOLTAJE 110V \u00f3 220V<\/li>\n<li>60 HZ<\/li>\n<li>CHICOTE 3 M<\/li>\n<li>TIPO: PORT\u00c1TIL<\/li>\n<li>INCLUYE: CHICOTE 3 M CON CABEZAL DE 39 MM Y BASE<\/li>\n<\/ul>\n<p>&nbsp;<\/p>\n","protected":false},"featured_media":9766,"template":"","meta":[],"product_cat":[64,1096,178,269],"product_tag":[878,874,974],"class_list":{"0":"post-6850","1":"product","2":"type-product","3":"status-publish","4":"has-post-thumbnail","6":"product_cat-construccion-y-generadores","7":"product_cat-equipos_para_concreto","8":"product_cat-vibradores","9":"product_cat-electricos-vibradores","10":"product_tag-concreto","11":"product_tag-construccion","12":"product_tag-vibrador-de-concreto","14":"first","15":"instock","16":"shipping-taxable","17":"product-type-simple"},"_links":{"self":[{"href":"https:\/\/fiatmachinery.com\/it\/wp-json\/wp\/v2\/product\/6850"}],"collection":[{"href":"https:\/\/fiatmachinery.com\/it\/wp-json\/wp\/v2\/product"}],"about":[{"href":"https:\/\/fiatmachinery.com\/it\/wp-json\/wp\/v2\/types\/product"}],"wp:featuredmedia":[{"embeddable":true,"href":"https:\/\/fiatmachinery.com\/it\/wp-json\/wp\/v2\/media\/9766"}],"wp:attachment":[{"href":"https:\/\/fiatmachinery.com\/it\/wp-json\/wp\/v2\/media?parent=6850"}],"wp:term":[{"taxonomy":"product_cat","embeddable":true,"href":"https:\/\/fiatmachinery.com\/it\/wp-json\/wp\/v2\/product_cat?post=6850"},{"taxonomy":"product_tag","embeddable":true,"href":"https:\/\/fiatmachinery.com\/it\/wp-json\/wp\/v2\/product_tag?post=6850"}],"curies":[{"name":"wp","href":"https:\/\/api.w.org\/{rel}","templated":true}]}}