{"id":6864,"date":"2022-06-14T13:48:53","date_gmt":"2022-06-14T18:48:53","guid":{"rendered":"https:\/\/prodottidiforza.com\/?post_type=product&#038;p=6864"},"modified":"2022-09-07T15:59:29","modified_gmt":"2022-09-07T20:59:29","slug":"stella45l","status":"publish","type":"product","link":"https:\/\/fiatmachinery.com\/it\/producto\/stella45l\/","title":{"rendered":"TORRE DE ILUMINACI\u00d3N STELLA45L"},"content":{"rendered":"<p style=\"text-align: left\">Torre de iluminaci\u00f3n para suministro de luz en un \u00e1rea remota, m\u00e1ximo rendimiento y cobertura de luz. Utilizada para sitios de desastre naturales o en obras que no cuenten con suministro el\u00e9ctrico.<\/p>\n","protected":false},"excerpt":{"rendered":"<p><strong><span style=\"color: #a2014c\"><img loading=\"lazy\" decoding=\"async\" class=\"alignnone size-full wp-image-4638\" src=\"https:\/\/fiatmachinery.com\/wp-content\/uploads\/2022\/05\/Bandera-fiat-3.png\" alt=\"\" width=\"40\" height=\"31\" \/><\/span><span style=\"color: #993366\">Fiat Professional &#8211; STELLA45L<\/span><\/strong><\/p>\n<p>Torre de iluminaci\u00f3n con suministro para 4 lamparas de 1000w c\/u LED<\/p>\n<p><b>Caracter\u00edsticas<\/b><strong>:<\/strong><\/p>\n<ul>\n<li>Motor: Fiat<\/li>\n<li>HP: 10<\/li>\n<li>Salida generador: 1,800 w<\/li>\n<li>L\u00e1mparas: 4 x 1,000 w LED<\/li>\n<li>Altura m\u00e1xima: 4.5m<\/li>\n<li>Peso: 221 kg<\/li>\n<\/ul>\n<p>&nbsp;<\/p>\n","protected":false},"featured_media":9644,"template":"","meta":[],"product_cat":[64,1098,183,276],"product_tag":[874,967,968,966],"class_list":{"0":"post-6864","1":"product","2":"type-product","3":"status-publish","4":"has-post-thumbnail","6":"product_cat-construccion-y-generadores","7":"product_cat-equipos_para_iluminacion","8":"product_cat-torres-de-iluminacion","9":"product_cat-luz-led","10":"product_tag-construccion","11":"product_tag-lamparas","12":"product_tag-luz-led","13":"product_tag-torre-de-iluminacion","15":"first","16":"instock","17":"shipping-taxable","18":"product-type-simple"},"_links":{"self":[{"href":"https:\/\/fiatmachinery.com\/it\/wp-json\/wp\/v2\/product\/6864"}],"collection":[{"href":"https:\/\/fiatmachinery.com\/it\/wp-json\/wp\/v2\/product"}],"about":[{"href":"https:\/\/fiatmachinery.com\/it\/wp-json\/wp\/v2\/types\/product"}],"wp:featuredmedia":[{"embeddable":true,"href":"https:\/\/fiatmachinery.com\/it\/wp-json\/wp\/v2\/media\/9644"}],"wp:attachment":[{"href":"https:\/\/fiatmachinery.com\/it\/wp-json\/wp\/v2\/media?parent=6864"}],"wp:term":[{"taxonomy":"product_cat","embeddable":true,"href":"https:\/\/fiatmachinery.com\/it\/wp-json\/wp\/v2\/product_cat?post=6864"},{"taxonomy":"product_tag","embeddable":true,"href":"https:\/\/fiatmachinery.com\/it\/wp-json\/wp\/v2\/product_tag?post=6864"}],"curies":[{"name":"wp","href":"https:\/\/api.w.org\/{rel}","templated":true}]}}