{"id":6867,"date":"2022-06-14T14:01:09","date_gmt":"2022-06-14T19:01:09","guid":{"rendered":"https:\/\/prodottidiforza.com\/?post_type=product&#038;p=6867"},"modified":"2022-08-11T16:49:16","modified_gmt":"2022-08-11T21:49:16","slug":"trompello50","status":"publish","type":"product","link":"https:\/\/fiatmachinery.com\/it\/producto\/trompello50\/","title":{"rendered":"MEZCLADORA 1\/2 SACO TROMPELLO50"},"content":{"rendered":"<p style=\"text-align: left\">La mezcladora TROMPELLO50 es port\u00e1til, dirigida al peque\u00f1o constructor, contratista o arquitecto, de f\u00e1cil acceso para carga y descarga, f\u00e1ciles de limpiar.<\/p>\n","protected":false},"excerpt":{"rendered":"<p><strong><span style=\"color: #a2014c\"><img loading=\"lazy\" decoding=\"async\" class=\"alignnone size-full wp-image-4638\" src=\"https:\/\/fiatmachinery.com\/wp-content\/uploads\/2022\/05\/Bandera-fiat-3.png\" alt=\"\" width=\"40\" height=\"31\" \/>Fiat Professional &#8211; TROMPELLO50<\/span><\/strong><\/p>\n<p>Mezcladora &#8211; Revolvedora de 1\/2 saco con motor a gasolina 2.5 hp<\/p>\n<p><b>Caracter\u00edsticas<\/b><strong>:<\/strong><\/p>\n<ul>\n<li>Motor: gasolina<\/li>\n<li>Potencia: 2 hp<\/li>\n<li>Capacidad: 1\/2 saco (140 L)<\/li>\n<li>Transmisi\u00f3n por baleros<\/li>\n<li>Peso: 62 kg<\/li>\n<\/ul>\n","protected":false},"featured_media":8061,"template":"","meta":[],"product_cat":[64,1096,174,260],"product_tag":[878,874,969,882],"class_list":{"0":"post-6867","1":"product","2":"type-product","3":"status-publish","4":"has-post-thumbnail","6":"product_cat-construccion-y-generadores","7":"product_cat-equipos_para_concreto","8":"product_cat-revolvedoras-mezcladoras","9":"product_cat-para-1-2-bulto","10":"product_tag-concreto","11":"product_tag-construccion","12":"product_tag-mezcladoras","13":"product_tag-revolvedoras","15":"first","16":"instock","17":"shipping-taxable","18":"product-type-simple"},"_links":{"self":[{"href":"https:\/\/fiatmachinery.com\/it\/wp-json\/wp\/v2\/product\/6867"}],"collection":[{"href":"https:\/\/fiatmachinery.com\/it\/wp-json\/wp\/v2\/product"}],"about":[{"href":"https:\/\/fiatmachinery.com\/it\/wp-json\/wp\/v2\/types\/product"}],"wp:featuredmedia":[{"embeddable":true,"href":"https:\/\/fiatmachinery.com\/it\/wp-json\/wp\/v2\/media\/8061"}],"wp:attachment":[{"href":"https:\/\/fiatmachinery.com\/it\/wp-json\/wp\/v2\/media?parent=6867"}],"wp:term":[{"taxonomy":"product_cat","embeddable":true,"href":"https:\/\/fiatmachinery.com\/it\/wp-json\/wp\/v2\/product_cat?post=6867"},{"taxonomy":"product_tag","embeddable":true,"href":"https:\/\/fiatmachinery.com\/it\/wp-json\/wp\/v2\/product_tag?post=6867"}],"curies":[{"name":"wp","href":"https:\/\/api.w.org\/{rel}","templated":true}]}}