{"id":6868,"date":"2022-06-14T14:01:45","date_gmt":"2022-06-14T19:01:45","guid":{"rendered":"https:\/\/prodottidiforza.com\/?post_type=product&#038;p=6868"},"modified":"2022-08-11T16:44:18","modified_gmt":"2022-08-11T21:44:18","slug":"trompello34","status":"publish","type":"product","link":"https:\/\/fiatmachinery.com\/it\/producto\/trompello34\/","title":{"rendered":"MEZCLADORA 1\/2 SACO TROMPELLO34"},"content":{"rendered":"<p style=\"text-align: left\">La mezcladora TROMPELLO34 es port\u00e1til, dirigida al peque\u00f1o constructor, contratista o arquitecto, de f\u00e1cil acceso para carga y descarga, f\u00e1ciles de limpiar.<\/p>\n","protected":false},"excerpt":{"rendered":"<p><strong><span style=\"color: #a2014c\"><img loading=\"lazy\" decoding=\"async\" class=\"alignnone size-full wp-image-4638\" src=\"https:\/\/fiatmachinery.com\/wp-content\/uploads\/2022\/05\/Bandera-fiat-3.png\" alt=\"\" width=\"40\" height=\"31\" \/><\/span><span style=\"color: #993366\">Fiat Professional &#8211; TROMPELLO34<\/span><\/strong><\/p>\n<p>Mezcladora &#8211; Revolvedora de 1\/2 saco con motor el\u00e9ctrico 3\/4hp<\/p>\n<p><b>Caracter\u00edsticas<\/b><strong>:<\/strong><\/p>\n<ul>\n<li>Motor: el\u00e9ctrico<\/li>\n<li>Disponible en: 110v y 220v<\/li>\n<li>Caballaje: 3\/4 Hhp<\/li>\n<li>Capacidad: 1\/2 saco (140 L)<\/li>\n<li>Peso: 58 KG<\/li>\n<\/ul>\n<p>&nbsp;<\/p>\n","protected":false},"featured_media":7428,"template":"","meta":[],"product_cat":[64,174,260],"product_tag":[878,874,969,882],"class_list":{"0":"post-6868","1":"product","2":"type-product","3":"status-publish","4":"has-post-thumbnail","6":"product_cat-construccion-y-generadores","7":"product_cat-revolvedoras-mezcladoras","8":"product_cat-para-1-2-bulto","9":"product_tag-concreto","10":"product_tag-construccion","11":"product_tag-mezcladoras","12":"product_tag-revolvedoras","14":"first","15":"instock","16":"shipping-taxable","17":"product-type-simple"},"_links":{"self":[{"href":"https:\/\/fiatmachinery.com\/it\/wp-json\/wp\/v2\/product\/6868"}],"collection":[{"href":"https:\/\/fiatmachinery.com\/it\/wp-json\/wp\/v2\/product"}],"about":[{"href":"https:\/\/fiatmachinery.com\/it\/wp-json\/wp\/v2\/types\/product"}],"wp:featuredmedia":[{"embeddable":true,"href":"https:\/\/fiatmachinery.com\/it\/wp-json\/wp\/v2\/media\/7428"}],"wp:attachment":[{"href":"https:\/\/fiatmachinery.com\/it\/wp-json\/wp\/v2\/media?parent=6868"}],"wp:term":[{"taxonomy":"product_cat","embeddable":true,"href":"https:\/\/fiatmachinery.com\/it\/wp-json\/wp\/v2\/product_cat?post=6868"},{"taxonomy":"product_tag","embeddable":true,"href":"https:\/\/fiatmachinery.com\/it\/wp-json\/wp\/v2\/product_tag?post=6868"}],"curies":[{"name":"wp","href":"https:\/\/api.w.org\/{rel}","templated":true}]}}