{"id":6874,"date":"2022-06-14T15:03:49","date_gmt":"2022-06-14T20:03:49","guid":{"rendered":"https:\/\/prodottidiforza.com\/?post_type=product&#038;p=6874"},"modified":"2022-07-06T12:55:37","modified_gmt":"2022-07-06T17:55:37","slug":"lombardi45","status":"publish","type":"product","link":"https:\/\/fiatmachinery.com\/it\/producto\/lombardi45\/","title":{"rendered":"MOTOR A DI\u00c9SEL LOMBARDI45"},"content":{"rendered":"<p style=\"text-align: left;\">Los motores DI\u00c9SEL LOMBARDI45 son motores multicilindro enfriados por agua, equipados con un sistema de arranque el\u00e9ctrico a 12V DC, medidores de funcionamiento, radiador y escape. Dotado de flecha de acople que transmite su alto torque a altas revoluciones, que lo posiciona como un motor di\u00e9sel de alto desempe\u00f1o, vers\u00e1til para aplicaciones exigentes. Proporcionan un desempe\u00f1o de hasta 33 KW de potencia a 3000 RPM.<\/p>\n","protected":false},"excerpt":{"rendered":"<p><strong><span style=\"color: #a2014c;\"><img loading=\"lazy\" decoding=\"async\" class=\"alignnone size-full wp-image-4638\" src=\"https:\/\/fiatmachinery.com\/wp-content\/uploads\/2022\/05\/Bandera-fiat-3.png\" alt=\"\" width=\"40\" height=\"31\" \/><\/span><\/strong><strong><span style=\"color: #993366;\">Fiat Professional &#8211; LOMBARDI45<\/span><\/strong><\/p>\n<p>Los motores DI\u00c9SEL LOMBARDI45 son motores multicilindro enfriados por agua, equipados con un sistema de arranque el\u00e9ctrico a 12V DC, medidores de funcionamiento, radiador y escape. Dotado de flecha de acople que transmite su alto torque a altas revoluciones, que lo posiciona como un motor di\u00e9sel de alto desempe\u00f1o, vers\u00e1til para aplicaciones exigentes. Proporcionan un desempe\u00f1o de hasta 33 KW de potencia a 3000 RPM.<\/p>\n<p><b>Caracter\u00edsticas<\/b><strong>:<\/strong><\/p>\n<ul>\n<li>Motor: Fiat<\/li>\n<li>Potencia del Motor: 45 HP<\/li>\n<li>Cilindrada: 1,809 CC<\/li>\n<li>Combustible: Di\u00e9sel<\/li>\n<li>Potencia Continua: 32 KW<\/li>\n<li>Potencia M\u00e1xima: 3 3 KW<\/li>\n<li>Consumo de combustible: 260g (KWxHr) @3000 RPM<\/li>\n<li>Grado de Aceite: SAE 15W40<\/li>\n<li>Dimensiones: 89 x 62 x 72 cm<\/li>\n<li>Peso: 320 Kg<\/li>\n<\/ul>\n<p>&nbsp;<\/p>\n","protected":false},"featured_media":7910,"template":"","meta":[],"product_cat":[49,163,239],"product_tag":[885,888,889,887,883],"class_list":{"0":"post-6874","1":"product","2":"type-product","3":"status-publish","4":"has-post-thumbnail","6":"product_cat-motores","7":"product_cat-diesel","8":"product_cat-enfriado-por-agua","9":"product_tag-diesel","10":"product_tag-electricos","11":"product_tag-fuera-de-borda","12":"product_tag-gasolina","13":"product_tag-motores","15":"first","16":"instock","17":"shipping-taxable","18":"product-type-simple"},"_links":{"self":[{"href":"https:\/\/fiatmachinery.com\/it\/wp-json\/wp\/v2\/product\/6874"}],"collection":[{"href":"https:\/\/fiatmachinery.com\/it\/wp-json\/wp\/v2\/product"}],"about":[{"href":"https:\/\/fiatmachinery.com\/it\/wp-json\/wp\/v2\/types\/product"}],"wp:featuredmedia":[{"embeddable":true,"href":"https:\/\/fiatmachinery.com\/it\/wp-json\/wp\/v2\/media\/7910"}],"wp:attachment":[{"href":"https:\/\/fiatmachinery.com\/it\/wp-json\/wp\/v2\/media?parent=6874"}],"wp:term":[{"taxonomy":"product_cat","embeddable":true,"href":"https:\/\/fiatmachinery.com\/it\/wp-json\/wp\/v2\/product_cat?post=6874"},{"taxonomy":"product_tag","embeddable":true,"href":"https:\/\/fiatmachinery.com\/it\/wp-json\/wp\/v2\/product_tag?post=6874"}],"curies":[{"name":"wp","href":"https:\/\/api.w.org\/{rel}","templated":true}]}}